{"id":2110,"date":"2022-03-30T06:42:25","date_gmt":"2022-03-30T06:42:25","guid":{"rendered":"https:\/\/altincezvegida.com\/product\/soguk-karadut-aromali-toz-icecek-10-litre\/"},"modified":"2022-05-25T12:31:31","modified_gmt":"2022-05-25T12:31:31","slug":"soguk-karadut-aromali-toz-icecek-10-litre","status":"publish","type":"product","link":"https:\/\/altincezvegida.com\/en\/product\/soguk-karadut-aromali-toz-icecek-10-litre\/","title":{"rendered":"Black Mulberry Flavored Cold Powder Drink \u2013 10 Ltr."},"content":{"rendered":"<p><strong>Black Mulberry Flavored Cold Powder Drink \u2013 10 Ltr.<\/strong><\/p>\n<p><strong>10 litre suyla kar\u0131\u015ft\u0131r\u0131lmas\u0131 tavsiye edilmektedir.<\/strong><\/p>\n<p><strong>Tavsiye edilen kullan\u0131m \u015fekli so\u011fuk su iledir.<\/strong><\/p>\n<p><strong>Preparation:\u00a0<\/strong><\/p>\n<p><strong>S\u0131cak i\u00e7mek i\u00e7in;<\/strong><\/p>\n<p>1 \u00e7ay barda\u011f\u0131 s\u0131cak suya 2-3 \u00e7ay ka\u015f\u0131\u011f\u0131 (10gr) Alt\u0131ncezve Karadut aromal\u0131 i\u00e7ecek tozu d\u00f6kerek eriyinceye kadar kar\u0131\u015ft\u0131r\u0131p servis yap\u0131n\u0131z.<\/p>\n<p><strong>So\u011fuk i\u00e7mek i\u00e7in;<\/strong><\/p>\n<p>1 su barda\u011f\u0131 suya 1 \u00e7orba ka\u015f\u0131\u011f\u0131 (25gr) Alt\u0131ncezve Karadut aromal\u0131 i\u00e7ecek tozu d\u00f6kerek eriyinceye kadar kar\u0131\u015ft\u0131r\u0131p servis yap\u0131n\u0131z.<\/p>\n<p><img fetchpriority=\"high\" decoding=\"async\" class=\"alignnone size-medium wp-image-1038\" src=\"https:\/\/altincezvegida.com\/wp-content\/uploads\/2022\/03\/soguk-karadut-bardak-238x300.png\" alt=\"\" width=\"238\" height=\"300\" srcset=\"https:\/\/altincezvegida.com\/wp-content\/uploads\/2022\/03\/soguk-karadut-bardak-238x300.png 238w, https:\/\/altincezvegida.com\/wp-content\/uploads\/2022\/03\/soguk-karadut-bardak-116x146.png 116w, https:\/\/altincezvegida.com\/wp-content\/uploads\/2022\/03\/soguk-karadut-bardak-40x50.png 40w, https:\/\/altincezvegida.com\/wp-content\/uploads\/2022\/03\/soguk-karadut-bardak-60x75.png 60w, https:\/\/altincezvegida.com\/wp-content\/uploads\/2022\/03\/soguk-karadut-bardak.png 288w\" sizes=\"(max-width: 238px) 100vw, 238px\" \/><\/p>\n<p>&nbsp;<\/p>\n<p>Afiyet olsun\u2026<\/p>\n<p>Yap\u0131lmas\u0131 pratik oldu\u011fu i\u00e7in sizi yormaz. E\u015fsiz lezzeti ile a\u011f\u0131zlarda muhte\u015fem bir tat b\u0131rak\u0131r.<\/p>\n<p>ALTINCEZVE Toz \u0130\u00e7ece\u011finizi ister so\u011fuk ister s\u0131cak g\u00fcn\u00fcn her saatinde keyifle yudumlayabilirsiniz.<\/p>\n<p><strong>Ingredients:<\/strong><\/p>\n<p>\u015eeker, Asitlik d\u00fczenleyici (Strik asit E330), Topaklanmay\u0131 \u00f6nleyici (Trikalsiyum fosfat E341), Aroma verici (Karadut), L askorbik asit E300, Renklendirici (Green E142, Karmosine E122)<\/p>\n","protected":false},"excerpt":{"rendered":"<p><img decoding=\"async\" class=\"alignnone wp-image-1038\" src=\"https:\/\/altincezvegida.com\/wp-content\/uploads\/2022\/03\/soguk-karadut-bardak-238x300.png\" alt=\"\" width=\"148\" height=\"187\" srcset=\"https:\/\/altincezvegida.com\/wp-content\/uploads\/2022\/03\/soguk-karadut-bardak-238x300.png 238w, https:\/\/altincezvegida.com\/wp-content\/uploads\/2022\/03\/soguk-karadut-bardak-116x146.png 116w, https:\/\/altincezvegida.com\/wp-content\/uploads\/2022\/03\/soguk-karadut-bardak-40x50.png 40w, https:\/\/altincezvegida.com\/wp-content\/uploads\/2022\/03\/soguk-karadut-bardak-60x75.png 60w, https:\/\/altincezvegida.com\/wp-content\/uploads\/2022\/03\/soguk-karadut-bardak.png 288w\" sizes=\"(max-width: 148px) 100vw, 148px\" \/><\/p>\n<p>&nbsp;<\/p>\n<p><strong>Weight Types:<\/strong> 450 Gram<\/p>\n<p><strong>Pcs Per Box:<\/strong>\u00a020 Pcs<\/p>\n","protected":false},"featured_media":1043,"template":"","meta":[],"product_cat":[71],"product_tag":[],"class_list":{"0":"post-2110","1":"product","2":"type-product","3":"status-publish","4":"has-post-thumbnail","6":"product_cat-soguk-toz-icecekler-en","8":"first","9":"instock","10":"shipping-taxable","11":"product-type-simple"},"_links":{"self":[{"href":"https:\/\/altincezvegida.com\/en\/wp-json\/wp\/v2\/product\/2110","targetHints":{"allow":["GET"]}}],"collection":[{"href":"https:\/\/altincezvegida.com\/en\/wp-json\/wp\/v2\/product"}],"about":[{"href":"https:\/\/altincezvegida.com\/en\/wp-json\/wp\/v2\/types\/product"}],"wp:featuredmedia":[{"embeddable":true,"href":"https:\/\/altincezvegida.com\/en\/wp-json\/wp\/v2\/media\/1043"}],"wp:attachment":[{"href":"https:\/\/altincezvegida.com\/en\/wp-json\/wp\/v2\/media?parent=2110"}],"wp:term":[{"taxonomy":"product_cat","embeddable":true,"href":"https:\/\/altincezvegida.com\/en\/wp-json\/wp\/v2\/product_cat?post=2110"},{"taxonomy":"product_tag","embeddable":true,"href":"https:\/\/altincezvegida.com\/en\/wp-json\/wp\/v2\/product_tag?post=2110"}],"curies":[{"name":"wp","href":"https:\/\/api.w.org\/{rel}","templated":true}]}}