{"id":2108,"date":"2022-03-29T13:45:04","date_gmt":"2022-03-29T13:45:04","guid":{"rendered":"https:\/\/altincezvegida.com\/product\/hup-seftali-15-litre\/"},"modified":"2022-05-25T12:12:56","modified_gmt":"2022-05-25T12:12:56","slug":"hup-seftali-15-litre","status":"publish","type":"product","link":"https:\/\/altincezvegida.com\/en\/product\/hup-seftali-15-litre\/","title":{"rendered":"Hup Peach \u2013 1.5 Liter"},"content":{"rendered":"<p><strong>Hup Peach \u2013 1.5 Liter<\/strong><\/p>\n<p><strong>Tavsiye edilen kullan\u0131m \u015fekli so\u011fuk su iledir.<\/strong><\/p>\n<p><strong>Preparation:<\/strong><\/p>\n<ul>\n<li>Po\u015fetin tamam\u0131n\u0131 bir s\u00fcrahiye bo\u015falt\u0131n\u0131z<\/li>\n<li>\u00dczerine so\u011fuk su ilave ederek 1,5 litreye tamamlay\u0131n\u0131z<\/li>\n<li>Arzuya g\u00f6re buz ilave edip servis yapabilirsiniz<\/li>\n<\/ul>\n<p><img fetchpriority=\"high\" decoding=\"async\" class=\"size-medium wp-image-2107 alignleft\" src=\"https:\/\/altincezvegida.com\/wp-content\/uploads\/2022\/03\/soguk-sefteli-bardak-290x300.png\" alt=\"\" width=\"290\" height=\"300\" srcset=\"https:\/\/altincezvegida.com\/wp-content\/uploads\/2022\/03\/soguk-sefteli-bardak-290x300.png 290w, https:\/\/altincezvegida.com\/wp-content\/uploads\/2022\/03\/soguk-sefteli-bardak-141x146.png 141w, https:\/\/altincezvegida.com\/wp-content\/uploads\/2022\/03\/soguk-sefteli-bardak-48x50.png 48w, https:\/\/altincezvegida.com\/wp-content\/uploads\/2022\/03\/soguk-sefteli-bardak-72x75.png 72w, https:\/\/altincezvegida.com\/wp-content\/uploads\/2022\/03\/soguk-sefteli-bardak.png 483w\" sizes=\"(max-width: 290px) 100vw, 290px\" \/><\/p>\n<p>&nbsp;<\/p>\n<p>&nbsp;<\/p>\n<p>&nbsp;<\/p>\n<p>&nbsp;<\/p>\n<p>&nbsp;<\/p>\n<p>&nbsp;<\/p>\n<p>&nbsp;<\/p>\n<p>&nbsp;<\/p>\n<p>&nbsp;<\/p>\n<p>Afiyet olsun\u2026<\/p>\n<p><strong>Ingredients:<\/strong><\/p>\n<p>Asitlik d\u00fczenleyici (Sitrik asit E330), Topaklanmay\u0131 \u00f6nleyici (Trikalsiyum Fosfat E341), Aroma verici (\u015eeftali), L askorbik asit (E300), k\u0131vam art\u0131r\u0131c\u0131 (guar gum E415), Renklendirici (Tartrazine E102, Titanyum Dioksit E171), Tatland\u0131r\u0131c\u0131 (Sodyum s\u0131klamat E952, Aspartam E951, Asesulfam-k E950).<\/p>\n","protected":false},"excerpt":{"rendered":"<p>&nbsp;<\/p>\n<p><img decoding=\"async\" class=\" wp-image-2107 alignleft\" src=\"https:\/\/altincezvegida.com\/wp-content\/uploads\/2022\/03\/soguk-sefteli-bardak-290x300.png\" alt=\"\" width=\"201\" height=\"207\" srcset=\"https:\/\/altincezvegida.com\/wp-content\/uploads\/2022\/03\/soguk-sefteli-bardak-290x300.png 290w, https:\/\/altincezvegida.com\/wp-content\/uploads\/2022\/03\/soguk-sefteli-bardak-141x146.png 141w, https:\/\/altincezvegida.com\/wp-content\/uploads\/2022\/03\/soguk-sefteli-bardak-48x50.png 48w, https:\/\/altincezvegida.com\/wp-content\/uploads\/2022\/03\/soguk-sefteli-bardak-72x75.png 72w, https:\/\/altincezvegida.com\/wp-content\/uploads\/2022\/03\/soguk-sefteli-bardak.png 483w\" sizes=\"(max-width: 201px) 100vw, 201px\" \/><\/p>\n<p>&nbsp;<\/p>\n<p>&nbsp;<\/p>\n<p>&nbsp;<\/p>\n<p>&nbsp;<\/p>\n<p>&nbsp;<\/p>\n<p>&nbsp;<\/p>\n<p><strong>Net Weight:<\/strong> 20 Pcs x 9 Gram<\/p>\n<p><strong>Pcs Per Box:<\/strong> 6 Packs x 20 Pcs<\/p>\n","protected":false},"featured_media":1027,"template":"","meta":[],"product_cat":[71],"product_tag":[],"class_list":{"0":"post-2108","1":"product","2":"type-product","3":"status-publish","4":"has-post-thumbnail","6":"product_cat-soguk-toz-icecekler-en","8":"first","9":"instock","10":"shipping-taxable","11":"product-type-simple"},"_links":{"self":[{"href":"https:\/\/altincezvegida.com\/en\/wp-json\/wp\/v2\/product\/2108","targetHints":{"allow":["GET"]}}],"collection":[{"href":"https:\/\/altincezvegida.com\/en\/wp-json\/wp\/v2\/product"}],"about":[{"href":"https:\/\/altincezvegida.com\/en\/wp-json\/wp\/v2\/types\/product"}],"wp:featuredmedia":[{"embeddable":true,"href":"https:\/\/altincezvegida.com\/en\/wp-json\/wp\/v2\/media\/1027"}],"wp:attachment":[{"href":"https:\/\/altincezvegida.com\/en\/wp-json\/wp\/v2\/media?parent=2108"}],"wp:term":[{"taxonomy":"product_cat","embeddable":true,"href":"https:\/\/altincezvegida.com\/en\/wp-json\/wp\/v2\/product_cat?post=2108"},{"taxonomy":"product_tag","embeddable":true,"href":"https:\/\/altincezvegida.com\/en\/wp-json\/wp\/v2\/product_tag?post=2108"}],"curies":[{"name":"wp","href":"https:\/\/api.w.org\/{rel}","templated":true}]}}