{"id":2094,"date":"2022-03-29T13:48:58","date_gmt":"2022-03-29T13:48:58","guid":{"rendered":"https:\/\/altincezvegida.com\/product\/hup-mango-15-litre\/"},"modified":"2022-05-25T12:02:55","modified_gmt":"2022-05-25T12:02:55","slug":"hup-mango-15-litre","status":"publish","type":"product","link":"https:\/\/altincezvegida.com\/en\/product\/hup-mango-15-litre\/","title":{"rendered":"Hup Mango \u2013 1.5 Liter"},"content":{"rendered":"<p><strong>Hup Mango \u2013 1.5 Liter<\/strong><\/p>\n<p>&nbsp;<\/p>\n<p><strong>Tavsiye edilen kullan\u0131m \u015fekli so\u011fuk su iledir.<\/strong><\/p>\n<p>&nbsp;<\/p>\n<p><strong>Preparation:<\/strong><\/p>\n<ul>\n<li>Po\u015fetin tamam\u0131n\u0131 bir s\u00fcrahiye bo\u015falt\u0131n\u0131z<\/li>\n<li>\u00dczerine so\u011fuk su ilave ederek 1,5 litreye tamamlay\u0131n\u0131z<\/li>\n<li>Arzuya g\u00f6re buz ilave edip servis yapabilirsiniz<\/li>\n<\/ul>\n<p>Afiyet olsun\u2026<\/p>\n<p><strong>Ingredients:<\/strong><\/p>\n<p>Asitlik d\u00fczenleyici (Sitrik asit E330), Topaklanmay\u0131 \u00f6nleyici (Trikalsiyum Fosfat E341), Aroma verici (Mango), L askorbik asit (E300), K\u0131vam art\u0131r\u0131c\u0131 (guar gum E415), Renklendirici (Tartrazine E102, Titanyum Dioksit E171), Tatland\u0131r\u0131c\u0131 (Sodyum s\u0131klamat E952, Aspartam E951, Asesulfam-k E950).<\/p>\n","protected":false},"excerpt":{"rendered":"<p>&nbsp;<\/p>\n<p>&nbsp;<\/p>\n<p><strong>Net Weight:<\/strong> 20 Pcs x 9 Gram<\/p>\n<p><strong>Pcs Per Box:<\/strong> 6 Packs x 20 Pcs<\/p>\n","protected":false},"featured_media":1031,"template":"","meta":[],"product_cat":[71],"product_tag":[],"class_list":{"0":"post-2094","1":"product","2":"type-product","3":"status-publish","4":"has-post-thumbnail","6":"product_cat-soguk-toz-icecekler-en","8":"first","9":"instock","10":"shipping-taxable","11":"product-type-simple"},"_links":{"self":[{"href":"https:\/\/altincezvegida.com\/en\/wp-json\/wp\/v2\/product\/2094","targetHints":{"allow":["GET"]}}],"collection":[{"href":"https:\/\/altincezvegida.com\/en\/wp-json\/wp\/v2\/product"}],"about":[{"href":"https:\/\/altincezvegida.com\/en\/wp-json\/wp\/v2\/types\/product"}],"wp:featuredmedia":[{"embeddable":true,"href":"https:\/\/altincezvegida.com\/en\/wp-json\/wp\/v2\/media\/1031"}],"wp:attachment":[{"href":"https:\/\/altincezvegida.com\/en\/wp-json\/wp\/v2\/media?parent=2094"}],"wp:term":[{"taxonomy":"product_cat","embeddable":true,"href":"https:\/\/altincezvegida.com\/en\/wp-json\/wp\/v2\/product_cat?post=2094"},{"taxonomy":"product_tag","embeddable":true,"href":"https:\/\/altincezvegida.com\/en\/wp-json\/wp\/v2\/product_tag?post=2094"}],"curies":[{"name":"wp","href":"https:\/\/api.w.org\/{rel}","templated":true}]}}