{"id":2089,"date":"2022-03-29T13:42:00","date_gmt":"2022-03-29T13:42:00","guid":{"rendered":"https:\/\/altincezvegida.com\/product\/hup-visne-15-litre\/"},"modified":"2022-05-25T11:42:00","modified_gmt":"2022-05-25T11:42:00","slug":"hup-visne-15-litre","status":"publish","type":"product","link":"https:\/\/altincezvegida.com\/en\/product\/hup-visne-15-litre\/","title":{"rendered":"Hup Cherry \u2013 1.5 Liter"},"content":{"rendered":"<p><strong>Hup Cherry \u2013 1.5 Liter<\/strong><\/p>\n<p><strong>Tavsiye edilen kullan\u0131m \u015fekli so\u011fuk su iledir.<\/strong><\/p>\n<p><strong>Preparation:<\/strong><\/p>\n<ul>\n<li>Po\u015fetin tamam\u0131n\u0131 bir s\u00fcrahiye bo\u015falt\u0131n\u0131z<\/li>\n<li>\u00dczerine so\u011fuk su ilave ederek 1,5 litreye tamamlay\u0131n\u0131z<\/li>\n<li>Arzuya g\u00f6re buz ilave edip servis yapabilirsiniz<\/li>\n<\/ul>\n<p><img fetchpriority=\"high\" decoding=\"async\" class=\"size-medium wp-image-2090 alignleft\" src=\"https:\/\/altincezvegida.com\/wp-content\/uploads\/2022\/03\/soguk-visne-bardak-1-237x300.png\" alt=\"\" width=\"237\" height=\"300\" srcset=\"https:\/\/altincezvegida.com\/wp-content\/uploads\/2022\/03\/soguk-visne-bardak-1-237x300.png 237w, https:\/\/altincezvegida.com\/wp-content\/uploads\/2022\/03\/soguk-visne-bardak-1-116x146.png 116w, https:\/\/altincezvegida.com\/wp-content\/uploads\/2022\/03\/soguk-visne-bardak-1-40x50.png 40w, https:\/\/altincezvegida.com\/wp-content\/uploads\/2022\/03\/soguk-visne-bardak-1-59x75.png 59w, https:\/\/altincezvegida.com\/wp-content\/uploads\/2022\/03\/soguk-visne-bardak-1.png 500w\" sizes=\"(max-width: 237px) 100vw, 237px\" \/><\/p>\n<p>&nbsp;<\/p>\n<p>&nbsp;<\/p>\n<p>&nbsp;<\/p>\n<p>&nbsp;<\/p>\n<p>&nbsp;<\/p>\n<p>&nbsp;<\/p>\n<p>&nbsp;<\/p>\n<p>&nbsp;<\/p>\n<p>&nbsp;<\/p>\n<p>Afiyet olsun\u2026,<\/p>\n<p>&nbsp;<\/p>\n<p><strong>Ingredients:<\/strong><\/p>\n<p>Asitlik d\u00fczenleyici (Sitrik asit E330), Topaklanmay\u0131 \u00f6nleyici (Trikalsiyum Fosfat E341), Aroma verici (Vi\u015fne), L askorbik asit (E300), k\u0131vam art\u0131r\u0131c\u0131 (guar gum E415), Renklendirici (Tartrazine E102, Carmoisine E122, Brillant Blue E133), Tatland\u0131r\u0131c\u0131 (Sodyum s\u0131klamat E952, Aspartam E951, Asesulfam-k E950).<\/p>\n","protected":false},"excerpt":{"rendered":"<p><img decoding=\"async\" class=\" wp-image-2090 alignleft\" src=\"https:\/\/altincezvegida.com\/wp-content\/uploads\/2022\/03\/soguk-visne-bardak-1-237x300.png\" alt=\"\" width=\"159\" height=\"201\" srcset=\"https:\/\/altincezvegida.com\/wp-content\/uploads\/2022\/03\/soguk-visne-bardak-1-237x300.png 237w, https:\/\/altincezvegida.com\/wp-content\/uploads\/2022\/03\/soguk-visne-bardak-1-116x146.png 116w, https:\/\/altincezvegida.com\/wp-content\/uploads\/2022\/03\/soguk-visne-bardak-1-40x50.png 40w, https:\/\/altincezvegida.com\/wp-content\/uploads\/2022\/03\/soguk-visne-bardak-1-59x75.png 59w, https:\/\/altincezvegida.com\/wp-content\/uploads\/2022\/03\/soguk-visne-bardak-1.png 500w\" sizes=\"(max-width: 159px) 100vw, 159px\" \/><\/p>\n<p>&nbsp;<\/p>\n<p>&nbsp;<\/p>\n<p>&nbsp;<\/p>\n<p>&nbsp;<\/p>\n<p>&nbsp;<\/p>\n<p>&nbsp;<\/p>\n<p>&nbsp;<\/p>\n<p><strong>Net Weight:<\/strong> 20 Pcs x 9 Gram<\/p>\n<p><strong>Pcs Per Box:<\/strong> 6 Packs x 20 Pcs<\/p>\n","protected":false},"featured_media":1022,"template":"","meta":[],"product_cat":[71],"product_tag":[],"class_list":{"0":"post-2089","1":"product","2":"type-product","3":"status-publish","4":"has-post-thumbnail","6":"product_cat-soguk-toz-icecekler-en","8":"first","9":"instock","10":"shipping-taxable","11":"product-type-simple"},"_links":{"self":[{"href":"https:\/\/altincezvegida.com\/en\/wp-json\/wp\/v2\/product\/2089","targetHints":{"allow":["GET"]}}],"collection":[{"href":"https:\/\/altincezvegida.com\/en\/wp-json\/wp\/v2\/product"}],"about":[{"href":"https:\/\/altincezvegida.com\/en\/wp-json\/wp\/v2\/types\/product"}],"wp:featuredmedia":[{"embeddable":true,"href":"https:\/\/altincezvegida.com\/en\/wp-json\/wp\/v2\/media\/1022"}],"wp:attachment":[{"href":"https:\/\/altincezvegida.com\/en\/wp-json\/wp\/v2\/media?parent=2089"}],"wp:term":[{"taxonomy":"product_cat","embeddable":true,"href":"https:\/\/altincezvegida.com\/en\/wp-json\/wp\/v2\/product_cat?post=2089"},{"taxonomy":"product_tag","embeddable":true,"href":"https:\/\/altincezvegida.com\/en\/wp-json\/wp\/v2\/product_tag?post=2089"}],"curies":[{"name":"wp","href":"https:\/\/api.w.org\/{rel}","templated":true}]}}