{"id":2075,"date":"2022-03-29T09:05:18","date_gmt":"2022-03-29T09:05:18","guid":{"rendered":"https:\/\/altincezvegida.com\/product\/teneke-sutlu-muz\/"},"modified":"2022-05-25T11:00:51","modified_gmt":"2022-05-25T11:00:51","slug":"teneke-sutlu-muz","status":"publish","type":"product","link":"https:\/\/altincezvegida.com\/en\/product\/teneke-sutlu-muz\/","title":{"rendered":"Milky Banana Flavored Powder Tin Box"},"content":{"rendered":"<p><strong>Milky Banana Flavored Powder Tin Box<\/strong><\/p>\n<p><strong>Tavsiye edilen kullan\u0131m \u015fekli s\u0131cak su iledir.<\/strong><\/p>\n<p><strong>Preparation:\u00a0\u00a0<\/strong><\/p>\n<ul>\n<li>1 \u00e7ay barda\u011f\u0131 s\u0131cak suya 2-3 \u00e7ay ka\u015f\u0131\u011f\u0131 (10gr) koyunuz<\/li>\n<li>Eriyinceye kadar kar\u0131\u015ft\u0131r\u0131n\u0131z<\/li>\n<\/ul>\n<p>&nbsp;<\/p>\n<p><img decoding=\"async\" class=\"alignnone wp-image-781\" src=\"https:\/\/altincezvegida.com\/wp-content\/uploads\/2022\/03\/sutlu-muz-bardak-1-300x300.png\" alt=\"\" width=\"205\" height=\"205\" srcset=\"https:\/\/altincezvegida.com\/wp-content\/uploads\/2022\/03\/sutlu-muz-bardak-1-300x300.png 300w, https:\/\/altincezvegida.com\/wp-content\/uploads\/2022\/03\/sutlu-muz-bardak-1-150x150.png 150w, https:\/\/altincezvegida.com\/wp-content\/uploads\/2022\/03\/sutlu-muz-bardak-1-146x146.png 146w, https:\/\/altincezvegida.com\/wp-content\/uploads\/2022\/03\/sutlu-muz-bardak-1-50x50.png 50w, https:\/\/altincezvegida.com\/wp-content\/uploads\/2022\/03\/sutlu-muz-bardak-1-75x75.png 75w, https:\/\/altincezvegida.com\/wp-content\/uploads\/2022\/03\/sutlu-muz-bardak-1-85x85.png 85w, https:\/\/altincezvegida.com\/wp-content\/uploads\/2022\/03\/sutlu-muz-bardak-1-80x80.png 80w, https:\/\/altincezvegida.com\/wp-content\/uploads\/2022\/03\/sutlu-muz-bardak-1.png 350w\" sizes=\"(max-width: 205px) 100vw, 205px\" \/><\/p>\n<p>&nbsp;<\/p>\n<p>Afiyet olsun.<\/p>\n<p>&nbsp;<\/p>\n<p>Yap\u0131lmas\u0131 pratik oldu\u011fu i\u00e7in sizi yormaz. E\u015fsiz lezzeti ile a\u011f\u0131zlarda muhte\u015fem bir tat b\u0131rak\u0131r.<\/p>\n<p>ALTINCEZVE Toz \u0130\u00e7ece\u011finizi g\u00fcn\u00fcn her saatinde keyifle yudumlayabilirsiniz.<\/p>\n<p><strong>Ingredients:<\/strong><\/p>\n<p>\u015eeker, M\u0131s\u0131r ni\u015fastas\u0131,\u00a0<strong>S\u00fct tozu<\/strong>, Aroma verici (Muz), K\u0131vam art\u0131r\u0131c\u0131 (ksantan gam), L askorbik asit E300, Renklendirici (Tartrazine E102)<\/p>\n","protected":false},"excerpt":{"rendered":"<p><img decoding=\"async\" class=\"alignnone wp-image-781\" src=\"https:\/\/altincezvegida.com\/wp-content\/uploads\/2022\/03\/sutlu-muz-bardak-1-300x300.png\" alt=\"\" width=\"154\" height=\"154\" srcset=\"https:\/\/altincezvegida.com\/wp-content\/uploads\/2022\/03\/sutlu-muz-bardak-1-300x300.png 300w, https:\/\/altincezvegida.com\/wp-content\/uploads\/2022\/03\/sutlu-muz-bardak-1-150x150.png 150w, https:\/\/altincezvegida.com\/wp-content\/uploads\/2022\/03\/sutlu-muz-bardak-1-146x146.png 146w, https:\/\/altincezvegida.com\/wp-content\/uploads\/2022\/03\/sutlu-muz-bardak-1-50x50.png 50w, https:\/\/altincezvegida.com\/wp-content\/uploads\/2022\/03\/sutlu-muz-bardak-1-75x75.png 75w, https:\/\/altincezvegida.com\/wp-content\/uploads\/2022\/03\/sutlu-muz-bardak-1-85x85.png 85w, https:\/\/altincezvegida.com\/wp-content\/uploads\/2022\/03\/sutlu-muz-bardak-1-80x80.png 80w, https:\/\/altincezvegida.com\/wp-content\/uploads\/2022\/03\/sutlu-muz-bardak-1.png 350w\" sizes=\"(max-width: 154px) 100vw, 154px\" \/><\/p>\n<p>&nbsp;<\/p>\n<p><strong>Net Weight:<\/strong> 250 Gram<\/p>\n<p><strong>Pcs Per Box:<\/strong> 12 Adet<\/p>\n","protected":false},"featured_media":954,"template":"","meta":[],"product_cat":[67],"product_tag":[],"class_list":{"0":"post-2075","1":"product","2":"type-product","3":"status-publish","4":"has-post-thumbnail","6":"product_cat-sutlu-toz-icecekler-en","8":"first","9":"instock","10":"shipping-taxable","11":"product-type-simple"},"_links":{"self":[{"href":"https:\/\/altincezvegida.com\/en\/wp-json\/wp\/v2\/product\/2075","targetHints":{"allow":["GET"]}}],"collection":[{"href":"https:\/\/altincezvegida.com\/en\/wp-json\/wp\/v2\/product"}],"about":[{"href":"https:\/\/altincezvegida.com\/en\/wp-json\/wp\/v2\/types\/product"}],"wp:featuredmedia":[{"embeddable":true,"href":"https:\/\/altincezvegida.com\/en\/wp-json\/wp\/v2\/media\/954"}],"wp:attachment":[{"href":"https:\/\/altincezvegida.com\/en\/wp-json\/wp\/v2\/media?parent=2075"}],"wp:term":[{"taxonomy":"product_cat","embeddable":true,"href":"https:\/\/altincezvegida.com\/en\/wp-json\/wp\/v2\/product_cat?post=2075"},{"taxonomy":"product_tag","embeddable":true,"href":"https:\/\/altincezvegida.com\/en\/wp-json\/wp\/v2\/product_tag?post=2075"}],"curies":[{"name":"wp","href":"https:\/\/api.w.org\/{rel}","templated":true}]}}