{"id":2068,"date":"2022-05-25T10:15:38","date_gmt":"2022-05-25T10:15:38","guid":{"rendered":"https:\/\/altincezvegida.com\/?post_type=product&#038;p=2068"},"modified":"2022-05-25T13:13:11","modified_gmt":"2022-05-25T13:13:11","slug":"hot-chocolate-powder-drink","status":"publish","type":"product","link":"https:\/\/altincezvegida.com\/en\/product\/hot-chocolate-powder-drink\/","title":{"rendered":"Hot Chocolate Powder Drink"},"content":{"rendered":"<p><strong>Hot Chocolate Powder Drink:<\/strong><\/p>\n<p><strong>S\u0131cak s\u00fct veya s\u0131cak su ile haz\u0131rlayabilirsiniz.<\/strong><\/p>\n<p><strong>Preparation:<\/strong><\/p>\n<ul>\n<li>Fincana iki tatl\u0131 ka\u015f\u0131\u011f\u0131\u00a0<b>Alt\u0131ncezve Kakao\u00a0<\/b>koyunuz<\/li>\n<li>\u00dczerine s\u0131cak s\u00fct veya s\u0131cak su ilave ediniz<\/li>\n<li>Arzuya g\u00f6re \u015feker ilave ederek kar\u0131\u015ft\u0131r\u0131n\u0131z<\/li>\n<\/ul>\n<p><img fetchpriority=\"high\" decoding=\"async\" class=\"alignnone wp-image-769\" src=\"https:\/\/altincezvegida.com\/wp-content\/uploads\/2022\/03\/sicak-cikolata-fincan-300x278.png\" alt=\"\" width=\"257\" height=\"238\" srcset=\"https:\/\/altincezvegida.com\/wp-content\/uploads\/2022\/03\/sicak-cikolata-fincan-300x278.png 300w, https:\/\/altincezvegida.com\/wp-content\/uploads\/2022\/03\/sicak-cikolata-fincan-157x146.png 157w, https:\/\/altincezvegida.com\/wp-content\/uploads\/2022\/03\/sicak-cikolata-fincan-50x46.png 50w, https:\/\/altincezvegida.com\/wp-content\/uploads\/2022\/03\/sicak-cikolata-fincan-81x75.png 81w, https:\/\/altincezvegida.com\/wp-content\/uploads\/2022\/03\/sicak-cikolata-fincan.png 329w\" sizes=\"(max-width: 257px) 100vw, 257px\" \/><\/p>\n<p>&nbsp;<\/p>\n<p>Afiyet olsun\u2026<\/p>\n<p>&nbsp;<\/p>\n<p><strong>Ingredients:<\/strong><\/p>\n<p>\u015eeker, M\u0131s\u0131r ni\u015fastas\u0131, Kakao %18, S\u00fct tozu %14, K\u0131vam art\u0131r\u0131c\u0131 (Ksantan gam), Aroma vericiler (Vanilya, \u00c7ikolata), Sodyum bikarbonat (E500)<\/p>\n","protected":false},"excerpt":{"rendered":"<p><img decoding=\"async\" class=\"alignnone wp-image-769\" src=\"https:\/\/altincezvegida.com\/wp-content\/uploads\/2022\/03\/sicak-cikolata-fincan-300x278.png\" alt=\"\" width=\"172\" height=\"159\" srcset=\"https:\/\/altincezvegida.com\/wp-content\/uploads\/2022\/03\/sicak-cikolata-fincan-300x278.png 300w, https:\/\/altincezvegida.com\/wp-content\/uploads\/2022\/03\/sicak-cikolata-fincan-157x146.png 157w, https:\/\/altincezvegida.com\/wp-content\/uploads\/2022\/03\/sicak-cikolata-fincan-50x46.png 50w, https:\/\/altincezvegida.com\/wp-content\/uploads\/2022\/03\/sicak-cikolata-fincan-81x75.png 81w, https:\/\/altincezvegida.com\/wp-content\/uploads\/2022\/03\/sicak-cikolata-fincan.png 329w\" sizes=\"(max-width: 172px) 100vw, 172px\" \/><\/p>\n<p>&nbsp;<\/p>\n<p><strong>Weight Types:<\/strong> 250 Gram \u2013 400 Gram<\/p>\n<p><strong>Pcs Per Box:<\/strong> 20 Pcs<\/p>\n","protected":false},"featured_media":2069,"template":"","meta":[],"product_cat":[67],"product_tag":[],"class_list":{"0":"post-2068","1":"product","2":"type-product","3":"status-publish","4":"has-post-thumbnail","6":"product_cat-sutlu-toz-icecekler-en","8":"first","9":"instock","10":"shipping-taxable","11":"product-type-simple"},"_links":{"self":[{"href":"https:\/\/altincezvegida.com\/en\/wp-json\/wp\/v2\/product\/2068","targetHints":{"allow":["GET"]}}],"collection":[{"href":"https:\/\/altincezvegida.com\/en\/wp-json\/wp\/v2\/product"}],"about":[{"href":"https:\/\/altincezvegida.com\/en\/wp-json\/wp\/v2\/types\/product"}],"wp:featuredmedia":[{"embeddable":true,"href":"https:\/\/altincezvegida.com\/en\/wp-json\/wp\/v2\/media\/2069"}],"wp:attachment":[{"href":"https:\/\/altincezvegida.com\/en\/wp-json\/wp\/v2\/media?parent=2068"}],"wp:term":[{"taxonomy":"product_cat","embeddable":true,"href":"https:\/\/altincezvegida.com\/en\/wp-json\/wp\/v2\/product_cat?post=2068"},{"taxonomy":"product_tag","embeddable":true,"href":"https:\/\/altincezvegida.com\/en\/wp-json\/wp\/v2\/product_tag?post=2068"}],"curies":[{"name":"wp","href":"https:\/\/api.w.org\/{rel}","templated":true}]}}