{"id":2064,"date":"2022-03-29T07:38:56","date_gmt":"2022-03-29T07:38:56","guid":{"rendered":"https:\/\/altincezvegida.com\/product\/sutlu-muz\/"},"modified":"2022-05-25T09:45:42","modified_gmt":"2022-05-25T09:45:42","slug":"sutlu-muz","status":"publish","type":"product","link":"https:\/\/altincezvegida.com\/en\/product\/sutlu-muz\/","title":{"rendered":"Milky Banana Flavored Powder Drink"},"content":{"rendered":"<p><strong>Milky Banana Flavored Powder Drink<\/strong><\/p>\n<p><strong>Tavsiye edilen kullan\u0131m \u015fekli s\u0131cak su iledir.<\/strong><\/p>\n<p><strong>Preparation:\u00a0<\/strong><\/p>\n<p><strong>S\u0131cak i\u00e7mek i\u00e7in;<\/strong><\/p>\n<p>1 \u00e7ay barda\u011f\u0131 s\u0131cak suya 2-3 \u00e7ay ka\u015f\u0131\u011f\u0131 (10gr) Alt\u0131ncezve Muz aromal\u0131 i\u00e7ecek tozu d\u00f6kerek eriyinceye kadar kar\u0131\u015ft\u0131r\u0131p servis yap\u0131n\u0131z.<\/p>\n<p><strong>So\u011fuk i\u00e7mek i\u00e7in;<\/strong><\/p>\n<p>1 su barda\u011f\u0131 suya 1 \u00e7orba ka\u015f\u0131\u011f\u0131 (25gr) Alt\u0131ncezve Muz aromal\u0131 i\u00e7ecek tozu d\u00f6kerek eriyinceye kadar kar\u0131\u015ft\u0131r\u0131p servis yap\u0131n\u0131z.<\/p>\n<p><img fetchpriority=\"high\" decoding=\"async\" class=\"alignnone wp-image-781\" src=\"https:\/\/altincezvegida.com\/wp-content\/uploads\/2022\/03\/sutlu-muz-bardak-1-300x300.png\" alt=\"\" width=\"253\" height=\"253\" srcset=\"https:\/\/altincezvegida.com\/wp-content\/uploads\/2022\/03\/sutlu-muz-bardak-1-300x300.png 300w, https:\/\/altincezvegida.com\/wp-content\/uploads\/2022\/03\/sutlu-muz-bardak-1-150x150.png 150w, https:\/\/altincezvegida.com\/wp-content\/uploads\/2022\/03\/sutlu-muz-bardak-1-146x146.png 146w, https:\/\/altincezvegida.com\/wp-content\/uploads\/2022\/03\/sutlu-muz-bardak-1-50x50.png 50w, https:\/\/altincezvegida.com\/wp-content\/uploads\/2022\/03\/sutlu-muz-bardak-1-75x75.png 75w, https:\/\/altincezvegida.com\/wp-content\/uploads\/2022\/03\/sutlu-muz-bardak-1-85x85.png 85w, https:\/\/altincezvegida.com\/wp-content\/uploads\/2022\/03\/sutlu-muz-bardak-1-80x80.png 80w, https:\/\/altincezvegida.com\/wp-content\/uploads\/2022\/03\/sutlu-muz-bardak-1.png 350w\" sizes=\"(max-width: 253px) 100vw, 253px\" \/><\/p>\n<p>&nbsp;<\/p>\n<p>Afiyet olsun\u2026<\/p>\n<p>Yap\u0131lmas\u0131 pratik oldu\u011fu i\u00e7in sizi yormaz. E\u015fsiz lezzeti ile a\u011f\u0131zlarda muhte\u015fem bir tat b\u0131rak\u0131r.<\/p>\n<p>ALTINCEZVE Toz \u0130\u00e7ece\u011finizi ister so\u011fuk ister s\u0131cak g\u00fcn\u00fcn her saatinde keyifle yudumlayabilirsiniz.<\/p>\n<p><strong>Ingredients:<\/strong><\/p>\n<p>\u015eeker, M\u0131s\u0131r ni\u015fastas\u0131, S\u00fct tozu, Aroma verici (Muz), K\u0131vam artt\u0131r\u0131c\u0131 (Ksantan gam), L askorbik asit E300, Renklendirici (Tartrazine E102),<\/p>\n","protected":false},"excerpt":{"rendered":"<p><img decoding=\"async\" class=\"alignnone wp-image-781\" src=\"https:\/\/altincezvegida.com\/wp-content\/uploads\/2022\/03\/sutlu-muz-bardak-1-300x300.png\" alt=\"\" width=\"162\" height=\"162\" srcset=\"https:\/\/altincezvegida.com\/wp-content\/uploads\/2022\/03\/sutlu-muz-bardak-1-300x300.png 300w, https:\/\/altincezvegida.com\/wp-content\/uploads\/2022\/03\/sutlu-muz-bardak-1-150x150.png 150w, https:\/\/altincezvegida.com\/wp-content\/uploads\/2022\/03\/sutlu-muz-bardak-1-146x146.png 146w, https:\/\/altincezvegida.com\/wp-content\/uploads\/2022\/03\/sutlu-muz-bardak-1-50x50.png 50w, https:\/\/altincezvegida.com\/wp-content\/uploads\/2022\/03\/sutlu-muz-bardak-1-75x75.png 75w, https:\/\/altincezvegida.com\/wp-content\/uploads\/2022\/03\/sutlu-muz-bardak-1-85x85.png 85w, https:\/\/altincezvegida.com\/wp-content\/uploads\/2022\/03\/sutlu-muz-bardak-1-80x80.png 80w, https:\/\/altincezvegida.com\/wp-content\/uploads\/2022\/03\/sutlu-muz-bardak-1.png 350w\" sizes=\"(max-width: 162px) 100vw, 162px\" \/><\/p>\n<p>&nbsp;<\/p>\n<p><strong>Weight Types:<\/strong> 250 Gram \u2013 400 Gram<\/p>\n<p><strong>Pcs Per Box:<\/strong> 20 Adet<\/p>\n","protected":false},"featured_media":941,"template":"","meta":[],"product_cat":[67],"product_tag":[],"class_list":{"0":"post-2064","1":"product","2":"type-product","3":"status-publish","4":"has-post-thumbnail","6":"product_cat-sutlu-toz-icecekler-en","8":"first","9":"instock","10":"shipping-taxable","11":"product-type-simple"},"_links":{"self":[{"href":"https:\/\/altincezvegida.com\/en\/wp-json\/wp\/v2\/product\/2064","targetHints":{"allow":["GET"]}}],"collection":[{"href":"https:\/\/altincezvegida.com\/en\/wp-json\/wp\/v2\/product"}],"about":[{"href":"https:\/\/altincezvegida.com\/en\/wp-json\/wp\/v2\/types\/product"}],"wp:featuredmedia":[{"embeddable":true,"href":"https:\/\/altincezvegida.com\/en\/wp-json\/wp\/v2\/media\/941"}],"wp:attachment":[{"href":"https:\/\/altincezvegida.com\/en\/wp-json\/wp\/v2\/media?parent=2064"}],"wp:term":[{"taxonomy":"product_cat","embeddable":true,"href":"https:\/\/altincezvegida.com\/en\/wp-json\/wp\/v2\/product_cat?post=2064"},{"taxonomy":"product_tag","embeddable":true,"href":"https:\/\/altincezvegida.com\/en\/wp-json\/wp\/v2\/product_tag?post=2064"}],"curies":[{"name":"wp","href":"https:\/\/api.w.org\/{rel}","templated":true}]}}