{"id":2062,"date":"2022-03-18T07:30:37","date_gmt":"2022-03-18T07:30:37","guid":{"rendered":"https:\/\/altincezvegida.com\/product\/sutlu-salep\/"},"modified":"2022-05-25T09:40:00","modified_gmt":"2022-05-25T09:40:00","slug":"sutlu-salep","status":"publish","type":"product","link":"https:\/\/altincezvegida.com\/en\/product\/sutlu-salep\/","title":{"rendered":"Turkish Sahlep Powder (Milky Salep)"},"content":{"rendered":"<p><strong>Turkish Sahlep Powder (Milky Salep)<\/strong><\/p>\n<p>Alt\u0131ncezve S\u00fctl\u00fc Salep en keyifli anlar\u0131n\u0131zda yan\u0131n\u0131zda.<\/p>\n<p><strong>S\u0131cak s\u00fct veya s\u0131cak su ile haz\u0131rlayabilirsiniz.<\/strong><\/p>\n<p><img fetchpriority=\"high\" decoding=\"async\" class=\"alignnone size-full wp-image-763\" src=\"https:\/\/altincezvegida.com\/wp-content\/uploads\/2022\/03\/salep-aninda-hazir.png\" alt=\"\" width=\"289\" height=\"289\" srcset=\"https:\/\/altincezvegida.com\/wp-content\/uploads\/2022\/03\/salep-aninda-hazir.png 289w, https:\/\/altincezvegida.com\/wp-content\/uploads\/2022\/03\/salep-aninda-hazir-150x150.png 150w, https:\/\/altincezvegida.com\/wp-content\/uploads\/2022\/03\/salep-aninda-hazir-146x146.png 146w, https:\/\/altincezvegida.com\/wp-content\/uploads\/2022\/03\/salep-aninda-hazir-50x50.png 50w, https:\/\/altincezvegida.com\/wp-content\/uploads\/2022\/03\/salep-aninda-hazir-75x75.png 75w, https:\/\/altincezvegida.com\/wp-content\/uploads\/2022\/03\/salep-aninda-hazir-85x85.png 85w, https:\/\/altincezvegida.com\/wp-content\/uploads\/2022\/03\/salep-aninda-hazir-80x80.png 80w\" sizes=\"(max-width: 289px) 100vw, 289px\" \/><\/p>\n<p>&nbsp;<\/p>\n<p>&nbsp;<\/p>\n<p><strong>Preparation:<\/strong><\/p>\n<ul>\n<li>Fincana iki tatl\u0131 ka\u015f\u0131\u011f\u0131\u00a0<b>Alt\u0131ncezve\u00a0Salep<\/b>\u00a0koyunuz<\/li>\n<li>\u00dczerine s\u0131cak s\u00fct veya s\u0131cak su ilave ediniz<\/li>\n<li>Arzuya g\u00f6re \u015feker ilave ederek kar\u0131\u015ft\u0131r\u0131n\u0131z<\/li>\n<li>\u0130ste\u011fe g\u00f6re tar\u00e7\u0131n ilave ederek lezzetini artt\u0131rabilirsiniz<\/li>\n<\/ul>\n<p>Afiyet olsun\u2026<\/p>\n<p><img decoding=\"async\" class=\"alignnone size-medium wp-image-766\" src=\"https:\/\/altincezvegida.com\/wp-content\/uploads\/2022\/03\/salep-fincan-2-300x224.png\" alt=\"\" width=\"300\" height=\"224\" srcset=\"https:\/\/altincezvegida.com\/wp-content\/uploads\/2022\/03\/salep-fincan-2-300x224.png 300w, https:\/\/altincezvegida.com\/wp-content\/uploads\/2022\/03\/salep-fincan-2-196x146.png 196w, https:\/\/altincezvegida.com\/wp-content\/uploads\/2022\/03\/salep-fincan-2-50x37.png 50w, https:\/\/altincezvegida.com\/wp-content\/uploads\/2022\/03\/salep-fincan-2-101x75.png 101w, https:\/\/altincezvegida.com\/wp-content\/uploads\/2022\/03\/salep-fincan-2.png 400w\" sizes=\"(max-width: 300px) 100vw, 300px\" \/><\/p>\n<p>&nbsp;<\/p>\n<p>&nbsp;<\/p>\n<p>Yap\u0131lmas\u0131 pratik oldu\u011fu i\u00e7in sizi yormaz.<\/p>\n<p><strong>Koruyucu madde i\u00e7ermez.<\/strong><\/p>\n<p><strong>Ingredients:<\/strong><\/p>\n<p>\u015eeker, M\u0131s\u0131r ni\u015fastas\u0131,\u00a0<strong>S\u00fct tozu<\/strong>, Aroma verici (Salep, Vanilya), K\u0131vam art\u0131r\u0131c\u0131 (Ksantan gam), Tar\u00e7\u0131n %2<\/p>\n","protected":false},"excerpt":{"rendered":"<p><img decoding=\"async\" class=\"alignnone wp-image-766\" src=\"https:\/\/altincezvegida.com\/wp-content\/uploads\/2022\/03\/salep-fincan-2-300x224.png\" alt=\"\" width=\"196\" height=\"146\" srcset=\"https:\/\/altincezvegida.com\/wp-content\/uploads\/2022\/03\/salep-fincan-2-300x224.png 300w, https:\/\/altincezvegida.com\/wp-content\/uploads\/2022\/03\/salep-fincan-2-196x146.png 196w, https:\/\/altincezvegida.com\/wp-content\/uploads\/2022\/03\/salep-fincan-2-50x37.png 50w, https:\/\/altincezvegida.com\/wp-content\/uploads\/2022\/03\/salep-fincan-2-101x75.png 101w, https:\/\/altincezvegida.com\/wp-content\/uploads\/2022\/03\/salep-fincan-2.png 400w\" sizes=\"(max-width: 196px) 100vw, 196px\" \/><\/p>\n<p>&nbsp;<\/p>\n<p><strong>Weight Types:<\/strong> 250 Gram \u2013 400 Gram<\/p>\n<p><strong>Pcs Per Box:<\/strong> 20 Pcs<\/p>\n","protected":false},"featured_media":869,"template":"","meta":[],"product_cat":[67],"product_tag":[],"class_list":{"0":"post-2062","1":"product","2":"type-product","3":"status-publish","4":"has-post-thumbnail","6":"product_cat-sutlu-toz-icecekler-en","8":"first","9":"instock","10":"shipping-taxable","11":"product-type-simple"},"_links":{"self":[{"href":"https:\/\/altincezvegida.com\/en\/wp-json\/wp\/v2\/product\/2062","targetHints":{"allow":["GET"]}}],"collection":[{"href":"https:\/\/altincezvegida.com\/en\/wp-json\/wp\/v2\/product"}],"about":[{"href":"https:\/\/altincezvegida.com\/en\/wp-json\/wp\/v2\/types\/product"}],"wp:featuredmedia":[{"embeddable":true,"href":"https:\/\/altincezvegida.com\/en\/wp-json\/wp\/v2\/media\/869"}],"wp:attachment":[{"href":"https:\/\/altincezvegida.com\/en\/wp-json\/wp\/v2\/media?parent=2062"}],"wp:term":[{"taxonomy":"product_cat","embeddable":true,"href":"https:\/\/altincezvegida.com\/en\/wp-json\/wp\/v2\/product_cat?post=2062"},{"taxonomy":"product_tag","embeddable":true,"href":"https:\/\/altincezvegida.com\/en\/wp-json\/wp\/v2\/product_tag?post=2062"}],"curies":[{"name":"wp","href":"https:\/\/api.w.org\/{rel}","templated":true}]}}