{"id":2037,"date":"2022-03-30T14:19:38","date_gmt":"2022-03-30T14:19:38","guid":{"rendered":"https:\/\/altincezvegida.com\/product\/teneke-damla-sakizli-turk-kahvesi\/"},"modified":"2022-05-19T11:44:32","modified_gmt":"2022-05-19T11:44:32","slug":"teneke-damla-sakizli-turk-kahvesi-2","status":"publish","type":"product","link":"https:\/\/altincezvegida.com\/en\/product\/teneke-damla-sakizli-turk-kahvesi-2\/","title":{"rendered":"Turkish Coffee Tibn Box With Mastic Gum"},"content":{"rendered":"<p><strong>Turkish Coffee Tibn Box With Mastic Gum<\/strong><\/p>\n<p>&nbsp;<\/p>\n<p><strong>T\u00fcr\u00fc:<\/strong>\u00a0Arabica<\/p>\n<p><strong>Tipi:\u00a0<\/strong>Orta Kavrulmu\u015f<\/p>\n<p><strong>Derecesi:\u00a0<\/strong>\u0130nce \u00c7ekilmi\u015f\u00a0<strong>\u00a0\u00a0<\/strong><\/p>\n<p><img decoding=\"async\" class=\"alignnone size-full wp-image-724\" src=\"https:\/\/altincezvegida.com\/wp-content\/uploads\/2022\/03\/altincezve-saydam-1.png\" alt=\"\" width=\"180\" height=\"106\" srcset=\"https:\/\/altincezvegida.com\/wp-content\/uploads\/2022\/03\/altincezve-saydam-1.png 180w, https:\/\/altincezvegida.com\/wp-content\/uploads\/2022\/03\/altincezve-saydam-1-50x29.png 50w, https:\/\/altincezvegida.com\/wp-content\/uploads\/2022\/03\/altincezve-saydam-1-127x75.png 127w\" sizes=\"(max-width: 180px) 100vw, 180px\" \/><\/p>\n<p><strong>Preparation:<\/strong><\/p>\n<ul>\n<li>70ml (bir fincan) suya 6 gr \u201cDamla Sak\u0131zl\u0131 T\u00fcrk Kahvesi\u201d, her fincan i\u00e7in dolu iki \u00e7ay ka\u015f\u0131\u011f\u0131\u00a0 kahveyi fincana bo\u015falt\u0131n\u0131z<\/li>\n<li>Fincan\u0131 kaynar su ile doldurup kar\u0131\u015ft\u0131rarak kahveyi iyice eritiniz<\/li>\n<li>Fincan\u0131 kar\u0131\u015ft\u0131rd\u0131ktan sonra su seviyesi bir miktar geri gelebilir. Dilerseniz \u00fcst\u00fcn\u00fc s\u0131cak suyla tamamlayabilirsiniz<\/li>\n<\/ul>\n<p><img fetchpriority=\"high\" decoding=\"async\" class=\"alignnone size-medium wp-image-721\" src=\"https:\/\/altincezvegida.com\/wp-content\/uploads\/2022\/03\/altincezve-fincan-saydam-2-1-300x201.png\" alt=\"\" width=\"300\" height=\"201\" srcset=\"https:\/\/altincezvegida.com\/wp-content\/uploads\/2022\/03\/altincezve-fincan-saydam-2-1-300x201.png 300w, https:\/\/altincezvegida.com\/wp-content\/uploads\/2022\/03\/altincezve-fincan-saydam-2-1-218x146.png 218w, https:\/\/altincezvegida.com\/wp-content\/uploads\/2022\/03\/altincezve-fincan-saydam-2-1-50x34.png 50w, https:\/\/altincezvegida.com\/wp-content\/uploads\/2022\/03\/altincezve-fincan-saydam-2-1-112x75.png 112w, https:\/\/altincezvegida.com\/wp-content\/uploads\/2022\/03\/altincezve-fincan-saydam-2-1.png 600w\" sizes=\"(max-width: 300px) 100vw, 300px\" \/><\/p>\n<p>&nbsp;<\/p>\n<p>Afiyet Olsun\u2026<\/p>\n<p>T\u00fcrk damak lezzetine uygun %100 arabica Rio Minas \u00e7ekirdekleri kullanarak \u00f6zenle kavrulup \u00e7ekilerek elde edilmi\u015ftir.<\/p>\n<p><strong>Ingredients:<\/strong><\/p>\n<p>Kavrulmu\u015f ve ince \u00e7ekilmi\u015f T\u00fcrk kahvesi, damla sak\u0131z\u0131, damla sak\u0131z\u0131 aromas\u0131<\/p>\n","protected":false},"excerpt":{"rendered":"<p><img decoding=\"async\" class=\"alignnone wp-image-727\" src=\"https:\/\/altincezvegida.com\/wp-content\/uploads\/2022\/03\/Altincezve-Turk-Kahvesi-fincan-2.png\" alt=\"\" width=\"210\" height=\"137\" srcset=\"https:\/\/altincezvegida.com\/wp-content\/uploads\/2022\/03\/Altincezve-Turk-Kahvesi-fincan-2.png 276w, https:\/\/altincezvegida.com\/wp-content\/uploads\/2022\/03\/Altincezve-Turk-Kahvesi-fincan-2-224x146.png 224w, https:\/\/altincezvegida.com\/wp-content\/uploads\/2022\/03\/Altincezve-Turk-Kahvesi-fincan-2-50x33.png 50w, https:\/\/altincezvegida.com\/wp-content\/uploads\/2022\/03\/Altincezve-Turk-Kahvesi-fincan-2-115x75.png 115w\" sizes=\"(max-width: 210px) 100vw, 210px\" \/><\/p>\n<p>&nbsp;<\/p>\n<p>Weight Types: 250 Gram &#8211; 500 Gram<\/p>\n<p>Pcs Per Box: 12 Pcs (250 Gram) &#8211; 6 Pcs (500 Gram)<\/p>\n","protected":false},"featured_media":1122,"template":"","meta":[],"product_cat":[61],"product_tag":[],"class_list":{"0":"post-2037","1":"product","2":"type-product","3":"status-publish","4":"has-post-thumbnail","6":"product_cat-turkish-coffee-group-en","8":"first","9":"instock","10":"shipping-taxable","11":"product-type-simple"},"_links":{"self":[{"href":"https:\/\/altincezvegida.com\/en\/wp-json\/wp\/v2\/product\/2037","targetHints":{"allow":["GET"]}}],"collection":[{"href":"https:\/\/altincezvegida.com\/en\/wp-json\/wp\/v2\/product"}],"about":[{"href":"https:\/\/altincezvegida.com\/en\/wp-json\/wp\/v2\/types\/product"}],"wp:featuredmedia":[{"embeddable":true,"href":"https:\/\/altincezvegida.com\/en\/wp-json\/wp\/v2\/media\/1122"}],"wp:attachment":[{"href":"https:\/\/altincezvegida.com\/en\/wp-json\/wp\/v2\/media?parent=2037"}],"wp:term":[{"taxonomy":"product_cat","embeddable":true,"href":"https:\/\/altincezvegida.com\/en\/wp-json\/wp\/v2\/product_cat?post=2037"},{"taxonomy":"product_tag","embeddable":true,"href":"https:\/\/altincezvegida.com\/en\/wp-json\/wp\/v2\/product_tag?post=2037"}],"curies":[{"name":"wp","href":"https:\/\/api.w.org\/{rel}","templated":true}]}}