{"id":2028,"date":"2022-03-31T06:52:31","date_gmt":"2022-03-31T06:52:31","guid":{"rendered":"https:\/\/altincezvegida.com\/product\/teneke-saltanat-dibek-kahvesi\/"},"modified":"2022-05-19T11:26:28","modified_gmt":"2022-05-19T11:26:28","slug":"teneke-saltanat-dibek-kahvesi","status":"publish","type":"product","link":"https:\/\/altincezvegida.com\/en\/product\/teneke-saltanat-dibek-kahvesi\/","title":{"rendered":"Sultanate Mortar Coffee Tin Box"},"content":{"rendered":"<p><strong>Sultanate Mortar Coffee Tin Box\u00a0<\/strong><\/p>\n<p>&nbsp;<\/p>\n<p><strong>T\u00fcr\u00fc:<\/strong>\u00a0Arabica<\/p>\n<p><strong>Tipi:\u00a0<\/strong>Orta Kavrulmu\u015f<\/p>\n<p><strong>Derecesi:\u00a0<\/strong>\u0130nce \u00c7ekilmi\u015f<\/p>\n<p>&nbsp;<\/p>\n<p><strong><img decoding=\"async\" class=\"alignnone size-full wp-image-10993\" src=\"https:\/\/icecekdukkani.com\/wp-content\/uploads\/2021\/06\/cezve-saydam.png\" alt=\"\" width=\"180\" height=\"106\" \/>\u00a0\u00a0<\/strong><\/p>\n<p><strong>Preparation:<\/strong><\/p>\n<ul>\n<li>So\u011fuk suyu fincan ile \u00f6l\u00e7erek cezveye koyunuz.<\/li>\n<li>70ml (bir fincan) suya 11 gr \u201cSaltanat Dibek Kahvesi\u201d, her fincan i\u00e7in dolu iki \u00e7ay ka\u015f\u0131\u011f\u0131 kahveyi fincana bo\u015falt\u0131n\u0131z<\/li>\n<li>Cezveyi ocaktaki hafif ate\u015fe koyunuz. Arzu ederseniz, \u015feker ilave edebilirsiniz.<\/li>\n<li>Hafif bir \u015fekilde kar\u0131\u015ft\u0131rarak, kahve k\u00f6p\u00fcrmeye ba\u015flay\u0131nca k\u00f6p\u00fc\u011f\u00fc her fincana e\u015fit miktarda b\u00f6l\u00fc\u015ft\u00fcr\u00fcn\u00fcz.<\/li>\n<li>Cezvede kalan kahve bir ta\u015f\u0131m daha kaynat\u0131ld\u0131ktan sonra fincanlara payla\u015ft\u0131r\u0131n\u0131z.<\/li>\n<\/ul>\n<p><img decoding=\"async\" class=\"alignnone size-full wp-image-727\" src=\"https:\/\/altincezvegida.com\/wp-content\/uploads\/2022\/03\/Altincezve-Turk-Kahvesi-fincan-2.png\" alt=\"\" width=\"276\" height=\"180\" srcset=\"https:\/\/altincezvegida.com\/wp-content\/uploads\/2022\/03\/Altincezve-Turk-Kahvesi-fincan-2.png 276w, https:\/\/altincezvegida.com\/wp-content\/uploads\/2022\/03\/Altincezve-Turk-Kahvesi-fincan-2-224x146.png 224w, https:\/\/altincezvegida.com\/wp-content\/uploads\/2022\/03\/Altincezve-Turk-Kahvesi-fincan-2-50x33.png 50w, https:\/\/altincezvegida.com\/wp-content\/uploads\/2022\/03\/Altincezve-Turk-Kahvesi-fincan-2-115x75.png 115w\" sizes=\"(max-width: 276px) 100vw, 276px\" \/><\/p>\n<p>&nbsp;<\/p>\n<p>Afiyet Olsun\u2026<\/p>\n<p>T\u00fcrk damak lezzetine uygun %100 arabica Rio Minas \u00e7ekirdekleri kullanarak \u00f6zenle kavrulup \u00e7ekilerek elde edilmi\u015ftir.<\/p>\n<p><strong>Ingredients:<\/strong><\/p>\n<p>Kavrulmu\u015f ve ince \u00e7ekilmi\u015f taze kahve, kahve kremas\u0131, ya\u011fs\u0131z s\u00fct tozu, kakule, damla sak\u0131z\u0131 aromas\u0131, \u00f6\u011f\u00fct\u00fclm\u00fc\u015f ke\u00e7i boynuzu, \u015feker<\/p>\n","protected":false},"excerpt":{"rendered":"<p><img decoding=\"async\" class=\"alignnone wp-image-727\" src=\"https:\/\/altincezvegida.com\/wp-content\/uploads\/2022\/03\/Altincezve-Turk-Kahvesi-fincan-2.png\" alt=\"\" width=\"210\" height=\"137\" srcset=\"https:\/\/altincezvegida.com\/wp-content\/uploads\/2022\/03\/Altincezve-Turk-Kahvesi-fincan-2.png 276w, https:\/\/altincezvegida.com\/wp-content\/uploads\/2022\/03\/Altincezve-Turk-Kahvesi-fincan-2-224x146.png 224w, https:\/\/altincezvegida.com\/wp-content\/uploads\/2022\/03\/Altincezve-Turk-Kahvesi-fincan-2-50x33.png 50w, https:\/\/altincezvegida.com\/wp-content\/uploads\/2022\/03\/Altincezve-Turk-Kahvesi-fincan-2-115x75.png 115w\" sizes=\"(max-width: 210px) 100vw, 210px\" \/><\/p>\n<p>&nbsp;<\/p>\n<p>Weight Types: 250 Gram &#8211; 500 Gram<\/p>\n<p>Pcs Per Box: 12 Pcs (250 Gram) &#8211; 6 Pcs (500 Gram)<\/p>\n","protected":false},"featured_media":1139,"template":"","meta":[],"product_cat":[61],"product_tag":[],"class_list":{"0":"post-2028","1":"product","2":"type-product","3":"status-publish","4":"has-post-thumbnail","6":"product_cat-turkish-coffee-group-en","8":"first","9":"instock","10":"shipping-taxable","11":"product-type-simple"},"_links":{"self":[{"href":"https:\/\/altincezvegida.com\/en\/wp-json\/wp\/v2\/product\/2028","targetHints":{"allow":["GET"]}}],"collection":[{"href":"https:\/\/altincezvegida.com\/en\/wp-json\/wp\/v2\/product"}],"about":[{"href":"https:\/\/altincezvegida.com\/en\/wp-json\/wp\/v2\/types\/product"}],"wp:featuredmedia":[{"embeddable":true,"href":"https:\/\/altincezvegida.com\/en\/wp-json\/wp\/v2\/media\/1139"}],"wp:attachment":[{"href":"https:\/\/altincezvegida.com\/en\/wp-json\/wp\/v2\/media?parent=2028"}],"wp:term":[{"taxonomy":"product_cat","embeddable":true,"href":"https:\/\/altincezvegida.com\/en\/wp-json\/wp\/v2\/product_cat?post=2028"},{"taxonomy":"product_tag","embeddable":true,"href":"https:\/\/altincezvegida.com\/en\/wp-json\/wp\/v2\/product_tag?post=2028"}],"curies":[{"name":"wp","href":"https:\/\/api.w.org\/{rel}","templated":true}]}}