{"id":2025,"date":"2022-04-01T08:03:56","date_gmt":"2022-04-01T08:03:56","guid":{"rendered":"https:\/\/altincezvegida.com\/product\/kusburnu-sallama-cayi\/"},"modified":"2022-05-19T11:02:23","modified_gmt":"2022-05-19T11:02:23","slug":"kusburnu-sallama-cayi","status":"publish","type":"product","link":"https:\/\/altincezvegida.com\/en\/product\/kusburnu-sallama-cayi\/","title":{"rendered":"Rosehip Tea Teabag"},"content":{"rendered":"<p><strong>Rosehip Tea Teabag<\/strong><\/p>\n<p><strong>Preparation:<\/strong><\/p>\n<ul>\n<li>S\u00fczen po\u015feti fincana koyunuz<\/li>\n<li>\u00dczerine 100\u00b0C de kaynam\u0131\u015f su ilave ediniz<\/li>\n<li>\u0130stedi\u011finiz dem ve yo\u011funlu\u011fu elde etmek i\u00e7in 2 -3 dakika bekleyiniz<\/li>\n<li>\u0130ste\u011fe g\u00f6re tatland\u0131rarak servis yapabilirsiniz<\/li>\n<\/ul>\n<p>&nbsp;<\/p>\n<p><img fetchpriority=\"high\" decoding=\"async\" class=\"alignnone size-medium wp-image-1281\" src=\"https:\/\/altincezvegida.com\/wp-content\/uploads\/2022\/04\/sallama-cay-bardak-300x225.png\" alt=\"\" width=\"300\" height=\"225\" srcset=\"https:\/\/altincezvegida.com\/wp-content\/uploads\/2022\/04\/sallama-cay-bardak-300x225.png 300w, https:\/\/altincezvegida.com\/wp-content\/uploads\/2022\/04\/sallama-cay-bardak-195x146.png 195w, https:\/\/altincezvegida.com\/wp-content\/uploads\/2022\/04\/sallama-cay-bardak-50x38.png 50w, https:\/\/altincezvegida.com\/wp-content\/uploads\/2022\/04\/sallama-cay-bardak-100x75.png 100w, https:\/\/altincezvegida.com\/wp-content\/uploads\/2022\/04\/sallama-cay-bardak.png 400w\" sizes=\"(max-width: 300px) 100vw, 300px\" \/><\/p>\n<p>Afiyet olsun\u2026<\/p>\n<p><strong>Ingredients:<\/strong><\/p>\n<p>Ku\u015fburnu (%60), bamya \u00e7i\u00e7e\u011fi<\/p>\n","protected":false},"excerpt":{"rendered":"<p><img decoding=\"async\" class=\"alignnone wp-image-1281\" src=\"https:\/\/altincezvegida.com\/wp-content\/uploads\/2022\/04\/sallama-cay-bardak-300x225.png\" alt=\"\" width=\"211\" height=\"158\" srcset=\"https:\/\/altincezvegida.com\/wp-content\/uploads\/2022\/04\/sallama-cay-bardak-300x225.png 300w, https:\/\/altincezvegida.com\/wp-content\/uploads\/2022\/04\/sallama-cay-bardak-195x146.png 195w, https:\/\/altincezvegida.com\/wp-content\/uploads\/2022\/04\/sallama-cay-bardak-50x38.png 50w, https:\/\/altincezvegida.com\/wp-content\/uploads\/2022\/04\/sallama-cay-bardak-100x75.png 100w, https:\/\/altincezvegida.com\/wp-content\/uploads\/2022\/04\/sallama-cay-bardak.png 400w\" sizes=\"(max-width: 211px) 100vw, 211px\" \/><\/p>\n<p>&nbsp;<\/p>\n<p>Weight Types: 2 gr x 20 Pcs (Per Pack)<\/p>\n<p>Packs Per Box: 24 Packs<\/p>\n","protected":false},"featured_media":1290,"template":"","meta":[],"product_cat":[77],"product_tag":[],"class_list":{"0":"post-2025","1":"product","2":"type-product","3":"status-publish","4":"has-post-thumbnail","6":"product_cat-teabag-tea-group-en","8":"first","9":"instock","10":"shipping-taxable","11":"product-type-simple"},"_links":{"self":[{"href":"https:\/\/altincezvegida.com\/en\/wp-json\/wp\/v2\/product\/2025","targetHints":{"allow":["GET"]}}],"collection":[{"href":"https:\/\/altincezvegida.com\/en\/wp-json\/wp\/v2\/product"}],"about":[{"href":"https:\/\/altincezvegida.com\/en\/wp-json\/wp\/v2\/types\/product"}],"wp:featuredmedia":[{"embeddable":true,"href":"https:\/\/altincezvegida.com\/en\/wp-json\/wp\/v2\/media\/1290"}],"wp:attachment":[{"href":"https:\/\/altincezvegida.com\/en\/wp-json\/wp\/v2\/media?parent=2025"}],"wp:term":[{"taxonomy":"product_cat","embeddable":true,"href":"https:\/\/altincezvegida.com\/en\/wp-json\/wp\/v2\/product_cat?post=2025"},{"taxonomy":"product_tag","embeddable":true,"href":"https:\/\/altincezvegida.com\/en\/wp-json\/wp\/v2\/product_tag?post=2025"}],"curies":[{"name":"wp","href":"https:\/\/api.w.org\/{rel}","templated":true}]}}