{"id":2023,"date":"2022-04-01T08:13:40","date_gmt":"2022-04-01T08:13:40","guid":{"rendered":"https:\/\/altincezvegida.com\/product\/sallama-filiz-cay\/"},"modified":"2022-05-19T11:01:14","modified_gmt":"2022-05-19T11:01:14","slug":"sallama-filiz-cay","status":"publish","type":"product","link":"https:\/\/altincezvegida.com\/en\/product\/sallama-filiz-cay\/","title":{"rendered":"Filiz Teabag Black Tea"},"content":{"rendered":"<p><strong>Filiz Teabag Black Tea<\/strong><\/p>\n<p>Karadenizin se\u00e7kin \u00e7ay bah\u00e7elerinden \u00f6zenle toplanarak el de\u011fmeden otomatik makinalarda paketlenmi\u015ftir.<\/p>\n<p><strong>Preparation:<\/strong><\/p>\n<ul>\n<li>Alt\u0131ncezve sallama po\u015fet \u00e7ay\u0131n\u0131z\u0131 barda\u011fa koyunuz<\/li>\n<li>\u00dczerine 100\u00b0C de kaynam\u0131\u015f su ilave ediniz<\/li>\n<li>\u0130stedi\u011finiz dem ve yo\u011funlu\u011fu elde etmek i\u00e7in 2 -3 dakika bekleyiniz.<\/li>\n<\/ul>\n<p><img fetchpriority=\"high\" decoding=\"async\" class=\"alignnone size-medium wp-image-1281\" src=\"https:\/\/altincezvegida.com\/wp-content\/uploads\/2022\/04\/sallama-cay-bardak-300x225.png\" alt=\"\" width=\"300\" height=\"225\" srcset=\"https:\/\/altincezvegida.com\/wp-content\/uploads\/2022\/04\/sallama-cay-bardak-300x225.png 300w, https:\/\/altincezvegida.com\/wp-content\/uploads\/2022\/04\/sallama-cay-bardak-195x146.png 195w, https:\/\/altincezvegida.com\/wp-content\/uploads\/2022\/04\/sallama-cay-bardak-50x38.png 50w, https:\/\/altincezvegida.com\/wp-content\/uploads\/2022\/04\/sallama-cay-bardak-100x75.png 100w, https:\/\/altincezvegida.com\/wp-content\/uploads\/2022\/04\/sallama-cay-bardak.png 400w\" sizes=\"(max-width: 300px) 100vw, 300px\" \/><\/p>\n<p>Afiyet olsun\u2026<\/p>\n<p><strong>Ingredients:<\/strong><\/p>\n<p>Siyah \u00c7ay, aroma verici(bergamot)<\/p>\n","protected":false},"excerpt":{"rendered":"<p><img decoding=\"async\" class=\"alignnone wp-image-1281\" src=\"https:\/\/altincezvegida.com\/wp-content\/uploads\/2022\/04\/sallama-cay-bardak-300x225.png\" alt=\"\" width=\"211\" height=\"158\" srcset=\"https:\/\/altincezvegida.com\/wp-content\/uploads\/2022\/04\/sallama-cay-bardak-300x225.png 300w, https:\/\/altincezvegida.com\/wp-content\/uploads\/2022\/04\/sallama-cay-bardak-195x146.png 195w, https:\/\/altincezvegida.com\/wp-content\/uploads\/2022\/04\/sallama-cay-bardak-50x38.png 50w, https:\/\/altincezvegida.com\/wp-content\/uploads\/2022\/04\/sallama-cay-bardak-100x75.png 100w, https:\/\/altincezvegida.com\/wp-content\/uploads\/2022\/04\/sallama-cay-bardak.png 400w\" sizes=\"(max-width: 211px) 100vw, 211px\" \/><\/p>\n<p>&nbsp;<\/p>\n<p>Weight Types: 2 gr x 20 Pcs (Per Pack)<\/p>\n<p>Packs Per Box: 24 Packs<\/p>\n","protected":false},"featured_media":1294,"template":"","meta":[],"product_cat":[77],"product_tag":[],"class_list":{"0":"post-2023","1":"product","2":"type-product","3":"status-publish","4":"has-post-thumbnail","6":"product_cat-teabag-tea-group-en","8":"first","9":"instock","10":"shipping-taxable","11":"product-type-simple"},"_links":{"self":[{"href":"https:\/\/altincezvegida.com\/en\/wp-json\/wp\/v2\/product\/2023","targetHints":{"allow":["GET"]}}],"collection":[{"href":"https:\/\/altincezvegida.com\/en\/wp-json\/wp\/v2\/product"}],"about":[{"href":"https:\/\/altincezvegida.com\/en\/wp-json\/wp\/v2\/types\/product"}],"wp:featuredmedia":[{"embeddable":true,"href":"https:\/\/altincezvegida.com\/en\/wp-json\/wp\/v2\/media\/1294"}],"wp:attachment":[{"href":"https:\/\/altincezvegida.com\/en\/wp-json\/wp\/v2\/media?parent=2023"}],"wp:term":[{"taxonomy":"product_cat","embeddable":true,"href":"https:\/\/altincezvegida.com\/en\/wp-json\/wp\/v2\/product_cat?post=2023"},{"taxonomy":"product_tag","embeddable":true,"href":"https:\/\/altincezvegida.com\/en\/wp-json\/wp\/v2\/product_tag?post=2023"}],"curies":[{"name":"wp","href":"https:\/\/api.w.org\/{rel}","templated":true}]}}