{"id":1999,"date":"2022-03-31T07:47:22","date_gmt":"2022-03-31T07:47:22","guid":{"rendered":"https:\/\/altincezvegida.com\/product\/teneke-hazir-turk-kahvesi-sekerli\/"},"modified":"2022-05-19T09:20:22","modified_gmt":"2022-05-19T09:20:22","slug":"teneke-hazir-turk-kahvesi-sekerli","status":"publish","type":"product","link":"https:\/\/altincezvegida.com\/en\/product\/teneke-hazir-turk-kahvesi-sekerli\/","title":{"rendered":"Instant Turkish Coffee Tin Box \u2013 With Sugar"},"content":{"rendered":"<p><strong>Instant Turkish Coffee Tin Box \u2013 With Sugar<\/strong><\/p>\n<p>&nbsp;<\/p>\n<p><strong>T\u00fcr\u00fc:<\/strong>\u00a0Arabica<\/p>\n<p><strong>Tipi:\u00a0<\/strong>Orta Kavrulmu\u015f<\/p>\n<p><strong>Derecesi:\u00a0<\/strong>\u0130nce \u00c7ekilmi\u015f<\/p>\n<p>&nbsp;<\/p>\n<p><strong>Preparation:<\/strong><\/p>\n<ul>\n<li>70ml (bir fincan) suya 6 gr \u201cHaz\u0131r T\u00fcrk Kahvesi \u015eekerli\u201d, her fincan i\u00e7in dolu iki \u00e7ay ka\u015f\u0131\u011f\u0131 veya teneke i\u00e7erisinden \u00e7\u0131kan \u00f6l\u00e7ek ka\u015f\u0131\u011f\u0131 ile silme bir \u00f6l\u00e7ek kahveyi fincana bo\u015falt\u0131n\u0131z<\/li>\n<li>Fincan\u0131 kaynar su ile doldurup kar\u0131\u015ft\u0131rarak kahveyi iyice eritiniz<\/li>\n<li>Fincan\u0131 kar\u0131\u015ft\u0131rd\u0131ktan sonra su seviyesi bir miktar geri gelebilir. Dilerseniz \u00fcst\u00fcn\u00fc s\u0131cak suyla tamamlayabilirsiniz<\/li>\n<\/ul>\n<p><img decoding=\"async\" class=\"alignnone size-full wp-image-727\" src=\"https:\/\/altincezvegida.com\/wp-content\/uploads\/2022\/03\/Altincezve-Turk-Kahvesi-fincan-2.png\" alt=\"\" width=\"276\" height=\"180\" srcset=\"https:\/\/altincezvegida.com\/wp-content\/uploads\/2022\/03\/Altincezve-Turk-Kahvesi-fincan-2.png 276w, https:\/\/altincezvegida.com\/wp-content\/uploads\/2022\/03\/Altincezve-Turk-Kahvesi-fincan-2-224x146.png 224w, https:\/\/altincezvegida.com\/wp-content\/uploads\/2022\/03\/Altincezve-Turk-Kahvesi-fincan-2-50x33.png 50w, https:\/\/altincezvegida.com\/wp-content\/uploads\/2022\/03\/Altincezve-Turk-Kahvesi-fincan-2-115x75.png 115w\" sizes=\"(max-width: 276px) 100vw, 276px\" \/><\/p>\n<p>Afiyet Olsun\u2026<\/p>\n<p>T\u00fcrk damak lezzetine uygun %100 arabica Rio Minas \u00e7ekirdekleri kullanarak \u00f6zenle kavrulup \u00e7ekilerek elde edilmi\u015ftir.<\/p>\n<p><strong>Ingredients:<\/strong><\/p>\n<p>Kavrulmu\u015f ve ince \u00e7ekilmi\u015f taze kahve, sodyum bikarbonat, s\u00fct proteini, \u015feker<\/p>\n","protected":false},"excerpt":{"rendered":"<p><img decoding=\"async\" class=\"alignnone wp-image-727\" src=\"https:\/\/altincezvegida.com\/wp-content\/uploads\/2022\/03\/Altincezve-Turk-Kahvesi-fincan-2.png\" alt=\"\" width=\"210\" height=\"137\" srcset=\"https:\/\/altincezvegida.com\/wp-content\/uploads\/2022\/03\/Altincezve-Turk-Kahvesi-fincan-2.png 276w, https:\/\/altincezvegida.com\/wp-content\/uploads\/2022\/03\/Altincezve-Turk-Kahvesi-fincan-2-224x146.png 224w, https:\/\/altincezvegida.com\/wp-content\/uploads\/2022\/03\/Altincezve-Turk-Kahvesi-fincan-2-50x33.png 50w, https:\/\/altincezvegida.com\/wp-content\/uploads\/2022\/03\/Altincezve-Turk-Kahvesi-fincan-2-115x75.png 115w\" sizes=\"(max-width: 210px) 100vw, 210px\" \/><\/p>\n<p>&nbsp;<\/p>\n<p>Weight Types: 250 Gram &#8211; 500 Gram<\/p>\n<p>Pcs Per Box: 12 Pcs (250 Gram) &#8211; 6 Pcs (500 Gram)<\/p>\n","protected":false},"featured_media":1153,"template":"","meta":[],"product_cat":[73],"product_tag":[],"class_list":{"0":"post-1999","1":"product","2":"type-product","3":"status-publish","4":"has-post-thumbnail","6":"product_cat-instant-tukish-coffee-group-en","8":"first","9":"instock","10":"shipping-taxable","11":"product-type-simple"},"_links":{"self":[{"href":"https:\/\/altincezvegida.com\/en\/wp-json\/wp\/v2\/product\/1999","targetHints":{"allow":["GET"]}}],"collection":[{"href":"https:\/\/altincezvegida.com\/en\/wp-json\/wp\/v2\/product"}],"about":[{"href":"https:\/\/altincezvegida.com\/en\/wp-json\/wp\/v2\/types\/product"}],"wp:featuredmedia":[{"embeddable":true,"href":"https:\/\/altincezvegida.com\/en\/wp-json\/wp\/v2\/media\/1153"}],"wp:attachment":[{"href":"https:\/\/altincezvegida.com\/en\/wp-json\/wp\/v2\/media?parent=1999"}],"wp:term":[{"taxonomy":"product_cat","embeddable":true,"href":"https:\/\/altincezvegida.com\/en\/wp-json\/wp\/v2\/product_cat?post=1999"},{"taxonomy":"product_tag","embeddable":true,"href":"https:\/\/altincezvegida.com\/en\/wp-json\/wp\/v2\/product_tag?post=1999"}],"curies":[{"name":"wp","href":"https:\/\/api.w.org\/{rel}","templated":true}]}}