{"id":1987,"date":"2022-03-31T09:03:37","date_gmt":"2022-03-31T09:03:37","guid":{"rendered":"https:\/\/altincezvegida.com\/product\/sutlu-hazir-dibek-kahvesi-sekerli\/"},"modified":"2022-05-19T08:40:02","modified_gmt":"2022-05-19T08:40:02","slug":"sutlu-hazir-dibek-kahvesi-sekerli","status":"publish","type":"product","link":"https:\/\/altincezvegida.com\/en\/product\/sutlu-hazir-dibek-kahvesi-sekerli\/","title":{"rendered":"Miky Instant Mortar Coffee \u2013 With Sugar"},"content":{"rendered":"<div><strong>Miky Instant Mortar Coffee \u2013 With Sugar <\/strong><\/div>\n<div><\/div>\n<div><em><strong>Mixture Prepared with Traditional Ottoman Method :<\/strong><\/em><\/div>\n<div>\n<div><\/div>\n<div><strong>Preparation:<\/strong><\/div>\n<div><strong>Kahvenizi en g\u00fczel \u015fekilde haz\u0131rlayabilmek i\u00e7in :<\/strong><\/div>\n<\/div>\n<div><\/div>\n<ul>\n<li>Fincan\u0131 s\u0131cak su ile \u0131s\u0131t\u0131n ve \u0131s\u0131nan fincandaki suyu bo\u015falt\u0131n<\/li>\n<li>Alt\u0131ncezve Haz\u0131r T\u00fcrk kahvesi po\u015fetini fincana bo\u015falt\u0131n<\/li>\n<li>Fincan\u0131\u00a0<u>kaynar<\/u>\u00a0su ile doldurup kar\u0131\u015ft\u0131rarak kahveyi iyice eritin<\/li>\n<li>Dilerseniz \u00fcst\u00fcn\u00fc s\u0131cak suyla tamamlayabilirsiniz<\/li>\n<\/ul>\n<div><img decoding=\"async\" class=\"alignnone size-full wp-image-727\" src=\"https:\/\/altincezvegida.com\/wp-content\/uploads\/2022\/03\/Altincezve-Turk-Kahvesi-fincan-2.png\" alt=\"\" width=\"276\" height=\"180\" srcset=\"https:\/\/altincezvegida.com\/wp-content\/uploads\/2022\/03\/Altincezve-Turk-Kahvesi-fincan-2.png 276w, https:\/\/altincezvegida.com\/wp-content\/uploads\/2022\/03\/Altincezve-Turk-Kahvesi-fincan-2-224x146.png 224w, https:\/\/altincezvegida.com\/wp-content\/uploads\/2022\/03\/Altincezve-Turk-Kahvesi-fincan-2-50x33.png 50w, https:\/\/altincezvegida.com\/wp-content\/uploads\/2022\/03\/Altincezve-Turk-Kahvesi-fincan-2-115x75.png 115w\" sizes=\"(max-width: 276px) 100vw, 276px\" \/><\/div>\n<div>\n<div>Afiyet olsun\u2026<\/div>\n<\/div>\n<div>\n<p>Yap\u0131lmas\u0131 pratik oldu\u011fu i\u00e7in sizi yormaz. E\u015fsiz lezzeti ile a\u011f\u0131zlarda muhte\u015fem bir tat b\u0131rak\u0131r.<\/p>\n<\/div>\n<p><strong>Ingredients:<\/strong><\/p>\n<div>\n<p>Kavrulmu\u015f ve ince \u00e7ekilmi\u015f taze kahve, Kahve kremas\u0131, Ya\u011fs\u0131z s\u00fct tozu, Kakule, Damla sak\u0131z\u0131 aromas\u0131, \u00d6\u011f\u00fct\u00fclm\u00fc\u015f ke\u00e7i boynuzu, Sodyum bikarbonat, \u015eeker<\/p>\n<\/div>\n","protected":false},"excerpt":{"rendered":"<p><img decoding=\"async\" class=\"alignnone wp-image-727\" src=\"https:\/\/altincezvegida.com\/wp-content\/uploads\/2022\/03\/Altincezve-Turk-Kahvesi-fincan-2.png\" alt=\"\" width=\"210\" height=\"137\" srcset=\"https:\/\/altincezvegida.com\/wp-content\/uploads\/2022\/03\/Altincezve-Turk-Kahvesi-fincan-2.png 276w, https:\/\/altincezvegida.com\/wp-content\/uploads\/2022\/03\/Altincezve-Turk-Kahvesi-fincan-2-224x146.png 224w, https:\/\/altincezvegida.com\/wp-content\/uploads\/2022\/03\/Altincezve-Turk-Kahvesi-fincan-2-50x33.png 50w, https:\/\/altincezvegida.com\/wp-content\/uploads\/2022\/03\/Altincezve-Turk-Kahvesi-fincan-2-115x75.png 115w\" sizes=\"(max-width: 210px) 100vw, 210px\" \/><\/p>\n<p>&nbsp;<\/p>\n<p>Weight Types: 10 Gram x 20 Pcs (Per Pack)<\/p>\n<p>Pcs Per Box: 6 Packs<\/p>\n","protected":false},"featured_media":1180,"template":"","meta":[],"product_cat":[73],"product_tag":[],"class_list":{"0":"post-1987","1":"product","2":"type-product","3":"status-publish","4":"has-post-thumbnail","6":"product_cat-instant-tukish-coffee-group-en","8":"first","9":"instock","10":"shipping-taxable","11":"product-type-simple"},"_links":{"self":[{"href":"https:\/\/altincezvegida.com\/en\/wp-json\/wp\/v2\/product\/1987","targetHints":{"allow":["GET"]}}],"collection":[{"href":"https:\/\/altincezvegida.com\/en\/wp-json\/wp\/v2\/product"}],"about":[{"href":"https:\/\/altincezvegida.com\/en\/wp-json\/wp\/v2\/types\/product"}],"wp:featuredmedia":[{"embeddable":true,"href":"https:\/\/altincezvegida.com\/en\/wp-json\/wp\/v2\/media\/1180"}],"wp:attachment":[{"href":"https:\/\/altincezvegida.com\/en\/wp-json\/wp\/v2\/media?parent=1987"}],"wp:term":[{"taxonomy":"product_cat","embeddable":true,"href":"https:\/\/altincezvegida.com\/en\/wp-json\/wp\/v2\/product_cat?post=1987"},{"taxonomy":"product_tag","embeddable":true,"href":"https:\/\/altincezvegida.com\/en\/wp-json\/wp\/v2\/product_tag?post=1987"}],"curies":[{"name":"wp","href":"https:\/\/api.w.org\/{rel}","templated":true}]}}