{"id":1971,"date":"2022-04-01T12:26:15","date_gmt":"2022-04-01T12:26:15","guid":{"rendered":"https:\/\/altincezvegida.com\/product\/dogal-icerikli-toz-kis-cayi-tek-kullanimlik\/"},"modified":"2022-05-19T08:17:42","modified_gmt":"2022-05-19T08:17:42","slug":"dogal-icerikli-toz-kis-cayi-tek-kullanimlik","status":"publish","type":"product","link":"https:\/\/altincezvegida.com\/en\/product\/dogal-icerikli-toz-kis-cayi-tek-kullanimlik\/","title":{"rendered":"Natural Instant Winter Tea Powder &#8211; Single Serve"},"content":{"rendered":"<div><strong>Natural Instant Winter Tea Powder &#8211; Single Serve<\/strong><\/div>\n<div><\/div>\n<div>\n<p><strong>S\u0131cak olarak t\u00fcketilmesi \u00f6nerilmektedir<\/strong><\/p>\n<p><strong>Preparation:<\/strong><\/p>\n<ul>\n<li>Po\u015fetin tamam\u0131n\u0131 bir fincana bo\u015falt\u0131n\u0131z<\/li>\n<li>\u00dczerine 100\u00b0C de kaynam\u0131\u015f su ilave ederek iyice kar\u0131\u015ft\u0131r\u0131n\u0131z<\/li>\n<li>Arzuya g\u00f6re \u015feker ilave edebilirsiniz<\/li>\n<\/ul>\n<p>Afiyet olsun\u2026<\/p>\n<p>Yap\u0131lmas\u0131 pratik oldu\u011fu i\u00e7in sizi yormaz. E\u015fsiz lezzeti ile a\u011f\u0131zlarda muhte\u015fem bir tat b\u0131rak\u0131r.<\/p>\n<p>ALTINCEZVE \u0130\u00e7ece\u011finizi g\u00fcn\u00fcn her saatinde keyifle yudumlayabilirsiniz.<\/p>\n<\/div>\n<p><img fetchpriority=\"high\" decoding=\"async\" class=\"size-medium wp-image-1972 alignleft\" src=\"https:\/\/altincezvegida.com\/wp-content\/uploads\/2022\/04\/Herbal-Winter-Tea-1-e1652946931247-300x211.png\" alt=\"\" width=\"300\" height=\"211\" srcset=\"https:\/\/altincezvegida.com\/wp-content\/uploads\/2022\/04\/Herbal-Winter-Tea-1-e1652946931247-300x211.png 300w, https:\/\/altincezvegida.com\/wp-content\/uploads\/2022\/04\/Herbal-Winter-Tea-1-e1652946931247-208x146.png 208w, https:\/\/altincezvegida.com\/wp-content\/uploads\/2022\/04\/Herbal-Winter-Tea-1-e1652946931247-50x35.png 50w, https:\/\/altincezvegida.com\/wp-content\/uploads\/2022\/04\/Herbal-Winter-Tea-1-e1652946931247-107x75.png 107w, https:\/\/altincezvegida.com\/wp-content\/uploads\/2022\/04\/Herbal-Winter-Tea-1-e1652946931247.png 460w\" sizes=\"(max-width: 300px) 100vw, 300px\" \/><\/p>\n<p>&nbsp;<\/p>\n<div>\n<p>&nbsp;<\/p>\n<p>&nbsp;<\/p>\n<p>&nbsp;<\/p>\n<p>&nbsp;<\/p>\n<p>&nbsp;<\/p>\n<p><strong>Ingredients:<\/strong><\/p>\n<p>Karanfil, zencefil, karabiber, hibiskus, aroma verici (tar\u00e7\u0131n-\u0131hlamur), stevia, \u015feker, L-askorbik asit E300<\/p>\n<\/div>\n","protected":false},"excerpt":{"rendered":"<p><img fetchpriority=\"high\" decoding=\"async\" class=\"size-medium wp-image-1972 alignleft\" src=\"https:\/\/altincezvegida.com\/wp-content\/uploads\/2022\/04\/Herbal-Winter-Tea-1-e1652946931247-300x211.png\" alt=\"\" width=\"300\" height=\"211\" srcset=\"https:\/\/altincezvegida.com\/wp-content\/uploads\/2022\/04\/Herbal-Winter-Tea-1-e1652946931247-300x211.png 300w, https:\/\/altincezvegida.com\/wp-content\/uploads\/2022\/04\/Herbal-Winter-Tea-1-e1652946931247-208x146.png 208w, https:\/\/altincezvegida.com\/wp-content\/uploads\/2022\/04\/Herbal-Winter-Tea-1-e1652946931247-50x35.png 50w, https:\/\/altincezvegida.com\/wp-content\/uploads\/2022\/04\/Herbal-Winter-Tea-1-e1652946931247-107x75.png 107w, https:\/\/altincezvegida.com\/wp-content\/uploads\/2022\/04\/Herbal-Winter-Tea-1-e1652946931247.png 460w\" sizes=\"(max-width: 300px) 100vw, 300px\" \/><\/p>\n<p>&nbsp;<\/p>\n<p>&nbsp;<\/p>\n<p>&nbsp;<\/p>\n<p>&nbsp;<\/p>\n<p>&nbsp;<\/p>\n<p>&nbsp;<\/p>\n<p>Weight Types: 10 Gram x 20 Pcs (Per Pack)<\/p>\n<p>Pcs Per Box: 6 Packs<\/p>\n","protected":false},"featured_media":1338,"template":"","meta":[],"product_cat":[79],"product_tag":[],"class_list":{"0":"post-1971","1":"product","2":"type-product","3":"status-publish","4":"has-post-thumbnail","6":"product_cat-instant-natural-tea-group-en","8":"first","9":"instock","10":"shipping-taxable","11":"product-type-simple"},"_links":{"self":[{"href":"https:\/\/altincezvegida.com\/en\/wp-json\/wp\/v2\/product\/1971","targetHints":{"allow":["GET"]}}],"collection":[{"href":"https:\/\/altincezvegida.com\/en\/wp-json\/wp\/v2\/product"}],"about":[{"href":"https:\/\/altincezvegida.com\/en\/wp-json\/wp\/v2\/types\/product"}],"wp:featuredmedia":[{"embeddable":true,"href":"https:\/\/altincezvegida.com\/en\/wp-json\/wp\/v2\/media\/1338"}],"wp:attachment":[{"href":"https:\/\/altincezvegida.com\/en\/wp-json\/wp\/v2\/media?parent=1971"}],"wp:term":[{"taxonomy":"product_cat","embeddable":true,"href":"https:\/\/altincezvegida.com\/en\/wp-json\/wp\/v2\/product_cat?post=1971"},{"taxonomy":"product_tag","embeddable":true,"href":"https:\/\/altincezvegida.com\/en\/wp-json\/wp\/v2\/product_tag?post=1971"}],"curies":[{"name":"wp","href":"https:\/\/api.w.org\/{rel}","templated":true}]}}