{"id":1929,"date":"2022-03-19T09:19:25","date_gmt":"2022-03-19T09:19:25","guid":{"rendered":"https:\/\/altincezvegida.com\/product\/kusburnu\/"},"modified":"2022-05-18T13:12:40","modified_gmt":"2022-05-18T13:12:40","slug":"kusburnu","status":"publish","type":"product","link":"https:\/\/altincezvegida.com\/en\/product\/kusburnu\/","title":{"rendered":"Rosehip Flavored Powder Drink"},"content":{"rendered":"<p><strong>Rosehip Flavored Powder Drink<\/strong><\/p>\n<p><strong>Tavsiye edilen kullan\u0131m \u015fekli s\u0131cak su iledir.<\/strong><\/p>\n<p><strong>Preparation:\u00a0<\/strong><\/p>\n<p><strong>S\u0131cak i\u00e7mek i\u00e7in;<\/strong><\/p>\n<p>1 \u00e7ay barda\u011f\u0131 s\u0131cak suya 2-3 \u00e7ay ka\u015f\u0131\u011f\u0131 (10gr) Alt\u0131ncezve Ku\u015fburnu aromal\u0131 i\u00e7ecek tozu d\u00f6kerek eriyinceye kadar kar\u0131\u015ft\u0131r\u0131p servis yap\u0131n\u0131z.<\/p>\n<p><strong>So\u011fuk i\u00e7mek i\u00e7in;<\/strong><\/p>\n<p>1 su barda\u011f\u0131 suya 1 \u00e7orba ka\u015f\u0131\u011f\u0131 (25gr) Alt\u0131ncezve Ku\u015fburnu aromal\u0131 i\u00e7ecek tozu d\u00f6kerek eriyinceye kadar kar\u0131\u015ft\u0131r\u0131p servis yap\u0131n\u0131z.<\/p>\n<p>Afiyet olsun\u2026<\/p>\n<p>Yap\u0131lmas\u0131 pratik oldu\u011fu i\u00e7in sizi yormaz. E\u015fsiz lezzeti ile a\u011f\u0131zlarda muhte\u015fem bir tat b\u0131rak\u0131r.<\/p>\n<p>ALTINCEZVE Toz \u0130\u00e7ece\u011finizi ister so\u011fuk ister s\u0131cak g\u00fcn\u00fcn her saatinde keyifle yudumlayabilirsiniz.<\/p>\n<p><img decoding=\"async\" class=\"alignnone size-full wp-image-748\" src=\"https:\/\/altincezvegida.com\/wp-content\/uploads\/2022\/03\/kusburnu-bardak-gorseli-1.png\" alt=\"\" width=\"172\" height=\"180\" srcset=\"https:\/\/altincezvegida.com\/wp-content\/uploads\/2022\/03\/kusburnu-bardak-gorseli-1.png 172w, https:\/\/altincezvegida.com\/wp-content\/uploads\/2022\/03\/kusburnu-bardak-gorseli-1-140x146.png 140w, https:\/\/altincezvegida.com\/wp-content\/uploads\/2022\/03\/kusburnu-bardak-gorseli-1-48x50.png 48w, https:\/\/altincezvegida.com\/wp-content\/uploads\/2022\/03\/kusburnu-bardak-gorseli-1-72x75.png 72w\" sizes=\"(max-width: 172px) 100vw, 172px\" \/><\/p>\n<p>&nbsp;<\/p>\n<p>&nbsp;<\/p>\n<p><strong>Ingredients:<\/strong><\/p>\n<p>\u015eeker, Asitlik d\u00fczenleyici (Strik asit E330), Topaklanmay\u0131 \u00f6nleyici (Trikalsiyum fosfat E341), Aroma verici (Ku\u015fburnu), L askorbik asit E300, Renklendiriciler (Green E142, Karmosin E122)<\/p>\n","protected":false},"excerpt":{"rendered":"<p>&nbsp;<\/p>\n<p>&nbsp;<\/p>\n<p><img decoding=\"async\" class=\"alignnone size-full wp-image-748\" src=\"https:\/\/altincezvegida.com\/wp-content\/uploads\/2022\/03\/kusburnu-bardak-gorseli-1.png\" alt=\"\" width=\"172\" height=\"180\" srcset=\"https:\/\/altincezvegida.com\/wp-content\/uploads\/2022\/03\/kusburnu-bardak-gorseli-1.png 172w, https:\/\/altincezvegida.com\/wp-content\/uploads\/2022\/03\/kusburnu-bardak-gorseli-1-140x146.png 140w, https:\/\/altincezvegida.com\/wp-content\/uploads\/2022\/03\/kusburnu-bardak-gorseli-1-48x50.png 48w, https:\/\/altincezvegida.com\/wp-content\/uploads\/2022\/03\/kusburnu-bardak-gorseli-1-72x75.png 72w\" sizes=\"(max-width: 172px) 100vw, 172px\" \/><\/p>\n<p>Weight Types: 250 Grams \u2013 400 Grams<\/p>\n<p>Pcs Per Box: 20 Pcs<\/p>\n","protected":false},"featured_media":866,"template":"","meta":[],"product_cat":[63],"product_tag":[],"class_list":{"0":"post-1929","1":"product","2":"type-product","3":"status-publish","4":"has-post-thumbnail","6":"product_cat-flavored-powder-drinks-group-en","8":"first","9":"instock","10":"shipping-taxable","11":"product-type-simple"},"_links":{"self":[{"href":"https:\/\/altincezvegida.com\/en\/wp-json\/wp\/v2\/product\/1929","targetHints":{"allow":["GET"]}}],"collection":[{"href":"https:\/\/altincezvegida.com\/en\/wp-json\/wp\/v2\/product"}],"about":[{"href":"https:\/\/altincezvegida.com\/en\/wp-json\/wp\/v2\/types\/product"}],"wp:featuredmedia":[{"embeddable":true,"href":"https:\/\/altincezvegida.com\/en\/wp-json\/wp\/v2\/media\/866"}],"wp:attachment":[{"href":"https:\/\/altincezvegida.com\/en\/wp-json\/wp\/v2\/media?parent=1929"}],"wp:term":[{"taxonomy":"product_cat","embeddable":true,"href":"https:\/\/altincezvegida.com\/en\/wp-json\/wp\/v2\/product_cat?post=1929"},{"taxonomy":"product_tag","embeddable":true,"href":"https:\/\/altincezvegida.com\/en\/wp-json\/wp\/v2\/product_tag?post=1929"}],"curies":[{"name":"wp","href":"https:\/\/api.w.org\/{rel}","templated":true}]}}