{"id":1902,"date":"2022-03-28T11:29:04","date_gmt":"2022-03-28T11:29:04","guid":{"rendered":"https:\/\/altincezvegida.com\/product\/nar\/"},"modified":"2022-05-18T09:59:04","modified_gmt":"2022-05-18T09:59:04","slug":"nar","status":"publish","type":"product","link":"https:\/\/altincezvegida.com\/en\/product\/nar\/","title":{"rendered":"Pomegranate Flavored Powder Drink"},"content":{"rendered":"<p><strong>Pomegranate Flavored Powder Drink<\/strong><\/p>\n<p><strong>Tavsiye edilen kullan\u0131m \u015fekli s\u0131cak su iledir.<\/strong><\/p>\n<p><strong>Preparation:\u00a0<\/strong><\/p>\n<p><strong>S\u0131cak i\u00e7mek i\u00e7in;<\/strong><\/p>\n<p>1 \u00e7ay barda\u011f\u0131 s\u0131cak suya 2-3 \u00e7ay ka\u015f\u0131\u011f\u0131 (10gr) Alt\u0131ncezve Nar aromal\u0131 i\u00e7ecek tozu d\u00f6kerek eriyinceye kadar kar\u0131\u015ft\u0131r\u0131p servis yap\u0131n\u0131z.<\/p>\n<p><strong>So\u011fuk i\u00e7mek i\u00e7in;<\/strong><\/p>\n<p>1 su barda\u011f\u0131 suya 1 \u00e7orba ka\u015f\u0131\u011f\u0131 (25gr) Alt\u0131ncezve Nar aromal\u0131 i\u00e7ecek tozu d\u00f6kerek eriyinceye kadar kar\u0131\u015ft\u0131r\u0131p servis yap\u0131n\u0131z.<\/p>\n<p><img decoding=\"async\" class=\"alignnone size-full wp-image-757\" src=\"https:\/\/altincezvegida.com\/wp-content\/uploads\/2022\/03\/nar-bardak-gorseli1.png\" alt=\"\" width=\"200\" height=\"180\" srcset=\"https:\/\/altincezvegida.com\/wp-content\/uploads\/2022\/03\/nar-bardak-gorseli1.png 200w, https:\/\/altincezvegida.com\/wp-content\/uploads\/2022\/03\/nar-bardak-gorseli1-162x146.png 162w, https:\/\/altincezvegida.com\/wp-content\/uploads\/2022\/03\/nar-bardak-gorseli1-50x45.png 50w, https:\/\/altincezvegida.com\/wp-content\/uploads\/2022\/03\/nar-bardak-gorseli1-83x75.png 83w\" sizes=\"(max-width: 200px) 100vw, 200px\" \/><\/p>\n<p>&nbsp;<\/p>\n<p>Afiyet olsun\u2026<\/p>\n<p>&nbsp;<\/p>\n<p>Yap\u0131lmas\u0131 pratik oldu\u011fu i\u00e7in sizi yormaz. E\u015fsiz lezzeti ile a\u011f\u0131zlarda muhte\u015fem bir tat b\u0131rak\u0131r.<\/p>\n<p>ALTINCEZVE Toz \u0130\u00e7ece\u011finizi ister so\u011fuk ister s\u0131cak g\u00fcn\u00fcn her saatinde keyifle yudumlayabilirsiniz.<\/p>\n<p><strong>Ingredients:<\/strong><\/p>\n<p>\u015eeker, Do\u011fala \u00f6zde\u015f nar aromas\u0131, C vitamini (500mg\/kg), Sitrik asit (Asitli\u011fi d\u00fczenleyici), Trikalsiyum fosfat (Topaklanmay\u0131 \u00f6nleyici), Ksantangam (K\u0131vam artt\u0131r\u0131c\u0131), Karmosin-Green (Renklendirici)<\/p>\n","protected":false},"excerpt":{"rendered":"<p><img decoding=\"async\" class=\"alignnone wp-image-757\" src=\"https:\/\/altincezvegida.com\/wp-content\/uploads\/2022\/03\/nar-bardak-gorseli1.png\" alt=\"\" width=\"134\" height=\"121\" srcset=\"https:\/\/altincezvegida.com\/wp-content\/uploads\/2022\/03\/nar-bardak-gorseli1.png 200w, https:\/\/altincezvegida.com\/wp-content\/uploads\/2022\/03\/nar-bardak-gorseli1-162x146.png 162w, https:\/\/altincezvegida.com\/wp-content\/uploads\/2022\/03\/nar-bardak-gorseli1-50x45.png 50w, https:\/\/altincezvegida.com\/wp-content\/uploads\/2022\/03\/nar-bardak-gorseli1-83x75.png 83w\" sizes=\"(max-width: 134px) 100vw, 134px\" \/><\/p>\n<p>&nbsp;<\/p>\n<p>Weight Types: 250 Grams \u2013 400 Grams<\/p>\n<p>Pcs Per Box: 20 Pcs<\/p>\n","protected":false},"featured_media":898,"template":"","meta":[],"product_cat":[63],"product_tag":[],"class_list":{"0":"post-1902","1":"product","2":"type-product","3":"status-publish","4":"has-post-thumbnail","6":"product_cat-flavored-powder-drinks-group-en","8":"first","9":"instock","10":"shipping-taxable","11":"product-type-simple"},"_links":{"self":[{"href":"https:\/\/altincezvegida.com\/en\/wp-json\/wp\/v2\/product\/1902","targetHints":{"allow":["GET"]}}],"collection":[{"href":"https:\/\/altincezvegida.com\/en\/wp-json\/wp\/v2\/product"}],"about":[{"href":"https:\/\/altincezvegida.com\/en\/wp-json\/wp\/v2\/types\/product"}],"wp:featuredmedia":[{"embeddable":true,"href":"https:\/\/altincezvegida.com\/en\/wp-json\/wp\/v2\/media\/898"}],"wp:attachment":[{"href":"https:\/\/altincezvegida.com\/en\/wp-json\/wp\/v2\/media?parent=1902"}],"wp:term":[{"taxonomy":"product_cat","embeddable":true,"href":"https:\/\/altincezvegida.com\/en\/wp-json\/wp\/v2\/product_cat?post=1902"},{"taxonomy":"product_tag","embeddable":true,"href":"https:\/\/altincezvegida.com\/en\/wp-json\/wp\/v2\/product_tag?post=1902"}],"curies":[{"name":"wp","href":"https:\/\/api.w.org\/{rel}","templated":true}]}}