{"id":1893,"date":"2022-03-29T06:00:47","date_gmt":"2022-03-29T06:00:47","guid":{"rendered":"https:\/\/altincezvegida.com\/product\/kavanoz-portakal-granul\/"},"modified":"2022-05-18T09:25:57","modified_gmt":"2022-05-18T09:25:57","slug":"kavanoz-portakal-granul","status":"publish","type":"product","link":"https:\/\/altincezvegida.com\/en\/product\/kavanoz-portakal-granul\/","title":{"rendered":"Orange Flavored Instant Granule Drink"},"content":{"rendered":"<p><strong>Orange Flavored Instant Granule Drink<\/strong><\/p>\n<p>Tavsiye edilen kullan\u0131m \u015fekli s\u0131cak su iledir.<\/p>\n<p><strong>Preparation:\u00a0<\/strong><\/p>\n<p><strong>S\u0131cak i\u00e7mek i\u00e7in;<\/strong><\/p>\n<p>1 \u00e7ay barda\u011f\u0131 s\u0131cak suya 2-3 \u00e7ay ka\u015f\u0131\u011f\u0131 (10gr) Alt\u0131ncezve Gran\u00fcl Portakal aromal\u0131 i\u00e7ecek tozu d\u00f6kerek eriyinceye kadar kar\u0131\u015ft\u0131r\u0131p servis yap\u0131n\u0131z.<\/p>\n<p><strong>So\u011fuk i\u00e7mek i\u00e7in;<\/strong><\/p>\n<p>1 su barda\u011f\u0131 suya 1 \u00e7orba ka\u015f\u0131\u011f\u0131 (25gr) Alt\u0131ncezve Gran\u00fcl Portakal aromal\u0131 i\u00e7ecek tozu d\u00f6kerek eriyinceye kadar kar\u0131\u015ft\u0131r\u0131p servis yap\u0131n\u0131z.<\/p>\n<p><img fetchpriority=\"high\" decoding=\"async\" class=\"alignnone wp-image-760\" src=\"https:\/\/altincezvegida.com\/wp-content\/uploads\/2022\/03\/portakal-bardak-gorseli-287x300.png\" alt=\"\" width=\"221\" height=\"231\" srcset=\"https:\/\/altincezvegida.com\/wp-content\/uploads\/2022\/03\/portakal-bardak-gorseli-287x300.png 287w, https:\/\/altincezvegida.com\/wp-content\/uploads\/2022\/03\/portakal-bardak-gorseli-140x146.png 140w, https:\/\/altincezvegida.com\/wp-content\/uploads\/2022\/03\/portakal-bardak-gorseli-48x50.png 48w, https:\/\/altincezvegida.com\/wp-content\/uploads\/2022\/03\/portakal-bardak-gorseli-72x75.png 72w, https:\/\/altincezvegida.com\/wp-content\/uploads\/2022\/03\/portakal-bardak-gorseli.png 360w\" sizes=\"(max-width: 221px) 100vw, 221px\" \/><\/p>\n<p>&nbsp;<\/p>\n<p>Afiyet Olsun\u2026<\/p>\n<p>&nbsp;<\/p>\n<p>Yap\u0131lmas\u0131 pratik oldu\u011fu i\u00e7in sizi yormaz. E\u015fsiz lezzeti ile a\u011f\u0131zlarda muhte\u015fem bir tat b\u0131rak\u0131r.<\/p>\n<p>ALTINCEZVE Toz \u0130\u00e7ece\u011finizi ister so\u011fuk ister s\u0131cak g\u00fcn\u00fcn her saatinde keyifle yudumlayabilirsiniz.<\/p>\n<p><strong>Ingredients:<\/strong><\/p>\n<p>\u015eeker, Asitlik D\u00fczenleyici (Sitrik Asit E330), Topaklanmay\u0131 \u00d6nleyici (Trikalsiyum Fosfat E341), Aroma Verici (Portakal), L Askorbik Asit E300, Renklendirici (Tartazine E102 Titanyum Dioksit E171, Sunset Yellow E110)<\/p>\n","protected":false},"excerpt":{"rendered":"<p><img decoding=\"async\" class=\"alignnone wp-image-760\" src=\"https:\/\/altincezvegida.com\/wp-content\/uploads\/2022\/03\/portakal-bardak-gorseli-287x300.png\" alt=\"\" width=\"159\" height=\"166\" srcset=\"https:\/\/altincezvegida.com\/wp-content\/uploads\/2022\/03\/portakal-bardak-gorseli-287x300.png 287w, https:\/\/altincezvegida.com\/wp-content\/uploads\/2022\/03\/portakal-bardak-gorseli-140x146.png 140w, https:\/\/altincezvegida.com\/wp-content\/uploads\/2022\/03\/portakal-bardak-gorseli-48x50.png 48w, https:\/\/altincezvegida.com\/wp-content\/uploads\/2022\/03\/portakal-bardak-gorseli-72x75.png 72w, https:\/\/altincezvegida.com\/wp-content\/uploads\/2022\/03\/portakal-bardak-gorseli.png 360w\" sizes=\"(max-width: 159px) 100vw, 159px\" \/><\/p>\n<p>&nbsp;<\/p>\n<p>Net Weight : 300 Gram<\/p>\n<p>Pcs Per Box : 12 Pcs<\/p>\n","protected":false},"featured_media":910,"template":"","meta":[],"product_cat":[63],"product_tag":[],"class_list":{"0":"post-1893","1":"product","2":"type-product","3":"status-publish","4":"has-post-thumbnail","6":"product_cat-flavored-powder-drinks-group-en","8":"first","9":"instock","10":"shipping-taxable","11":"product-type-simple"},"_links":{"self":[{"href":"https:\/\/altincezvegida.com\/en\/wp-json\/wp\/v2\/product\/1893","targetHints":{"allow":["GET"]}}],"collection":[{"href":"https:\/\/altincezvegida.com\/en\/wp-json\/wp\/v2\/product"}],"about":[{"href":"https:\/\/altincezvegida.com\/en\/wp-json\/wp\/v2\/types\/product"}],"wp:featuredmedia":[{"embeddable":true,"href":"https:\/\/altincezvegida.com\/en\/wp-json\/wp\/v2\/media\/910"}],"wp:attachment":[{"href":"https:\/\/altincezvegida.com\/en\/wp-json\/wp\/v2\/media?parent=1893"}],"wp:term":[{"taxonomy":"product_cat","embeddable":true,"href":"https:\/\/altincezvegida.com\/en\/wp-json\/wp\/v2\/product_cat?post=1893"},{"taxonomy":"product_tag","embeddable":true,"href":"https:\/\/altincezvegida.com\/en\/wp-json\/wp\/v2\/product_tag?post=1893"}],"curies":[{"name":"wp","href":"https:\/\/api.w.org\/{rel}","templated":true}]}}