{"id":1874,"date":"2022-03-31T11:46:47","date_gmt":"2022-03-31T11:46:47","guid":{"rendered":"https:\/\/altincezvegida.com\/product\/ucu-birarada\/"},"modified":"2022-05-18T08:07:17","modified_gmt":"2022-05-18T08:07:17","slug":"ucu-birarada","status":"publish","type":"product","link":"https:\/\/altincezvegida.com\/en\/product\/ucu-birarada\/","title":{"rendered":"Three In One Coffee (3in1)"},"content":{"rendered":"<p><strong>Three In One Coffee (3in1)<\/strong><\/p>\n<p><strong>Preparation :<\/strong><\/p>\n<ul>\n<li>Bir fincan i\u00e7in 1 tatl\u0131 ka\u015f\u0131\u011f\u0131 Alt\u0131ncezve \u015fekerli kahve beyazlat\u0131c\u0131l\u0131 haz\u0131r \u00e7\u00f6z\u00fcnebilir kahvenizi koyunuz<\/li>\n<li>\u00dczerine 100\u00b0C de kaynam\u0131\u015f su ilave ederek iyice kar\u0131\u015ft\u0131r\u0131n\u0131z<\/li>\n<li>Kahveniz servise haz\u0131rd\u0131r<\/li>\n<\/ul>\n<p><img decoding=\"async\" class=\"alignnone size-full wp-image-787\" src=\"https:\/\/altincezvegida.com\/wp-content\/uploads\/2022\/03\/ucu-bir-arada-fincan1.png\" alt=\"\" width=\"172\" height=\"180\" srcset=\"https:\/\/altincezvegida.com\/wp-content\/uploads\/2022\/03\/ucu-bir-arada-fincan1.png 172w, https:\/\/altincezvegida.com\/wp-content\/uploads\/2022\/03\/ucu-bir-arada-fincan1-140x146.png 140w, https:\/\/altincezvegida.com\/wp-content\/uploads\/2022\/03\/ucu-bir-arada-fincan1-48x50.png 48w, https:\/\/altincezvegida.com\/wp-content\/uploads\/2022\/03\/ucu-bir-arada-fincan1-72x75.png 72w\" sizes=\"(max-width: 172px) 100vw, 172px\" \/><\/p>\n<p>Afiyet olsun\u2026<\/p>\n<p>&nbsp;<\/p>\n<p><strong>Ingredients :<\/strong><\/p>\n<p>\u015eeker, Kahve beyazlat\u0131c\u0131s\u0131 (%28)[glukoz \u015furubu, tam hidrojenize bitkisel ya\u011f, asitlik d\u00fczenleyici (dipotasyum fosfat, sodyum polifosfat, trisodyum sitrat, pentasodyum trifosfat),\u00a0<strong>s\u00fct proteini<\/strong>, em\u00fclgat\u00f6r (ya\u011f asitlerinin mono ve digliseritlerinin mono ve diasetil tartarik asit esterleri, ya\u011f asitlerinin\u00a0 mono ve digliseritleri), aroma vericiler (krema ve s\u00fct), topaklanmay\u0131 \u00f6nleyici (silikon dioksit)], \u00c7\u00f6z\u00fcnebilir kahve, K\u0131vam art\u0131r\u0131c\u0131<\/p>\n","protected":false},"excerpt":{"rendered":"<p><img decoding=\"async\" class=\"alignnone wp-image-787\" src=\"https:\/\/altincezvegida.com\/wp-content\/uploads\/2022\/03\/ucu-bir-arada-fincan1.png\" alt=\"\" width=\"128\" height=\"134\" srcset=\"https:\/\/altincezvegida.com\/wp-content\/uploads\/2022\/03\/ucu-bir-arada-fincan1.png 172w, https:\/\/altincezvegida.com\/wp-content\/uploads\/2022\/03\/ucu-bir-arada-fincan1-140x146.png 140w, https:\/\/altincezvegida.com\/wp-content\/uploads\/2022\/03\/ucu-bir-arada-fincan1-48x50.png 48w, https:\/\/altincezvegida.com\/wp-content\/uploads\/2022\/03\/ucu-bir-arada-fincan1-72x75.png 72w\" sizes=\"(max-width: 128px) 100vw, 128px\" \/><\/p>\n<p>&nbsp;<\/p>\n<p>Weight Types : 250 Gram \u2013 400 Gram<\/p>\n<p>Pcs Per Box : 20 Pcs (250 Gram) &#8211; 12 Pcs (400 Gram)<\/p>\n","protected":false},"featured_media":1219,"template":"","meta":[],"product_cat":[75],"product_tag":[],"class_list":{"0":"post-1874","1":"product","2":"type-product","3":"status-publish","4":"has-post-thumbnail","6":"product_cat-soluble-coffee-group-en","8":"first","9":"instock","10":"shipping-taxable","11":"product-type-simple"},"_links":{"self":[{"href":"https:\/\/altincezvegida.com\/en\/wp-json\/wp\/v2\/product\/1874","targetHints":{"allow":["GET"]}}],"collection":[{"href":"https:\/\/altincezvegida.com\/en\/wp-json\/wp\/v2\/product"}],"about":[{"href":"https:\/\/altincezvegida.com\/en\/wp-json\/wp\/v2\/types\/product"}],"wp:featuredmedia":[{"embeddable":true,"href":"https:\/\/altincezvegida.com\/en\/wp-json\/wp\/v2\/media\/1219"}],"wp:attachment":[{"href":"https:\/\/altincezvegida.com\/en\/wp-json\/wp\/v2\/media?parent=1874"}],"wp:term":[{"taxonomy":"product_cat","embeddable":true,"href":"https:\/\/altincezvegida.com\/en\/wp-json\/wp\/v2\/product_cat?post=1874"},{"taxonomy":"product_tag","embeddable":true,"href":"https:\/\/altincezvegida.com\/en\/wp-json\/wp\/v2\/product_tag?post=1874"}],"curies":[{"name":"wp","href":"https:\/\/api.w.org\/{rel}","templated":true}]}}