{"id":2327,"date":"2022-03-31T13:16:51","date_gmt":"2022-03-31T13:16:51","guid":{"rendered":"https:\/\/altincezvegida.com\/product\/cappuccino-tek-kullanimlik\/"},"modified":"2022-05-30T11:48:38","modified_gmt":"2022-05-30T11:48:38","slug":"cappuccino-tek-kullanimlik","status":"publish","type":"product","link":"https:\/\/altincezvegida.com\/ar\/product\/cappuccino-tek-kullanimlik\/","title":{"rendered":"\u0643\u0627\u0628\u062a\u0634\u064a\u0646\u0648 \u0644\u062e\u062f\u0645\u0629 \u0648\u0627\u062d\u062f\u0629"},"content":{"rendered":"<p style=\"text-align: right\"><strong>\u0643\u0627\u0628\u062a\u0634\u064a\u0646\u0648 \u0644\u062e\u062f\u0645\u0629 \u0648\u0627\u062d\u062f\u0629 <\/strong><\/p>\n<p><strong>Haz\u0131rlan\u0131\u015f\u0131:<\/strong><\/p>\n<ul>\n<li>Fincan\u0131 s\u0131cak suyla \u0131s\u0131t\u0131n\u0131z<\/li>\n<li>Po\u015fetin tamam\u0131n\u0131 fincana bo\u015falt\u0131n\u0131z<\/li>\n<li>S\u0131cak su veya s\u0131cak s\u00fct ilave ederek iyice kar\u0131\u015ft\u0131r\u0131n\u0131z<\/li>\n<li>Arzuya g\u00f6re \u015feker ilave edebilirsiniz<\/li>\n<li>Arzuya g\u00f6re \u00e7ikolata tozu ilave edebilirsiniz<\/li>\n<li>Daha fazla k\u00f6p\u00fck isterseniz, el mikseri kullanabilirsiniz<\/li>\n<\/ul>\n<p><img decoding=\"async\" class=\"alignnone size-full wp-image-787\" src=\"https:\/\/altincezvegida.com\/wp-content\/uploads\/2022\/03\/ucu-bir-arada-fincan1.png\" alt=\"\" width=\"172\" height=\"180\" srcset=\"https:\/\/altincezvegida.com\/wp-content\/uploads\/2022\/03\/ucu-bir-arada-fincan1.png 172w, https:\/\/altincezvegida.com\/wp-content\/uploads\/2022\/03\/ucu-bir-arada-fincan1-140x146.png 140w, https:\/\/altincezvegida.com\/wp-content\/uploads\/2022\/03\/ucu-bir-arada-fincan1-48x50.png 48w, https:\/\/altincezvegida.com\/wp-content\/uploads\/2022\/03\/ucu-bir-arada-fincan1-72x75.png 72w\" sizes=\"(max-width: 172px) 100vw, 172px\" \/><\/p>\n<p>Afiyet olsun\u2026<\/p>\n<p>Yap\u0131lmas\u0131 pratik oldu\u011fu i\u00e7in sizi yormaz. Koruyucu madde i\u00e7ermez.<\/p>\n<p>E\u015fsiz lezzeti ile keyfi yudumlay\u0131n.<\/p>\n<p><strong>\u0130\u00e7indekiler :<\/strong><\/p>\n<p>\u015eeker, Ya\u011fs\u0131z s\u00fct tozu, Hidrogene bitkisel ya\u011f, Glikoz \u015furubu, \u00c7\u00f6z\u00fcnebilir kahve, Asit d\u00fczenleyici (Dipotasyum fosfat), Cappuccino aromas\u0131, Tuz, K\u0131vam artt\u0131r\u0131c\u0131 (Akasya gam\u0131)<\/p>\n","protected":false},"excerpt":{"rendered":"<p><img decoding=\"async\" class=\"alignnone wp-image-787\" src=\"https:\/\/altincezvegida.com\/wp-content\/uploads\/2022\/03\/ucu-bir-arada-fincan1.png\" alt=\"\" width=\"128\" height=\"134\" srcset=\"https:\/\/altincezvegida.com\/wp-content\/uploads\/2022\/03\/ucu-bir-arada-fincan1.png 172w, https:\/\/altincezvegida.com\/wp-content\/uploads\/2022\/03\/ucu-bir-arada-fincan1-140x146.png 140w, https:\/\/altincezvegida.com\/wp-content\/uploads\/2022\/03\/ucu-bir-arada-fincan1-48x50.png 48w, https:\/\/altincezvegida.com\/wp-content\/uploads\/2022\/03\/ucu-bir-arada-fincan1-72x75.png 72w\" sizes=\"(max-width: 128px) 100vw, 128px\" \/><\/p>\n<p>&nbsp;<\/p>\n<p>Gramaj \u00c7e\u015fitleri\u00a0 : 15 Gram x 20 Adet (1 Kutu)<\/p>\n<p>Koli \u0130\u00e7i Miktar\u00a0 \u00a0 \u00a0 \u00a0: 6 Kutu<\/p>\n","protected":false},"featured_media":1236,"template":"","meta":[],"product_cat":[76],"product_tag":[],"class_list":{"0":"post-2327","1":"product","2":"type-product","3":"status-publish","4":"has-post-thumbnail","6":"product_cat-cozunebilir-kahve-grubu-ar","8":"first","9":"instock","10":"shipping-taxable","11":"product-type-simple"},"_links":{"self":[{"href":"https:\/\/altincezvegida.com\/ar\/wp-json\/wp\/v2\/product\/2327","targetHints":{"allow":["GET"]}}],"collection":[{"href":"https:\/\/altincezvegida.com\/ar\/wp-json\/wp\/v2\/product"}],"about":[{"href":"https:\/\/altincezvegida.com\/ar\/wp-json\/wp\/v2\/types\/product"}],"wp:featuredmedia":[{"embeddable":true,"href":"https:\/\/altincezvegida.com\/ar\/wp-json\/wp\/v2\/media\/1236"}],"wp:attachment":[{"href":"https:\/\/altincezvegida.com\/ar\/wp-json\/wp\/v2\/media?parent=2327"}],"wp:term":[{"taxonomy":"product_cat","embeddable":true,"href":"https:\/\/altincezvegida.com\/ar\/wp-json\/wp\/v2\/product_cat?post=2327"},{"taxonomy":"product_tag","embeddable":true,"href":"https:\/\/altincezvegida.com\/ar\/wp-json\/wp\/v2\/product_tag?post=2327"}],"curies":[{"name":"wp","href":"https:\/\/api.w.org\/{rel}","templated":true}]}}