{"id":2321,"date":"2022-03-29T13:27:08","date_gmt":"2022-03-29T13:27:08","guid":{"rendered":"https:\/\/altincezvegida.com\/product\/hup-portakal-15-litre\/"},"modified":"2022-05-30T11:31:30","modified_gmt":"2022-05-30T11:31:30","slug":"hup-portakal-15-litre","status":"publish","type":"product","link":"https:\/\/altincezvegida.com\/ar\/product\/hup-portakal-15-litre\/","title":{"rendered":"\u0647\u0648\u0628 \u0628\u0631\u062a\u0642\u0627\u0644 &#8211; 1.5 \u0644\u062a\u0631"},"content":{"rendered":"<p style=\"text-align: right\"><strong>\u0647\u0648\u0628 \u0628\u0631\u062a\u0642\u0627\u0644 &#8211; 1.5 \u0644\u062a\u0631<\/strong><\/p>\n<p><strong>Tavsiye edilen kullan\u0131m \u015fekli so\u011fuk su iledir.<\/strong><\/p>\n<p><strong>Preparation:<\/strong><\/p>\n<ul>\n<li>Po\u015fetin tamam\u0131n\u0131 bir s\u00fcrahiye bo\u015falt\u0131n\u0131z<\/li>\n<li>\u00dczerine so\u011fuk su ilave ederek 1,5 litreye tamamlay\u0131n\u0131z<\/li>\n<li>Arzuya g\u00f6re buz ilave edip servis yapabilirsiniz<\/li>\n<\/ul>\n<p><img fetchpriority=\"high\" decoding=\"async\" class=\"size-medium wp-image-2085 alignleft\" src=\"https:\/\/altincezvegida.com\/wp-content\/uploads\/2022\/03\/Portakal-Bardak-soguk-300x300.jpg\" alt=\"\" width=\"300\" height=\"300\" srcset=\"https:\/\/altincezvegida.com\/wp-content\/uploads\/2022\/03\/Portakal-Bardak-soguk-300x300.jpg 300w, https:\/\/altincezvegida.com\/wp-content\/uploads\/2022\/03\/Portakal-Bardak-soguk-150x150.jpg 150w, https:\/\/altincezvegida.com\/wp-content\/uploads\/2022\/03\/Portakal-Bardak-soguk-146x146.jpg 146w, https:\/\/altincezvegida.com\/wp-content\/uploads\/2022\/03\/Portakal-Bardak-soguk-50x50.jpg 50w, https:\/\/altincezvegida.com\/wp-content\/uploads\/2022\/03\/Portakal-Bardak-soguk-75x75.jpg 75w, https:\/\/altincezvegida.com\/wp-content\/uploads\/2022\/03\/Portakal-Bardak-soguk-85x85.jpg 85w, https:\/\/altincezvegida.com\/wp-content\/uploads\/2022\/03\/Portakal-Bardak-soguk-80x80.jpg 80w, https:\/\/altincezvegida.com\/wp-content\/uploads\/2022\/03\/Portakal-Bardak-soguk-500x500.jpg 500w, https:\/\/altincezvegida.com\/wp-content\/uploads\/2022\/03\/Portakal-Bardak-soguk.jpg 600w\" sizes=\"(max-width: 300px) 100vw, 300px\" \/><\/p>\n<p>&nbsp;<\/p>\n<p>&nbsp;<\/p>\n<p>&nbsp;<\/p>\n<p>&nbsp;<\/p>\n<p>&nbsp;<\/p>\n<p>&nbsp;<\/p>\n<p>&nbsp;<\/p>\n<p>&nbsp;<\/p>\n<p>&nbsp;<\/p>\n<p>Afiyet olsun\u2026<\/p>\n<p><strong>Ingredients:<\/strong><\/p>\n<p>Asitlik d\u00fczenleyici (Sitrik asit E330), Topaklanmay\u0131 \u00f6nleyici (Trikalsiyum Fosfat E341), Aroma verici (Portakal), L askorbik asit (E300), k\u0131vam art\u0131r\u0131c\u0131 (guar gum E415), Renklendirici (Tartrazine E102, Sunset Yellow E110, Titanyum Dioksit E171), Tatland\u0131r\u0131c\u0131 (Sodyum s\u0131klamat E952, Aspartam E951, Asesulfam-k E950).<\/p>\n","protected":false},"excerpt":{"rendered":"<p>&nbsp;<\/p>\n<p><img decoding=\"async\" class=\"wp-image-2085 alignleft\" src=\"https:\/\/altincezvegida.com\/wp-content\/uploads\/2022\/03\/Portakal-Bardak-soguk-300x300.jpg\" alt=\"\" width=\"168\" height=\"232\" \/><\/p>\n<p>&nbsp;<\/p>\n<p>&nbsp;<\/p>\n<p>&nbsp;<\/p>\n<p>&nbsp;<\/p>\n<p>&nbsp;<\/p>\n<p>&nbsp;<\/p>\n<p><strong>Net Weight:<\/strong> 20 Pcs x 9 Gram<\/p>\n<p><strong>Pcs Per Box:<\/strong> 6 Packs x 20 Pcs<\/p>\n","protected":false},"featured_media":1012,"template":"","meta":[],"product_cat":[72],"product_tag":[],"class_list":{"0":"post-2321","1":"product","2":"type-product","3":"status-publish","4":"has-post-thumbnail","6":"product_cat-soguk-toz-icecekler-ar","8":"first","9":"instock","10":"shipping-taxable","11":"product-type-simple"},"_links":{"self":[{"href":"https:\/\/altincezvegida.com\/ar\/wp-json\/wp\/v2\/product\/2321","targetHints":{"allow":["GET"]}}],"collection":[{"href":"https:\/\/altincezvegida.com\/ar\/wp-json\/wp\/v2\/product"}],"about":[{"href":"https:\/\/altincezvegida.com\/ar\/wp-json\/wp\/v2\/types\/product"}],"wp:featuredmedia":[{"embeddable":true,"href":"https:\/\/altincezvegida.com\/ar\/wp-json\/wp\/v2\/media\/1012"}],"wp:attachment":[{"href":"https:\/\/altincezvegida.com\/ar\/wp-json\/wp\/v2\/media?parent=2321"}],"wp:term":[{"taxonomy":"product_cat","embeddable":true,"href":"https:\/\/altincezvegida.com\/ar\/wp-json\/wp\/v2\/product_cat?post=2321"},{"taxonomy":"product_tag","embeddable":true,"href":"https:\/\/altincezvegida.com\/ar\/wp-json\/wp\/v2\/product_tag?post=2321"}],"curies":[{"name":"wp","href":"https:\/\/api.w.org\/{rel}","templated":true}]}}