{"id":2313,"date":"2022-04-01T12:37:56","date_gmt":"2022-04-01T12:37:56","guid":{"rendered":"https:\/\/altincezvegida.com\/product\/dogal-icerikli-kup-atom-cayi-tek-kullanimlik\/"},"modified":"2022-05-30T10:05:17","modified_gmt":"2022-05-30T10:05:17","slug":"dogal-icerikli-kup-atom-cayi-tek-kullanimlik","status":"publish","type":"product","link":"https:\/\/altincezvegida.com\/ar\/product\/dogal-icerikli-kup-atom-cayi-tek-kullanimlik\/","title":{"rendered":"\u0634\u0627\u064a \u0627\u0644\u0634\u062a\u0627\u0621 \u0627\u0644\u0645\u062c\u0641\u0641 \u0628\u0645\u0643\u0648\u0646\u0627\u062a \u0637\u0628\u064a\u0639\u064a\u0629 \u0644\u0644\u0627\u0633\u062a\u062e\u062f\u0627\u0645 \u0645\u0631\u0629 \u0648\u0627\u062d\u062f\u0629"},"content":{"rendered":"<div style=\"text-align: right\"><strong>\u0634\u0627\u064a \u0627\u0644\u0634\u062a\u0627\u0621 \u0627\u0644\u0645\u062c\u0641\u0641 \u0628\u0645\u0643\u0648\u0646\u0627\u062a \u0637\u0628\u064a\u0639\u064a\u0629 \u0644\u0644\u0627\u0633\u062a\u062e\u062f\u0627\u0645 \u0645\u0631\u0629 \u0648\u0627\u062d\u062f\u0629<\/strong><\/div>\n<div>Kutu i\u00e7inde 50 k\u00fcp atom \u00e7ay\u0131 bulunmaktad\u0131r.<\/div>\n<div>\n<p><strong>S\u0131cak olarak t\u00fcketilmesi \u00f6nerilmektedir<\/strong><\/p>\n<p><strong>Haz\u0131rlan\u0131\u015f\u0131:\u00a0<\/strong><\/p>\n<ul>\n<li>\u00c7ay barda\u011f\u0131na (100Ml) 2 adet atom \u00e7ay\u0131 ekleyiniz (Her 100 Ml i\u00e7in 2 adet atom \u00e7ay\u0131 kullan\u0131lmal\u0131d\u0131r)<\/li>\n<li>\u00dczerine 100\u00b0C de kaynam\u0131\u015f su ilave ederek iyice kar\u0131\u015ft\u0131r\u0131n\u0131z<\/li>\n<\/ul>\n<p>Afiyet olsun.<\/p>\n<p>Yap\u0131lmas\u0131 pratik oldu\u011fu i\u00e7in sizi yormaz. E\u015fsiz lezzeti ile a\u011f\u0131zlarda muhte\u015fem bir tat b\u0131rak\u0131r.<\/p>\n<p>ALTINCEZVE \u0130\u00e7ece\u011finizi g\u00fcn\u00fcn her saatinde keyifle yudumlayabilirsiniz.<\/p>\n<p>&nbsp;<\/p>\n<\/div>\n<p><strong>\u0130\u00e7indekiler :<\/strong><\/p>\n<p>Karanfil, Zencefil, Karabiber, Hibiskus, Aroma verici (Tar\u00e7\u0131n-Ihlamur), Stevia, \u015eeker, L-Askorbik Asit E 300<\/p>\n","protected":false},"excerpt":{"rendered":"<p>&nbsp;<\/p>\n<p>&nbsp;<\/p>\n<p>Gramaj \u00c7e\u015fitleri\u00a0 : 140 Gram (1 Kutu = 50 K\u00fcp)<\/p>\n<p>Koli \u0130\u00e7i Miktar\u00a0 \u00a0 \u00a0 \u00a0: 12 Kutu<\/p>\n","protected":false},"featured_media":1345,"template":"","meta":[],"product_cat":[80],"product_tag":[],"class_list":{"0":"post-2313","1":"product","2":"type-product","3":"status-publish","4":"has-post-thumbnail","6":"product_cat-dogal-hazir-cay-grubu-ar","8":"first","9":"instock","10":"shipping-taxable","11":"product-type-simple"},"_links":{"self":[{"href":"https:\/\/altincezvegida.com\/ar\/wp-json\/wp\/v2\/product\/2313","targetHints":{"allow":["GET"]}}],"collection":[{"href":"https:\/\/altincezvegida.com\/ar\/wp-json\/wp\/v2\/product"}],"about":[{"href":"https:\/\/altincezvegida.com\/ar\/wp-json\/wp\/v2\/types\/product"}],"wp:featuredmedia":[{"embeddable":true,"href":"https:\/\/altincezvegida.com\/ar\/wp-json\/wp\/v2\/media\/1345"}],"wp:attachment":[{"href":"https:\/\/altincezvegida.com\/ar\/wp-json\/wp\/v2\/media?parent=2313"}],"wp:term":[{"taxonomy":"product_cat","embeddable":true,"href":"https:\/\/altincezvegida.com\/ar\/wp-json\/wp\/v2\/product_cat?post=2313"},{"taxonomy":"product_tag","embeddable":true,"href":"https:\/\/altincezvegida.com\/ar\/wp-json\/wp\/v2\/product_tag?post=2313"}],"curies":[{"name":"wp","href":"https:\/\/api.w.org\/{rel}","templated":true}]}}