{"id":2312,"date":"2022-04-01T07:52:45","date_gmt":"2022-04-01T07:52:45","guid":{"rendered":"https:\/\/altincezvegida.com\/product\/ehlikeyf-sallama-cay\/"},"modified":"2022-05-30T10:02:29","modified_gmt":"2022-05-30T10:02:29","slug":"ehlikeyf-sallama-cay","status":"publish","type":"product","link":"https:\/\/altincezvegida.com\/ar\/product\/ehlikeyf-sallama-cay\/","title":{"rendered":"\u0623\u0643\u064a\u0627\u0633 \u0627\u0647\u0644 \u0627\u0644\u0643\u064a\u0641 \u0634\u0627\u064a"},"content":{"rendered":"<p style=\"text-align: right\"><strong>\u0623\u0643\u064a\u0627\u0633 \u0627\u0647\u0644 \u0627\u0644\u0643\u064a\u0641 \u0634\u0627\u064a<\/strong><\/p>\n<p>Karadenizin se\u00e7kin \u00e7ay bah\u00e7elerinden \u00f6zenle toplanarak el de\u011fmeden otomatik makinalarda paketlenmi\u015ftir.<\/p>\n<p><strong>Haz\u0131rlan\u0131\u015f\u0131 :<\/strong><\/p>\n<ul>\n<li>Alt\u0131ncezve sallama po\u015fet \u00e7ay\u0131n\u0131z\u0131 barda\u011fa koyunuz<\/li>\n<li>\u00dczerine 100\u00b0C de kaynam\u0131\u015f su ilave ediniz<\/li>\n<li>\u0130stedi\u011finiz dem ve yo\u011funlu\u011fu elde etmek i\u00e7in 2 -3 dakika bekleyiniz.<\/li>\n<\/ul>\n<p><img fetchpriority=\"high\" decoding=\"async\" class=\"alignnone size-medium wp-image-1281\" src=\"https:\/\/altincezvegida.com\/wp-content\/uploads\/2022\/04\/sallama-cay-bardak-300x225.png\" alt=\"\" width=\"300\" height=\"225\" srcset=\"https:\/\/altincezvegida.com\/wp-content\/uploads\/2022\/04\/sallama-cay-bardak-300x225.png 300w, https:\/\/altincezvegida.com\/wp-content\/uploads\/2022\/04\/sallama-cay-bardak-195x146.png 195w, https:\/\/altincezvegida.com\/wp-content\/uploads\/2022\/04\/sallama-cay-bardak-50x38.png 50w, https:\/\/altincezvegida.com\/wp-content\/uploads\/2022\/04\/sallama-cay-bardak-100x75.png 100w, https:\/\/altincezvegida.com\/wp-content\/uploads\/2022\/04\/sallama-cay-bardak.png 400w\" sizes=\"(max-width: 300px) 100vw, 300px\" \/><\/p>\n<p>Afiyet olsun\u2026<\/p>\n<p><strong>\u0130\u00e7indekiler :<\/strong><\/p>\n<p>Siyah \u00c7ay<\/p>\n","protected":false},"excerpt":{"rendered":"<p>&nbsp;<\/p>\n<p><img decoding=\"async\" class=\"alignnone wp-image-1281\" src=\"https:\/\/altincezvegida.com\/wp-content\/uploads\/2022\/04\/sallama-cay-bardak-300x225.png\" alt=\"\" width=\"211\" height=\"158\" srcset=\"https:\/\/altincezvegida.com\/wp-content\/uploads\/2022\/04\/sallama-cay-bardak-300x225.png 300w, https:\/\/altincezvegida.com\/wp-content\/uploads\/2022\/04\/sallama-cay-bardak-195x146.png 195w, https:\/\/altincezvegida.com\/wp-content\/uploads\/2022\/04\/sallama-cay-bardak-50x38.png 50w, https:\/\/altincezvegida.com\/wp-content\/uploads\/2022\/04\/sallama-cay-bardak-100x75.png 100w, https:\/\/altincezvegida.com\/wp-content\/uploads\/2022\/04\/sallama-cay-bardak.png 400w\" sizes=\"(max-width: 211px) 100vw, 211px\" \/><\/p>\n<p>&nbsp;<\/p>\n<p>Gramaj \u00c7e\u015fitleri\u00a0 : 2 Gram x 20 Adet (1 Kutu)<\/p>\n<p>Koli \u0130\u00e7i Miktar\u00a0 \u00a0 \u00a0 \u00a0: 24 Kutu<\/p>\n","protected":false},"featured_media":1285,"template":"","meta":[],"product_cat":[78],"product_tag":[],"class_list":{"0":"post-2312","1":"product","2":"type-product","3":"status-publish","4":"has-post-thumbnail","6":"product_cat-sallama-cay-grubu-ar","8":"first","9":"instock","10":"shipping-taxable","11":"product-type-simple"},"_links":{"self":[{"href":"https:\/\/altincezvegida.com\/ar\/wp-json\/wp\/v2\/product\/2312","targetHints":{"allow":["GET"]}}],"collection":[{"href":"https:\/\/altincezvegida.com\/ar\/wp-json\/wp\/v2\/product"}],"about":[{"href":"https:\/\/altincezvegida.com\/ar\/wp-json\/wp\/v2\/types\/product"}],"wp:featuredmedia":[{"embeddable":true,"href":"https:\/\/altincezvegida.com\/ar\/wp-json\/wp\/v2\/media\/1285"}],"wp:attachment":[{"href":"https:\/\/altincezvegida.com\/ar\/wp-json\/wp\/v2\/media?parent=2312"}],"wp:term":[{"taxonomy":"product_cat","embeddable":true,"href":"https:\/\/altincezvegida.com\/ar\/wp-json\/wp\/v2\/product_cat?post=2312"},{"taxonomy":"product_tag","embeddable":true,"href":"https:\/\/altincezvegida.com\/ar\/wp-json\/wp\/v2\/product_tag?post=2312"}],"curies":[{"name":"wp","href":"https:\/\/api.w.org\/{rel}","templated":true}]}}