{"id":2303,"date":"2022-04-01T11:12:53","date_gmt":"2022-04-01T11:12:53","guid":{"rendered":"https:\/\/altincezvegida.com\/product\/ihlamur-sallama-cayi\/"},"modified":"2022-05-30T09:59:25","modified_gmt":"2022-05-30T09:59:25","slug":"ihlamur-sallama-cayi","status":"publish","type":"product","link":"https:\/\/altincezvegida.com\/ar\/product\/ihlamur-sallama-cayi\/","title":{"rendered":"\u0623\u0643\u064a\u0627\u0633 \u0627\u0644\u0634\u0627\u064a \u0627\u0644\u0632\u064a\u0632\u0641\u0648\u0646"},"content":{"rendered":"<p style=\"text-align: right\"><strong>\u0623\u0643\u064a\u0627\u0633 \u0627\u0644\u0634\u0627\u064a \u0627\u0644\u0632\u064a\u0632\u0641\u0648\u0646<\/strong><\/p>\n<p><strong>Haz\u0131rlan\u0131\u015f\u0131 :<\/strong><\/p>\n<ul>\n<li>S\u00fczen po\u015feti fincana koyunuz<\/li>\n<li>\u00dczerine 100\u00b0C de kaynam\u0131\u015f su ilave ediniz<\/li>\n<li>\u0130stedi\u011finiz dem ve yo\u011funlu\u011fu elde etmek i\u00e7in 2 -3 dakika bekleyiniz<\/li>\n<li>\u0130ste\u011fe g\u00f6re bal veya \u015feker katarak limon ile servis yapabilirsiniz<\/li>\n<\/ul>\n<p>&nbsp;<\/p>\n<p><img fetchpriority=\"high\" decoding=\"async\" class=\"alignnone size-medium wp-image-1281\" src=\"https:\/\/altincezvegida.com\/wp-content\/uploads\/2022\/04\/sallama-cay-bardak-300x225.png\" alt=\"\" width=\"300\" height=\"225\" srcset=\"https:\/\/altincezvegida.com\/wp-content\/uploads\/2022\/04\/sallama-cay-bardak-300x225.png 300w, https:\/\/altincezvegida.com\/wp-content\/uploads\/2022\/04\/sallama-cay-bardak-195x146.png 195w, https:\/\/altincezvegida.com\/wp-content\/uploads\/2022\/04\/sallama-cay-bardak-50x38.png 50w, https:\/\/altincezvegida.com\/wp-content\/uploads\/2022\/04\/sallama-cay-bardak-100x75.png 100w, https:\/\/altincezvegida.com\/wp-content\/uploads\/2022\/04\/sallama-cay-bardak.png 400w\" sizes=\"(max-width: 300px) 100vw, 300px\" \/><\/p>\n<p>Afiyet olsun\u2026<\/p>\n<p><strong>\u0130\u00e7indekiler :<\/strong><\/p>\n<p>Ihlamur yapra\u011f\u0131 ve \u00e7i\u00e7e\u011fi<\/p>\n","protected":false},"excerpt":{"rendered":"<p><img decoding=\"async\" class=\"alignnone wp-image-1281\" src=\"https:\/\/altincezvegida.com\/wp-content\/uploads\/2022\/04\/sallama-cay-bardak-300x225.png\" alt=\"\" width=\"211\" height=\"158\" srcset=\"https:\/\/altincezvegida.com\/wp-content\/uploads\/2022\/04\/sallama-cay-bardak-300x225.png 300w, https:\/\/altincezvegida.com\/wp-content\/uploads\/2022\/04\/sallama-cay-bardak-195x146.png 195w, https:\/\/altincezvegida.com\/wp-content\/uploads\/2022\/04\/sallama-cay-bardak-50x38.png 50w, https:\/\/altincezvegida.com\/wp-content\/uploads\/2022\/04\/sallama-cay-bardak-100x75.png 100w, https:\/\/altincezvegida.com\/wp-content\/uploads\/2022\/04\/sallama-cay-bardak.png 400w\" sizes=\"(max-width: 211px) 100vw, 211px\" \/><\/p>\n<p>&nbsp;<\/p>\n<p>Gramaj \u00c7e\u015fitleri\u00a0 : 1,5 Gram x 20 Adet (1 Kutu)<\/p>\n<p>Koli \u0130\u00e7i Miktar\u00a0 \u00a0 \u00a0 \u00a0: 24 Kutu<\/p>\n","protected":false},"featured_media":1312,"template":"","meta":[],"product_cat":[78],"product_tag":[],"class_list":{"0":"post-2303","1":"product","2":"type-product","3":"status-publish","4":"has-post-thumbnail","6":"product_cat-sallama-cay-grubu-ar","8":"first","9":"instock","10":"shipping-taxable","11":"product-type-simple"},"_links":{"self":[{"href":"https:\/\/altincezvegida.com\/ar\/wp-json\/wp\/v2\/product\/2303","targetHints":{"allow":["GET"]}}],"collection":[{"href":"https:\/\/altincezvegida.com\/ar\/wp-json\/wp\/v2\/product"}],"about":[{"href":"https:\/\/altincezvegida.com\/ar\/wp-json\/wp\/v2\/types\/product"}],"wp:featuredmedia":[{"embeddable":true,"href":"https:\/\/altincezvegida.com\/ar\/wp-json\/wp\/v2\/media\/1312"}],"wp:attachment":[{"href":"https:\/\/altincezvegida.com\/ar\/wp-json\/wp\/v2\/media?parent=2303"}],"wp:term":[{"taxonomy":"product_cat","embeddable":true,"href":"https:\/\/altincezvegida.com\/ar\/wp-json\/wp\/v2\/product_cat?post=2303"},{"taxonomy":"product_tag","embeddable":true,"href":"https:\/\/altincezvegida.com\/ar\/wp-json\/wp\/v2\/product_tag?post=2303"}],"curies":[{"name":"wp","href":"https:\/\/api.w.org\/{rel}","templated":true}]}}