{"id":2288,"date":"2022-03-22T09:27:44","date_gmt":"2022-03-22T09:27:44","guid":{"rendered":"https:\/\/altincezvegida.com\/product\/filiz-cay\/"},"modified":"2022-05-30T09:16:07","modified_gmt":"2022-05-30T09:16:07","slug":"filiz-cay","status":"publish","type":"product","link":"https:\/\/altincezvegida.com\/ar\/product\/filiz-cay\/","title":{"rendered":"\u0641\u064a\u0644\u064a\u0632 \u0634\u0627\u064a \u0627\u0644\u0623\u0633\u0648\u062f \u0627\u0644\u062a\u0631\u0643\u064a"},"content":{"rendered":"<p style=\"text-align: right\"><strong>\u0641\u064a\u0644\u064a\u0632 \u0634\u0627\u064a \u0627\u0644\u0623\u0633\u0648\u062f \u0627\u0644\u062a\u0631\u0643\u064a<\/strong><\/p>\n<p>Filiz \u00c7ay;\u00a0 Do\u011fu Karadeniz b\u00f6lgesinin kaliteli \u00e7aylar\u0131ndan \u00f6zenle se\u00e7ilip haz\u0131rlanm\u0131\u015f \u00fcst\u00fcn nitelikli d\u00f6kme \u00e7ayd\u0131r.<\/p>\n<p><strong>Haz\u0131rlan\u0131\u015f\u0131 :<\/strong><\/p>\n<p>Bu e\u015fsiz \u00e7ay\u0131n tad\u0131na varabilmek i\u00e7in;<\/p>\n<ul>\n<li>Porselen demlik ve kire\u00e7siz su kullan\u0131lmal\u0131<\/li>\n<li>Kuru demlik i\u00e7ine her \u00e7ay barda\u011f\u0131 i\u00e7in bir \u00e7ay ka\u015f\u0131\u011f\u0131 \u00e7ay konulmal\u0131<\/li>\n<li>\u00c7aydanl\u0131kta kaynayan sudan demlikteki \u00e7aya m\u00fcmk\u00fcn oldu\u011fu kadar \u0131slatmadan su konulmal\u0131<\/li>\n<li>\u00c7aydanl\u0131ktaki buhar\u0131n \u00fczerinde duran demlikteki \u00e7ay\u0131n dibe \u00e7\u00f6kmesi beklenmeli (\u00c7ay kaynat\u0131lmamal\u0131)<\/li>\n<\/ul>\n<p>&nbsp;<\/p>\n<p><img fetchpriority=\"high\" decoding=\"async\" class=\"alignnone size-medium wp-image-718\" src=\"https:\/\/altincezvegida.com\/wp-content\/uploads\/2022\/03\/altincezve-cay-bardagi-1-300x201.png\" alt=\"\" width=\"300\" height=\"201\" srcset=\"https:\/\/altincezvegida.com\/wp-content\/uploads\/2022\/03\/altincezve-cay-bardagi-1-300x201.png 300w, https:\/\/altincezvegida.com\/wp-content\/uploads\/2022\/03\/altincezve-cay-bardagi-1-218x146.png 218w, https:\/\/altincezvegida.com\/wp-content\/uploads\/2022\/03\/altincezve-cay-bardagi-1-50x34.png 50w, https:\/\/altincezvegida.com\/wp-content\/uploads\/2022\/03\/altincezve-cay-bardagi-1-112x75.png 112w, https:\/\/altincezvegida.com\/wp-content\/uploads\/2022\/03\/altincezve-cay-bardagi-1.png 450w\" sizes=\"(max-width: 300px) 100vw, 300px\" \/><\/p>\n<p>&nbsp;<\/p>\n<p>Afiyet olsun\u2026<\/p>\n","protected":false},"excerpt":{"rendered":"<p><img decoding=\"async\" class=\"alignnone wp-image-718\" src=\"https:\/\/altincezvegida.com\/wp-content\/uploads\/2022\/03\/altincezve-cay-bardagi-1-300x201.png\" alt=\"\" width=\"210\" height=\"141\" srcset=\"https:\/\/altincezvegida.com\/wp-content\/uploads\/2022\/03\/altincezve-cay-bardagi-1-300x201.png 300w, https:\/\/altincezvegida.com\/wp-content\/uploads\/2022\/03\/altincezve-cay-bardagi-1-218x146.png 218w, https:\/\/altincezvegida.com\/wp-content\/uploads\/2022\/03\/altincezve-cay-bardagi-1-50x34.png 50w, https:\/\/altincezvegida.com\/wp-content\/uploads\/2022\/03\/altincezve-cay-bardagi-1-112x75.png 112w, https:\/\/altincezvegida.com\/wp-content\/uploads\/2022\/03\/altincezve-cay-bardagi-1.png 450w\" sizes=\"(max-width: 210px) 100vw, 210px\" \/><\/p>\n<p>&nbsp;<\/p>\n<p>Gramaj \u00c7e\u015fitleri\u00a0 : 1.000 Gram &#8211; 500 Gram<\/p>\n<p>Koli \u0130\u00e7i Miktar\u00a0 \u00a0 \u00a0 \u00a0: 12 Adet (1.000 Gram) &#8211; 24 Adet (500 Gram)<\/p>\n","protected":false},"featured_media":856,"template":"","meta":[],"product_cat":[66],"product_tag":[],"class_list":{"0":"post-2288","1":"product","2":"type-product","3":"status-publish","4":"has-post-thumbnail","6":"product_cat-cay-grubu-ar","8":"first","9":"instock","10":"shipping-taxable","11":"product-type-simple"},"_links":{"self":[{"href":"https:\/\/altincezvegida.com\/ar\/wp-json\/wp\/v2\/product\/2288","targetHints":{"allow":["GET"]}}],"collection":[{"href":"https:\/\/altincezvegida.com\/ar\/wp-json\/wp\/v2\/product"}],"about":[{"href":"https:\/\/altincezvegida.com\/ar\/wp-json\/wp\/v2\/types\/product"}],"wp:featuredmedia":[{"embeddable":true,"href":"https:\/\/altincezvegida.com\/ar\/wp-json\/wp\/v2\/media\/856"}],"wp:attachment":[{"href":"https:\/\/altincezvegida.com\/ar\/wp-json\/wp\/v2\/media?parent=2288"}],"wp:term":[{"taxonomy":"product_cat","embeddable":true,"href":"https:\/\/altincezvegida.com\/ar\/wp-json\/wp\/v2\/product_cat?post=2288"},{"taxonomy":"product_tag","embeddable":true,"href":"https:\/\/altincezvegida.com\/ar\/wp-json\/wp\/v2\/product_tag?post=2288"}],"curies":[{"name":"wp","href":"https:\/\/api.w.org\/{rel}","templated":true}]}}