{"id":2273,"date":"2022-04-06T12:10:18","date_gmt":"2022-04-06T12:10:18","guid":{"rendered":"https:\/\/altincezvegida.com\/product\/ucu-birarada-mocha-beyaz-cikolatali-sutlu-kopuklu-tek-icimlik\/"},"modified":"2022-05-30T09:00:56","modified_gmt":"2022-05-30T09:00:56","slug":"ucu-birarada-mocha-beyaz-cikolatali-sutlu-kopuklu-tek-icimlik","status":"publish","type":"product","link":"https:\/\/altincezvegida.com\/ar\/product\/ucu-birarada-mocha-beyaz-cikolatali-sutlu-kopuklu-tek-icimlik\/","title":{"rendered":"\u0642\u0647\u0648\u0629 \u0645\u0648\u0643\u0627 \u0628\u0627\u0644\u0634\u0648\u0643\u0648\u0644\u0627\u062a\u0629 \u0627\u0644\u0628\u064a\u0636\u0627\u0621 \u0644\u062e\u062f\u0645\u0629 \u0648\u0627\u062d\u062f\u0629"},"content":{"rendered":"<p style=\"text-align: right\"><strong>\u0642\u0647\u0648\u0629 \u0645\u0648\u0643\u0627 \u0628\u0627\u0644\u0634\u0648\u0643\u0648\u0644\u0627\u062a\u0629 \u0627\u0644\u0628\u064a\u0636\u0627\u0621 \u0644\u062e\u062f\u0645\u0629 \u0648\u0627\u062d\u062f\u0629 <\/strong><\/p>\n<p><strong>TR \u2013Beyaz \u00c7ikolatal\u0131 Kahve Beyazlat\u0131c\u0131l\u0131 \u00c7\u00f6z\u00fcnebilir Kahve Kar\u0131\u015f\u0131m\u0131, <\/strong><\/p>\n<p><strong>\u0130\u00e7indekiler:<\/strong> \u015feker, kahve beyazlat\u0131c\u0131s\u0131 (%32) (glukoz \u015furubu, tam hidrojenize bitkisel ya\u011f, stabiliz\u00f6rler (sodyum sitrat, potasyum fosfat),<strong> s\u00fct proteini<\/strong>, em\u00fclgat\u00f6r (ya\u011f asitlerinin mono ve digliresitleri), topaklanmay\u0131 \u00f6nleyici (silikon dioksit), \u00e7\u00f6z\u00fcnebilir kahve (%6), ya\u011fs\u0131z s\u00fcttozu (%2,5), beyaz \u00e7ikolata tozu (%0,5), aroma verici (beyaz \u00e7ikolata), tuz<\/p>\n<p><strong><u>Alerjen uyar\u0131s\u0131:<\/u><\/strong> S\u00fct \u00fcr\u00fcn\u00fc i\u00e7erir.<\/p>\n<p>.<\/p>\n<p><strong>Haz\u0131rlan\u0131\u015f\u0131: <\/strong><\/p>\n<ul>\n<li>Po\u015fetin Tamam\u0131n\u0131 bir fincana bo\u015falt\u0131n\u0131z.<\/li>\n<li>\u00dczerine 180 ml kaynam\u0131\u015f s\u0131cak su ilave ediniz. Kar\u0131\u015ft\u0131r\u0131p afiyetle i\u00e7iniz.<\/li>\n<\/ul>\n<p><img decoding=\"async\" class=\"alignnone size-full wp-image-787\" src=\"https:\/\/altincezvegida.com\/wp-content\/uploads\/2022\/03\/ucu-bir-arada-fincan1.png\" alt=\"\" width=\"172\" height=\"180\" srcset=\"https:\/\/altincezvegida.com\/wp-content\/uploads\/2022\/03\/ucu-bir-arada-fincan1.png 172w, https:\/\/altincezvegida.com\/wp-content\/uploads\/2022\/03\/ucu-bir-arada-fincan1-140x146.png 140w, https:\/\/altincezvegida.com\/wp-content\/uploads\/2022\/03\/ucu-bir-arada-fincan1-48x50.png 48w, https:\/\/altincezvegida.com\/wp-content\/uploads\/2022\/03\/ucu-bir-arada-fincan1-72x75.png 72w\" sizes=\"(max-width: 172px) 100vw, 172px\" \/><\/p>\n<p>Afiyet Olsun&#8230;<\/p>\n","protected":false},"excerpt":{"rendered":"<p><img decoding=\"async\" class=\"alignnone wp-image-787\" src=\"https:\/\/altincezvegida.com\/wp-content\/uploads\/2022\/03\/ucu-bir-arada-fincan1.png\" alt=\"\" width=\"128\" height=\"134\" srcset=\"https:\/\/altincezvegida.com\/wp-content\/uploads\/2022\/03\/ucu-bir-arada-fincan1.png 172w, https:\/\/altincezvegida.com\/wp-content\/uploads\/2022\/03\/ucu-bir-arada-fincan1-140x146.png 140w, https:\/\/altincezvegida.com\/wp-content\/uploads\/2022\/03\/ucu-bir-arada-fincan1-48x50.png 48w, https:\/\/altincezvegida.com\/wp-content\/uploads\/2022\/03\/ucu-bir-arada-fincan1-72x75.png 72w\" sizes=\"(max-width: 128px) 100vw, 128px\" \/><\/p>\n<p>&nbsp;<\/p>\n<p>Net: 17 Gram x 40 Adet (1 Kutu)<br \/>\nKoli \u0130\u00e7i Miktar: 10 Kutu<\/p>\n","protected":false},"featured_media":1372,"template":"","meta":[],"product_cat":[76],"product_tag":[],"class_list":{"0":"post-2273","1":"product","2":"type-product","3":"status-publish","4":"has-post-thumbnail","6":"product_cat-cozunebilir-kahve-grubu-ar","8":"first","9":"instock","10":"shipping-taxable","11":"product-type-simple"},"_links":{"self":[{"href":"https:\/\/altincezvegida.com\/ar\/wp-json\/wp\/v2\/product\/2273","targetHints":{"allow":["GET"]}}],"collection":[{"href":"https:\/\/altincezvegida.com\/ar\/wp-json\/wp\/v2\/product"}],"about":[{"href":"https:\/\/altincezvegida.com\/ar\/wp-json\/wp\/v2\/types\/product"}],"wp:featuredmedia":[{"embeddable":true,"href":"https:\/\/altincezvegida.com\/ar\/wp-json\/wp\/v2\/media\/1372"}],"wp:attachment":[{"href":"https:\/\/altincezvegida.com\/ar\/wp-json\/wp\/v2\/media?parent=2273"}],"wp:term":[{"taxonomy":"product_cat","embeddable":true,"href":"https:\/\/altincezvegida.com\/ar\/wp-json\/wp\/v2\/product_cat?post=2273"},{"taxonomy":"product_tag","embeddable":true,"href":"https:\/\/altincezvegida.com\/ar\/wp-json\/wp\/v2\/product_tag?post=2273"}],"curies":[{"name":"wp","href":"https:\/\/api.w.org\/{rel}","templated":true}]}}