{"id":2266,"date":"2022-03-31T12:00:26","date_gmt":"2022-03-31T12:00:26","guid":{"rendered":"https:\/\/altincezvegida.com\/product\/ucu-birarada-tek-icimlik\/"},"modified":"2022-05-30T08:53:23","modified_gmt":"2022-05-30T08:53:23","slug":"ucu-birarada-tek-icimlik","status":"publish","type":"product","link":"https:\/\/altincezvegida.com\/ar\/product\/ucu-birarada-tek-icimlik\/","title":{"rendered":"\u0642\u0647\u0648\u0629 3 \u0641\u064a 1 \u0644\u062e\u062f\u0645\u0629 \u0648\u0627\u062d\u062f\u0629"},"content":{"rendered":"<p style=\"text-align: right\"><strong>\u0642\u0647\u0648\u0629 3 \u0641\u064a 1 \u0644\u062e\u062f\u0645\u0629 \u0648\u0627\u062d\u062f\u0629<\/strong><\/p>\n<p><strong>Haz\u0131rlan\u0131\u015f\u0131 :<\/strong><\/p>\n<ul>\n<li>Po\u015fetin tamam\u0131n\u0131 bir fincana bo\u015falt\u0131n\u0131z<\/li>\n<li>\u00dczerine 100\u00b0C de kaynam\u0131\u015f su ilave ederek iyice kar\u0131\u015ft\u0131r\u0131n\u0131z<\/li>\n<\/ul>\n<p><img decoding=\"async\" class=\"alignnone size-full wp-image-787\" src=\"https:\/\/altincezvegida.com\/wp-content\/uploads\/2022\/03\/ucu-bir-arada-fincan1.png\" alt=\"\" width=\"172\" height=\"180\" srcset=\"https:\/\/altincezvegida.com\/wp-content\/uploads\/2022\/03\/ucu-bir-arada-fincan1.png 172w, https:\/\/altincezvegida.com\/wp-content\/uploads\/2022\/03\/ucu-bir-arada-fincan1-140x146.png 140w, https:\/\/altincezvegida.com\/wp-content\/uploads\/2022\/03\/ucu-bir-arada-fincan1-48x50.png 48w, https:\/\/altincezvegida.com\/wp-content\/uploads\/2022\/03\/ucu-bir-arada-fincan1-72x75.png 72w\" sizes=\"(max-width: 172px) 100vw, 172px\" \/><\/p>\n<p>Afiyet olsun\u2026<\/p>\n<p>&nbsp;<\/p>\n<p><strong>\u0130\u00e7indekiler :<\/strong><\/p>\n<p>\u015eeker, Kahve beyazlat\u0131c\u0131s\u0131 (%28)[glukoz \u015furubu, tam hidrojenize bitkisel ya\u011f, asitlik d\u00fczenleyici (dipotasyum fosfat, sodyum polifosfat, trisodyum sitrat, pentasodyum trifosfat),\u00a0<strong>s\u00fct proteini<\/strong>, em\u00fclgat\u00f6r (ya\u011f asitlerinin mono ve digliseritlerinin mono ve diasetil tartarik asit esterleri, ya\u011f asitlerinin\u00a0 mono ve digliseritleri), aroma vericiler (krema ve s\u00fct), topaklanmay\u0131 \u00f6nleyici (silikon dioksit)], \u00c7\u00f6z\u00fcnebilir kahve (%8), K\u0131vam art\u0131r\u0131c\u0131<\/p>\n","protected":false},"excerpt":{"rendered":"<p><img decoding=\"async\" class=\"alignnone wp-image-787\" src=\"https:\/\/altincezvegida.com\/wp-content\/uploads\/2022\/03\/ucu-bir-arada-fincan1.png\" alt=\"\" width=\"128\" height=\"134\" srcset=\"https:\/\/altincezvegida.com\/wp-content\/uploads\/2022\/03\/ucu-bir-arada-fincan1.png 172w, https:\/\/altincezvegida.com\/wp-content\/uploads\/2022\/03\/ucu-bir-arada-fincan1-140x146.png 140w, https:\/\/altincezvegida.com\/wp-content\/uploads\/2022\/03\/ucu-bir-arada-fincan1-48x50.png 48w, https:\/\/altincezvegida.com\/wp-content\/uploads\/2022\/03\/ucu-bir-arada-fincan1-72x75.png 72w\" sizes=\"(max-width: 128px) 100vw, 128px\" \/><\/p>\n<p>&nbsp;<\/p>\n<p>Gramaj \u00c7e\u015fitleri\u00a0 : 15 Gram x 40 Adet (1 Kutu)<\/p>\n<p>Koli \u0130\u00e7i Miktar\u00a0 \u00a0 \u00a0 \u00a0: 10 Kutu<\/p>\n","protected":false},"featured_media":1356,"template":"","meta":[],"product_cat":[76],"product_tag":[],"class_list":{"0":"post-2266","1":"product","2":"type-product","3":"status-publish","4":"has-post-thumbnail","6":"product_cat-cozunebilir-kahve-grubu-ar","8":"first","9":"instock","10":"shipping-taxable","11":"product-type-simple"},"_links":{"self":[{"href":"https:\/\/altincezvegida.com\/ar\/wp-json\/wp\/v2\/product\/2266","targetHints":{"allow":["GET"]}}],"collection":[{"href":"https:\/\/altincezvegida.com\/ar\/wp-json\/wp\/v2\/product"}],"about":[{"href":"https:\/\/altincezvegida.com\/ar\/wp-json\/wp\/v2\/types\/product"}],"wp:featuredmedia":[{"embeddable":true,"href":"https:\/\/altincezvegida.com\/ar\/wp-json\/wp\/v2\/media\/1356"}],"wp:attachment":[{"href":"https:\/\/altincezvegida.com\/ar\/wp-json\/wp\/v2\/media?parent=2266"}],"wp:term":[{"taxonomy":"product_cat","embeddable":true,"href":"https:\/\/altincezvegida.com\/ar\/wp-json\/wp\/v2\/product_cat?post=2266"},{"taxonomy":"product_tag","embeddable":true,"href":"https:\/\/altincezvegida.com\/ar\/wp-json\/wp\/v2\/product_tag?post=2266"}],"curies":[{"name":"wp","href":"https:\/\/api.w.org\/{rel}","templated":true}]}}