{"id":2262,"date":"2022-03-31T11:34:55","date_gmt":"2022-03-31T11:34:55","guid":{"rendered":"https:\/\/altincezvegida.com\/product\/coffee-creamer\/"},"modified":"2022-05-30T08:50:44","modified_gmt":"2022-05-30T08:50:44","slug":"coffee-creamer","status":"publish","type":"product","link":"https:\/\/altincezvegida.com\/ar\/product\/coffee-creamer\/","title":{"rendered":"\u0645\u0628\u064a\u0636 \u0627\u0644\u0642\u0647\u0648\u0629"},"content":{"rendered":"<p style=\"text-align: right\"><strong>\u0645\u0628\u064a\u0636 \u0627\u0644\u0642\u0647\u0648\u0629<\/strong><\/p>\n<p>Alt\u0131ncezve Coffee Cremer \u00f6zel anlar\u0131n\u0131zda Alt\u0131ncezve Gold ve Classic coffee ile birlikte kullanabileceginiz sizin i\u00e7in \u00f6zenle haz\u0131rlanm\u0131\u015f kahve beyazlat\u0131c\u0131s\u0131d\u0131r.<\/p>\n<p><strong>Haz\u0131rlan\u0131\u015f\u0131:\u00a0<\/strong><\/p>\n<ul>\n<li>\u0130ki tatl\u0131 ka\u015f\u0131\u011f\u0131 Alt\u0131cezve Gold kahve veya Alt\u0131ncezve Classic Kahve koyunuz<\/li>\n<li>\u00dczerine s\u0131cak s\u00fct veya s\u0131cak su ilave ediniz<\/li>\n<li>Arzuya g\u00f6re Alt\u0131ncezve Krema \u2013 Kahve beyazlat\u0131c\u0131 ve \u015feker ilave edebilirsiniz<\/li>\n<\/ul>\n<p><img decoding=\"async\" class=\"alignnone size-full wp-image-1209\" src=\"https:\/\/altincezvegida.com\/wp-content\/uploads\/2022\/03\/kahve-kremasi-bardak.png\" alt=\"\" width=\"209\" height=\"180\" srcset=\"https:\/\/altincezvegida.com\/wp-content\/uploads\/2022\/03\/kahve-kremasi-bardak.png 209w, https:\/\/altincezvegida.com\/wp-content\/uploads\/2022\/03\/kahve-kremasi-bardak-170x146.png 170w, https:\/\/altincezvegida.com\/wp-content\/uploads\/2022\/03\/kahve-kremasi-bardak-50x43.png 50w, https:\/\/altincezvegida.com\/wp-content\/uploads\/2022\/03\/kahve-kremasi-bardak-87x75.png 87w\" sizes=\"(max-width: 209px) 100vw, 209px\" \/><\/p>\n<p>Afiyet olsun\u2026<\/p>\n<p>&nbsp;<\/p>\n<p><strong>\u0130\u00e7indekiler :<\/strong><\/p>\n<p>Kurutulmu\u015f glikoz \u015furubu, Bitkisel ya\u011f (Hindistan cevizi ya\u011f\u0131), K\u0131vam art\u0131r\u0131c\u0131 (Sodyum kazeinat), Em\u00fclgat\u00f6r E471, E472, Stabilizat\u00f6r, Topaklanmay\u0131 \u00f6nleyici E341<\/p>\n","protected":false},"excerpt":{"rendered":"<p><img decoding=\"async\" class=\"alignnone wp-image-1209\" src=\"https:\/\/altincezvegida.com\/wp-content\/uploads\/2022\/03\/kahve-kremasi-bardak.png\" alt=\"\" width=\"151\" height=\"130\" srcset=\"https:\/\/altincezvegida.com\/wp-content\/uploads\/2022\/03\/kahve-kremasi-bardak.png 209w, https:\/\/altincezvegida.com\/wp-content\/uploads\/2022\/03\/kahve-kremasi-bardak-170x146.png 170w, https:\/\/altincezvegida.com\/wp-content\/uploads\/2022\/03\/kahve-kremasi-bardak-50x43.png 50w, https:\/\/altincezvegida.com\/wp-content\/uploads\/2022\/03\/kahve-kremasi-bardak-87x75.png 87w\" sizes=\"(max-width: 151px) 100vw, 151px\" \/><\/p>\n<p>&nbsp;<\/p>\n<p>Gramaj \u00c7e\u015fitleri\u00a0 : 200 Gram &#8211; 1.000\u00a0 Gram<\/p>\n<p>Koli \u0130\u00e7i Miktar\u00a0 \u00a0 \u00a0 \u00a0: 20 Adet (200 Gram) &#8211; 10 Adet (1.000 Gram)<\/p>\n","protected":false},"featured_media":1213,"template":"","meta":[],"product_cat":[76],"product_tag":[],"class_list":{"0":"post-2262","1":"product","2":"type-product","3":"status-publish","4":"has-post-thumbnail","6":"product_cat-cozunebilir-kahve-grubu-ar","8":"first","9":"instock","10":"shipping-taxable","11":"product-type-simple"},"_links":{"self":[{"href":"https:\/\/altincezvegida.com\/ar\/wp-json\/wp\/v2\/product\/2262","targetHints":{"allow":["GET"]}}],"collection":[{"href":"https:\/\/altincezvegida.com\/ar\/wp-json\/wp\/v2\/product"}],"about":[{"href":"https:\/\/altincezvegida.com\/ar\/wp-json\/wp\/v2\/types\/product"}],"wp:featuredmedia":[{"embeddable":true,"href":"https:\/\/altincezvegida.com\/ar\/wp-json\/wp\/v2\/media\/1213"}],"wp:attachment":[{"href":"https:\/\/altincezvegida.com\/ar\/wp-json\/wp\/v2\/media?parent=2262"}],"wp:term":[{"taxonomy":"product_cat","embeddable":true,"href":"https:\/\/altincezvegida.com\/ar\/wp-json\/wp\/v2\/product_cat?post=2262"},{"taxonomy":"product_tag","embeddable":true,"href":"https:\/\/altincezvegida.com\/ar\/wp-json\/wp\/v2\/product_tag?post=2262"}],"curies":[{"name":"wp","href":"https:\/\/api.w.org\/{rel}","templated":true}]}}