{"id":2260,"date":"2022-03-31T10:49:20","date_gmt":"2022-03-31T10:49:20","guid":{"rendered":"https:\/\/altincezvegida.com\/product\/classic-coffee\/"},"modified":"2022-05-30T08:50:53","modified_gmt":"2022-05-30T08:50:53","slug":"classic-coffee","status":"publish","type":"product","link":"https:\/\/altincezvegida.com\/ar\/product\/classic-coffee\/","title":{"rendered":"\u0643\u0644\u0627\u0633\u064a\u0643 \u0643\u0648\u0641\u064a  \/ \u0642\u0647\u0648\u0629 \u0643\u0644\u0627\u0633\u064a\u0643\u064a\u0629"},"content":{"rendered":"<p style=\"text-align: right\"><strong>\u0643\u0644\u0627\u0633\u064a\u0643 \u0643\u0648\u0641\u064a \/ \u0642\u0647\u0648\u0629 \u0643\u0644\u0627\u0633\u064a\u0643\u064a\u0629<\/strong><\/p>\n<p>Alt\u0131ncezve Classic\u00a0Coffee\u00a0\u00f6zel anlar\u0131n\u0131zda Alt\u0131ncezve Coffee Creamer ile birlikte kullanabileceginiz sizin i\u00e7in \u00f6zenle haz\u0131rlanm\u0131\u015f kahvemizdir.<\/p>\n<p><strong>Haz\u0131rlan\u0131\u015f\u0131:<\/strong><\/p>\n<ul>\n<li>Bir fincana 2 tatl\u0131 ka\u015f\u0131\u011f\u0131 Alt\u0131ncezve Classic Coffee ekleyiniz<\/li>\n<li>\u00dczerine s\u0131cak su veya s\u0131cak s\u00fct ilave ediniz<\/li>\n<li>Arzuya g\u00f6re \u015feker ilave edebilirsiniz<\/li>\n<\/ul>\n<p><img decoding=\"async\" class=\"alignnone size-full wp-image-730\" src=\"https:\/\/altincezvegida.com\/wp-content\/uploads\/2022\/03\/gold-kahve-site-1.png\" alt=\"\" width=\"172\" height=\"180\" srcset=\"https:\/\/altincezvegida.com\/wp-content\/uploads\/2022\/03\/gold-kahve-site-1.png 172w, https:\/\/altincezvegida.com\/wp-content\/uploads\/2022\/03\/gold-kahve-site-1-140x146.png 140w, https:\/\/altincezvegida.com\/wp-content\/uploads\/2022\/03\/gold-kahve-site-1-48x50.png 48w, https:\/\/altincezvegida.com\/wp-content\/uploads\/2022\/03\/gold-kahve-site-1-72x75.png 72w\" sizes=\"(max-width: 172px) 100vw, 172px\" \/><\/p>\n<p>Afiyet olsun.<\/p>\n<p>&nbsp;<\/p>\n","protected":false},"excerpt":{"rendered":"<p><img decoding=\"async\" class=\"alignnone wp-image-730\" src=\"https:\/\/altincezvegida.com\/wp-content\/uploads\/2022\/03\/gold-kahve-site-1.png\" alt=\"\" width=\"138\" height=\"145\" srcset=\"https:\/\/altincezvegida.com\/wp-content\/uploads\/2022\/03\/gold-kahve-site-1.png 172w, https:\/\/altincezvegida.com\/wp-content\/uploads\/2022\/03\/gold-kahve-site-1-140x146.png 140w, https:\/\/altincezvegida.com\/wp-content\/uploads\/2022\/03\/gold-kahve-site-1-48x50.png 48w, https:\/\/altincezvegida.com\/wp-content\/uploads\/2022\/03\/gold-kahve-site-1-72x75.png 72w\" sizes=\"(max-width: 138px) 100vw, 138px\" \/><\/p>\n<p>&nbsp;<\/p>\n<p>Gramaj \u00c7e\u015fitleri\u00a0 : 100 Gram<\/p>\n<p>Koli \u0130\u00e7i Miktar\u00a0 \u00a0 \u00a0 \u00a0: 20 Adet<\/p>\n","protected":false},"featured_media":1201,"template":"","meta":[],"product_cat":[76],"product_tag":[],"class_list":{"0":"post-2260","1":"product","2":"type-product","3":"status-publish","4":"has-post-thumbnail","6":"product_cat-cozunebilir-kahve-grubu-ar","8":"first","9":"instock","10":"shipping-taxable","11":"product-type-simple"},"_links":{"self":[{"href":"https:\/\/altincezvegida.com\/ar\/wp-json\/wp\/v2\/product\/2260","targetHints":{"allow":["GET"]}}],"collection":[{"href":"https:\/\/altincezvegida.com\/ar\/wp-json\/wp\/v2\/product"}],"about":[{"href":"https:\/\/altincezvegida.com\/ar\/wp-json\/wp\/v2\/types\/product"}],"wp:featuredmedia":[{"embeddable":true,"href":"https:\/\/altincezvegida.com\/ar\/wp-json\/wp\/v2\/media\/1201"}],"wp:attachment":[{"href":"https:\/\/altincezvegida.com\/ar\/wp-json\/wp\/v2\/media?parent=2260"}],"wp:term":[{"taxonomy":"product_cat","embeddable":true,"href":"https:\/\/altincezvegida.com\/ar\/wp-json\/wp\/v2\/product_cat?post=2260"},{"taxonomy":"product_tag","embeddable":true,"href":"https:\/\/altincezvegida.com\/ar\/wp-json\/wp\/v2\/product_tag?post=2260"}],"curies":[{"name":"wp","href":"https:\/\/api.w.org\/{rel}","templated":true}]}}