{"id":2257,"date":"2022-03-31T10:08:56","date_gmt":"2022-03-31T10:08:56","guid":{"rendered":"https:\/\/altincezvegida.com\/product\/hazir-turk-kahvesi-ofis-seti-sutlu-10-lu\/"},"modified":"2022-05-30T08:36:13","modified_gmt":"2022-05-30T08:36:13","slug":"hazir-turk-kahvesi-ofis-seti-sutlu-10-lu","status":"publish","type":"product","link":"https:\/\/altincezvegida.com\/ar\/product\/hazir-turk-kahvesi-ofis-seti-sutlu-10-lu\/","title":{"rendered":"\u0637\u0642\u0645 \u0627\u0644\u0645\u0643\u062a\u0628 \u0642\u0647\u0648\u0629 \u062a\u0631\u0643\u064a\u0629 \u0627\u0644\u0641\u0648\u0631\u064a\u0629 \u0645\u0643\u0648\u0646 \u0645\u0646 10 \u0642\u0637\u0639 &#8211; \u0628\u0627\u0644\u062d\u0644\u064a\u0628"},"content":{"rendered":"<p style=\"text-align: right\"><strong>\u0637\u0642\u0645 \u0627\u0644\u0645\u0643\u062a\u0628 \u0642\u0647\u0648\u0629 \u062a\u0631\u0643\u064a\u0629 \u0627\u0644\u0641\u0648\u0631\u064a\u0629 \u0645\u0643\u0648\u0646 \u0645\u0646 10 \u0642\u0637\u0639 &#8211; \u0628\u0627\u0644\u062d\u0644\u064a\u0628<\/strong><\/p>\n<p>Kutu i\u00e7erisinde 10 adet tek i\u00e7imlik kahve ve 10 adet 4 ozluk karton bardak ve ka\u015f\u0131k bulunmaktad\u0131r.<\/p>\n<p><strong>Haz\u0131rlan\u0131\u015f\u0131:<\/strong><\/p>\n<ul>\n<li>Po\u015fetin tamam\u0131n\u0131 karton barda\u011fa bo\u015falt\u0131n<\/li>\n<li>Barda\u011f\u0131 kaynar su ile doldurup kar\u0131\u015ft\u0131rarak kahveyi iyice eritin<\/li>\n<\/ul>\n<p><img decoding=\"async\" class=\"alignnone size-full wp-image-727\" src=\"https:\/\/altincezvegida.com\/wp-content\/uploads\/2022\/03\/Altincezve-Turk-Kahvesi-fincan-2.png\" alt=\"\" width=\"276\" height=\"180\" srcset=\"https:\/\/altincezvegida.com\/wp-content\/uploads\/2022\/03\/Altincezve-Turk-Kahvesi-fincan-2.png 276w, https:\/\/altincezvegida.com\/wp-content\/uploads\/2022\/03\/Altincezve-Turk-Kahvesi-fincan-2-224x146.png 224w, https:\/\/altincezvegida.com\/wp-content\/uploads\/2022\/03\/Altincezve-Turk-Kahvesi-fincan-2-50x33.png 50w, https:\/\/altincezvegida.com\/wp-content\/uploads\/2022\/03\/Altincezve-Turk-Kahvesi-fincan-2-115x75.png 115w\" sizes=\"(max-width: 276px) 100vw, 276px\" \/><\/p>\n<p>Afiyet olsun\u2026<\/p>\n<p>Yap\u0131lmas\u0131 pratik oldu\u011fu i\u00e7in sizi yormaz.<\/p>\n<p>&nbsp;<\/p>\n<p>E\u015fsiz lezzeti ile dama\u011f\u0131n\u0131zda muhte\u015fem bir lezzet b\u0131rak\u0131r.<\/p>\n<p><strong>\u0130\u00e7indekiler :<\/strong><\/p>\n<p>Kavrulmu\u015f ve ince \u00e7ekilmi\u015f taze kahve, sodyum bikarbonat, s\u00fct proteini, \u015feker<\/p>\n","protected":false},"excerpt":{"rendered":"<p><img decoding=\"async\" class=\"alignnone wp-image-727\" src=\"https:\/\/altincezvegida.com\/wp-content\/uploads\/2022\/03\/Altincezve-Turk-Kahvesi-fincan-2.png\" alt=\"\" width=\"210\" height=\"137\" srcset=\"https:\/\/altincezvegida.com\/wp-content\/uploads\/2022\/03\/Altincezve-Turk-Kahvesi-fincan-2.png 276w, https:\/\/altincezvegida.com\/wp-content\/uploads\/2022\/03\/Altincezve-Turk-Kahvesi-fincan-2-224x146.png 224w, https:\/\/altincezvegida.com\/wp-content\/uploads\/2022\/03\/Altincezve-Turk-Kahvesi-fincan-2-50x33.png 50w, https:\/\/altincezvegida.com\/wp-content\/uploads\/2022\/03\/Altincezve-Turk-Kahvesi-fincan-2-115x75.png 115w\" sizes=\"(max-width: 210px) 100vw, 210px\" \/><\/p>\n<p>&nbsp;<\/p>\n<p>Gramaj \u00c7e\u015fitleri\u00a0 : 11 Gram x 10 Adet (1 Kutu)<\/p>\n<p>Koli \u0130\u00e7i Miktar\u00a0 \u00a0 \u00a0 \u00a0: 12 Kutu<\/p>\n","protected":false},"featured_media":1196,"template":"","meta":[],"product_cat":[74],"product_tag":[],"class_list":{"0":"post-2257","1":"product","2":"type-product","3":"status-publish","4":"has-post-thumbnail","6":"product_cat-hazir-turk-kahvesi-grubu-ar","8":"first","9":"instock","10":"shipping-taxable","11":"product-type-simple"},"_links":{"self":[{"href":"https:\/\/altincezvegida.com\/ar\/wp-json\/wp\/v2\/product\/2257","targetHints":{"allow":["GET"]}}],"collection":[{"href":"https:\/\/altincezvegida.com\/ar\/wp-json\/wp\/v2\/product"}],"about":[{"href":"https:\/\/altincezvegida.com\/ar\/wp-json\/wp\/v2\/types\/product"}],"wp:featuredmedia":[{"embeddable":true,"href":"https:\/\/altincezvegida.com\/ar\/wp-json\/wp\/v2\/media\/1196"}],"wp:attachment":[{"href":"https:\/\/altincezvegida.com\/ar\/wp-json\/wp\/v2\/media?parent=2257"}],"wp:term":[{"taxonomy":"product_cat","embeddable":true,"href":"https:\/\/altincezvegida.com\/ar\/wp-json\/wp\/v2\/product_cat?post=2257"},{"taxonomy":"product_tag","embeddable":true,"href":"https:\/\/altincezvegida.com\/ar\/wp-json\/wp\/v2\/product_tag?post=2257"}],"curies":[{"name":"wp","href":"https:\/\/api.w.org\/{rel}","templated":true}]}}