{"id":2248,"date":"2022-03-31T09:03:37","date_gmt":"2022-03-31T09:03:37","guid":{"rendered":"https:\/\/altincezvegida.com\/product\/sutlu-hazir-dibek-kahvesi-sekerli\/"},"modified":"2022-05-30T08:31:33","modified_gmt":"2022-05-30T08:31:33","slug":"sutlu-hazir-dibek-kahvesi-sekerli","status":"publish","type":"product","link":"https:\/\/altincezvegida.com\/ar\/product\/sutlu-hazir-dibek-kahvesi-sekerli\/","title":{"rendered":"(\u0627\u0644\u0642\u0647\u0648\u0629 \u062f\u064a\u0628\u0643 \u0627\u0644\u0639\u062b\u0645\u0627\u0646\u064a\u0629 \u0627\u0644\u0641\u0648\u0631\u064a\u0629 \u2013 \u0628\u0627\u0644\u062d\u0644\u064a\u0628 (\u0644\u0644\u0627\u0633\u062a\u0639\u0645\u0627\u0644 \u0644\u0645\u0631\u0629 \u0648\u0627\u062d\u062f\u0629"},"content":{"rendered":"<div style=\"text-align: right\"><strong>(\u0627\u0644\u0642\u0647\u0648\u0629 \u062f\u064a\u0628\u0643 \u0627\u0644\u0639\u062b\u0645\u0627\u0646\u064a\u0629 \u0627\u0644\u0641\u0648\u0631\u064a\u0629 \u2013 \u0628\u0627\u0644\u062d\u0644\u064a\u0628 (\u0644\u0644\u0627\u0633\u062a\u0639\u0645\u0627\u0644 \u0644\u0645\u0631\u0629 \u0648\u0627\u062d\u062f\u0629<\/strong><\/div>\n<div><\/div>\n<div><em><strong>Osmanl\u0131 Usul\u00fc Geleneksel Kar\u0131\u015f\u0131m<\/strong><\/em><\/div>\n<div>\n<div><\/div>\n<div><strong>Kahvenizi en g\u00fczel \u015fekilde haz\u0131rlayabilmek i\u00e7in :<\/strong><\/div>\n<\/div>\n<div><\/div>\n<ul>\n<li>Fincan\u0131 s\u0131cak su ile \u0131s\u0131t\u0131n ve \u0131s\u0131nan fincandaki suyu bo\u015falt\u0131n<\/li>\n<li>Alt\u0131ncezve Haz\u0131r T\u00fcrk kahvesi po\u015fetini fincana bo\u015falt\u0131n<\/li>\n<li>Fincan\u0131\u00a0<u>kaynar<\/u>\u00a0su ile doldurup kar\u0131\u015ft\u0131rarak kahveyi iyice eritin<\/li>\n<li>Dilerseniz \u00fcst\u00fcn\u00fc s\u0131cak suyla tamamlayabilirsiniz<\/li>\n<\/ul>\n<div><img decoding=\"async\" class=\"alignnone size-full wp-image-727\" src=\"https:\/\/altincezvegida.com\/wp-content\/uploads\/2022\/03\/Altincezve-Turk-Kahvesi-fincan-2.png\" alt=\"\" width=\"276\" height=\"180\" srcset=\"https:\/\/altincezvegida.com\/wp-content\/uploads\/2022\/03\/Altincezve-Turk-Kahvesi-fincan-2.png 276w, https:\/\/altincezvegida.com\/wp-content\/uploads\/2022\/03\/Altincezve-Turk-Kahvesi-fincan-2-224x146.png 224w, https:\/\/altincezvegida.com\/wp-content\/uploads\/2022\/03\/Altincezve-Turk-Kahvesi-fincan-2-50x33.png 50w, https:\/\/altincezvegida.com\/wp-content\/uploads\/2022\/03\/Altincezve-Turk-Kahvesi-fincan-2-115x75.png 115w\" sizes=\"(max-width: 276px) 100vw, 276px\" \/><\/div>\n<div>\n<div>Afiyet olsun\u2026<\/div>\n<\/div>\n<div>\n<p>Yap\u0131lmas\u0131 pratik oldu\u011fu i\u00e7in sizi yormaz. E\u015fsiz lezzeti ile a\u011f\u0131zlarda muhte\u015fem bir tat b\u0131rak\u0131r.<\/p>\n<\/div>\n<p><strong>\u0130\u00e7indekiler :<\/strong><\/p>\n<div>\n<p>Kavrulmu\u015f ve ince \u00e7ekilmi\u015f taze kahve, Kahve kremas\u0131, Ya\u011fs\u0131z s\u00fct tozu, Kakule, Damla sak\u0131z\u0131 aromas\u0131, \u00d6\u011f\u00fct\u00fclm\u00fc\u015f ke\u00e7i boynuzu, Sodyum bikarbonat, \u015eeker<\/p>\n<\/div>\n","protected":false},"excerpt":{"rendered":"<p><img decoding=\"async\" class=\"alignnone wp-image-727\" src=\"https:\/\/altincezvegida.com\/wp-content\/uploads\/2022\/03\/Altincezve-Turk-Kahvesi-fincan-2.png\" alt=\"\" width=\"210\" height=\"137\" srcset=\"https:\/\/altincezvegida.com\/wp-content\/uploads\/2022\/03\/Altincezve-Turk-Kahvesi-fincan-2.png 276w, https:\/\/altincezvegida.com\/wp-content\/uploads\/2022\/03\/Altincezve-Turk-Kahvesi-fincan-2-224x146.png 224w, https:\/\/altincezvegida.com\/wp-content\/uploads\/2022\/03\/Altincezve-Turk-Kahvesi-fincan-2-50x33.png 50w, https:\/\/altincezvegida.com\/wp-content\/uploads\/2022\/03\/Altincezve-Turk-Kahvesi-fincan-2-115x75.png 115w\" sizes=\"(max-width: 210px) 100vw, 210px\" \/><\/p>\n<p>&nbsp;<\/p>\n<p>Gramaj \u00c7e\u015fitleri\u00a0 : 10 Gram x 20 Adet (1 Kutu)<\/p>\n<p>Koli \u0130\u00e7i Miktar\u00a0 \u00a0 \u00a0 \u00a0: 6 Kutu<\/p>\n","protected":false},"featured_media":1179,"template":"","meta":[],"product_cat":[74],"product_tag":[],"class_list":{"0":"post-2248","1":"product","2":"type-product","3":"status-publish","4":"has-post-thumbnail","6":"product_cat-hazir-turk-kahvesi-grubu-ar","8":"first","9":"instock","10":"shipping-taxable","11":"product-type-simple"},"_links":{"self":[{"href":"https:\/\/altincezvegida.com\/ar\/wp-json\/wp\/v2\/product\/2248","targetHints":{"allow":["GET"]}}],"collection":[{"href":"https:\/\/altincezvegida.com\/ar\/wp-json\/wp\/v2\/product"}],"about":[{"href":"https:\/\/altincezvegida.com\/ar\/wp-json\/wp\/v2\/types\/product"}],"wp:featuredmedia":[{"embeddable":true,"href":"https:\/\/altincezvegida.com\/ar\/wp-json\/wp\/v2\/media\/1179"}],"wp:attachment":[{"href":"https:\/\/altincezvegida.com\/ar\/wp-json\/wp\/v2\/media?parent=2248"}],"wp:term":[{"taxonomy":"product_cat","embeddable":true,"href":"https:\/\/altincezvegida.com\/ar\/wp-json\/wp\/v2\/product_cat?post=2248"},{"taxonomy":"product_tag","embeddable":true,"href":"https:\/\/altincezvegida.com\/ar\/wp-json\/wp\/v2\/product_tag?post=2248"}],"curies":[{"name":"wp","href":"https:\/\/api.w.org\/{rel}","templated":true}]}}