{"id":2243,"date":"2022-03-31T08:41:34","date_gmt":"2022-03-31T08:41:34","guid":{"rendered":"https:\/\/altincezvegida.com\/product\/hazir-turk-kahvesi-sutlu\/"},"modified":"2022-05-30T08:28:16","modified_gmt":"2022-05-30T08:28:16","slug":"hazir-turk-kahvesi-sutlu","status":"publish","type":"product","link":"https:\/\/altincezvegida.com\/ar\/product\/hazir-turk-kahvesi-sutlu\/","title":{"rendered":"\u0642\u0647\u0648\u0629 \u062a\u0631\u0643\u064a\u0629 \u0627\u0644\u0641\u0648\u0631\u064a\u0629 \u2013 \u0628\u0627\u0644\u062d\u0644\u064a\u0628 (\u0644\u0644\u0627\u0633\u062a\u0639\u0645\u0627\u0644 \u0644\u0645\u0631\u0629 \u0648\u0627\u062d\u062f\u0629)"},"content":{"rendered":"<p style=\"text-align: right\"><strong>\u0642\u0647\u0648\u0629 \u062a\u0631\u0643\u064a\u0629 \u0627\u0644\u0641\u0648\u0631\u064a\u0629 \u2013 \u0628\u0627\u0644\u062d\u0644\u064a\u0628 (\u0644\u0644\u0627\u0633\u062a\u0639\u0645\u0627\u0644 \u0644\u0645\u0631\u0629 \u0648\u0627\u062d\u062f\u0629)<\/strong><\/p>\n<p><strong>Haz\u0131rlan\u0131\u015f\u0131:<\/strong><\/p>\n<ul>\n<li>Po\u015fetin tamam\u0131n\u0131 fincana bo\u015falt\u0131n\u0131z<\/li>\n<li>Fincan\u0131, kaynar su ile doldurarak kahve iyice eriyinceye kadar kar\u0131\u015ft\u0131r\u0131n\u0131z<\/li>\n<\/ul>\n<p>Afiyet olsun\u2026<\/p>\n<p><img decoding=\"async\" class=\"alignnone size-full wp-image-727\" src=\"https:\/\/altincezvegida.com\/wp-content\/uploads\/2022\/03\/Altincezve-Turk-Kahvesi-fincan-2.png\" alt=\"\" width=\"276\" height=\"180\" srcset=\"https:\/\/altincezvegida.com\/wp-content\/uploads\/2022\/03\/Altincezve-Turk-Kahvesi-fincan-2.png 276w, https:\/\/altincezvegida.com\/wp-content\/uploads\/2022\/03\/Altincezve-Turk-Kahvesi-fincan-2-224x146.png 224w, https:\/\/altincezvegida.com\/wp-content\/uploads\/2022\/03\/Altincezve-Turk-Kahvesi-fincan-2-50x33.png 50w, https:\/\/altincezvegida.com\/wp-content\/uploads\/2022\/03\/Altincezve-Turk-Kahvesi-fincan-2-115x75.png 115w\" sizes=\"(max-width: 276px) 100vw, 276px\" \/><\/p>\n<p>\u200b\u200b<\/p>\n<p>Yap\u0131lmas\u0131 pratik oldu\u011fu i\u00e7in sizi yormaz.<\/p>\n<p>E\u015fsiz lezzeti ile dama\u011f\u0131n\u0131zda muhte\u015fem bir lezzet b\u0131rak\u0131r.<\/p>\n<p><strong>\u0130\u00e7indekiler:<\/strong><\/p>\n<p>Kavrulmu\u015f ve ince \u00e7ekilmi\u015f taze kahve, sodyum bikarbonat, s\u00fct proteini, \u015feker<\/p>\n","protected":false},"excerpt":{"rendered":"<p><img decoding=\"async\" class=\"alignnone wp-image-727\" src=\"https:\/\/altincezvegida.com\/wp-content\/uploads\/2022\/03\/Altincezve-Turk-Kahvesi-fincan-2.png\" alt=\"\" width=\"210\" height=\"137\" srcset=\"https:\/\/altincezvegida.com\/wp-content\/uploads\/2022\/03\/Altincezve-Turk-Kahvesi-fincan-2.png 276w, https:\/\/altincezvegida.com\/wp-content\/uploads\/2022\/03\/Altincezve-Turk-Kahvesi-fincan-2-224x146.png 224w, https:\/\/altincezvegida.com\/wp-content\/uploads\/2022\/03\/Altincezve-Turk-Kahvesi-fincan-2-50x33.png 50w, https:\/\/altincezvegida.com\/wp-content\/uploads\/2022\/03\/Altincezve-Turk-Kahvesi-fincan-2-115x75.png 115w\" sizes=\"(max-width: 210px) 100vw, 210px\" \/><\/p>\n<p>&nbsp;<\/p>\n<p>Gramaj \u00c7e\u015fitleri\u00a0 : 11 Gram x 20 Adet (1 Kutu)<\/p>\n<p>Koli \u0130\u00e7i Miktar\u00a0 \u00a0 \u00a0 \u00a0: 6 Kutu<\/p>\n","protected":false},"featured_media":1175,"template":"","meta":[],"product_cat":[74],"product_tag":[],"class_list":{"0":"post-2243","1":"product","2":"type-product","3":"status-publish","4":"has-post-thumbnail","6":"product_cat-hazir-turk-kahvesi-grubu-ar","8":"first","9":"instock","10":"shipping-taxable","11":"product-type-simple"},"_links":{"self":[{"href":"https:\/\/altincezvegida.com\/ar\/wp-json\/wp\/v2\/product\/2243","targetHints":{"allow":["GET"]}}],"collection":[{"href":"https:\/\/altincezvegida.com\/ar\/wp-json\/wp\/v2\/product"}],"about":[{"href":"https:\/\/altincezvegida.com\/ar\/wp-json\/wp\/v2\/types\/product"}],"wp:featuredmedia":[{"embeddable":true,"href":"https:\/\/altincezvegida.com\/ar\/wp-json\/wp\/v2\/media\/1175"}],"wp:attachment":[{"href":"https:\/\/altincezvegida.com\/ar\/wp-json\/wp\/v2\/media?parent=2243"}],"wp:term":[{"taxonomy":"product_cat","embeddable":true,"href":"https:\/\/altincezvegida.com\/ar\/wp-json\/wp\/v2\/product_cat?post=2243"},{"taxonomy":"product_tag","embeddable":true,"href":"https:\/\/altincezvegida.com\/ar\/wp-json\/wp\/v2\/product_tag?post=2243"}],"curies":[{"name":"wp","href":"https:\/\/api.w.org\/{rel}","templated":true}]}}