{"id":2224,"date":"2022-03-30T14:34:03","date_gmt":"2022-03-30T14:34:03","guid":{"rendered":"https:\/\/altincezvegida.com\/product\/teneke-findikli-turk-kahvesi\/"},"modified":"2022-05-30T08:09:57","modified_gmt":"2022-05-30T08:09:57","slug":"teneke-findikli-turk-kahvesi","status":"publish","type":"product","link":"https:\/\/altincezvegida.com\/ar\/product\/teneke-findikli-turk-kahvesi\/","title":{"rendered":"\u0642\u0647\u0648\u0629 \u062a\u0631\u0643\u064a\u0629 \u0628\u0627\u0644\u0628\u0646\u062f\u0642 \u0641\u064a \u0639\u0644\u0628\u0629"},"content":{"rendered":"<p style=\"text-align: right\"><strong>\u0642\u0647\u0648\u0629 \u062a\u0631\u0643\u064a\u0629 \u0628\u0627\u0644\u0628\u0646\u062f\u0642 \u0641\u064a \u0639\u0644\u0628\u0629<\/strong><\/p>\n<p>&nbsp;<\/p>\n<p><strong>T\u00fcr\u00fc:<\/strong>\u00a0Arabica<\/p>\n<p><strong>Tipi:\u00a0<\/strong>Orta Kavrulmu\u015f<\/p>\n<p><strong>Derecesi:\u00a0<\/strong>\u0130nce \u00c7ekilmi\u015f<\/p>\n<p>&nbsp;<\/p>\n<p><img decoding=\"async\" class=\"alignnone size-full wp-image-724\" src=\"https:\/\/altincezvegida.com\/wp-content\/uploads\/2022\/03\/altincezve-saydam-1.png\" alt=\"\" width=\"180\" height=\"106\" srcset=\"https:\/\/altincezvegida.com\/wp-content\/uploads\/2022\/03\/altincezve-saydam-1.png 180w, https:\/\/altincezvegida.com\/wp-content\/uploads\/2022\/03\/altincezve-saydam-1-50x29.png 50w, https:\/\/altincezvegida.com\/wp-content\/uploads\/2022\/03\/altincezve-saydam-1-127x75.png 127w\" sizes=\"(max-width: 180px) 100vw, 180px\" \/><\/p>\n<p><strong>Haz\u0131rlan\u0131\u015f\u0131:<\/strong><\/p>\n<ul>\n<li>70 ml (bir fincan) suya, 6 gram Kahve koyunuz<\/li>\n<li>Her fincan i\u00e7in dolu 2 \u00e7ay ka\u015f\u0131\u011f\u0131 kahve ve arzu edilen miktardaki \u015feker ilave ederek cezveyi ocaktaki hafif ate\u015fe koyunuz<\/li>\n<li>Hafif bir \u015fekilde kar\u0131\u015ft\u0131rarak, kahve k\u00f6p\u00fcrmeye ba\u015flay\u0131nca k\u00f6p\u00fc\u011f\u00fc her fincana e\u015fit miktarda b\u00f6l\u00fc\u015ft\u00fcr\u00fcn\u00fcz<\/li>\n<li>Cezvede kalan kahve bir ta\u015f\u0131m daha kaynat\u0131ld\u0131ktan sonra fincanlara payla\u015ft\u0131r\u0131n\u0131z<\/li>\n<\/ul>\n<p>&nbsp;<\/p>\n<p><img decoding=\"async\" class=\"alignnone size-full wp-image-727\" src=\"https:\/\/altincezvegida.com\/wp-content\/uploads\/2022\/03\/Altincezve-Turk-Kahvesi-fincan-2.png\" alt=\"\" width=\"276\" height=\"180\" srcset=\"https:\/\/altincezvegida.com\/wp-content\/uploads\/2022\/03\/Altincezve-Turk-Kahvesi-fincan-2.png 276w, https:\/\/altincezvegida.com\/wp-content\/uploads\/2022\/03\/Altincezve-Turk-Kahvesi-fincan-2-224x146.png 224w, https:\/\/altincezvegida.com\/wp-content\/uploads\/2022\/03\/Altincezve-Turk-Kahvesi-fincan-2-50x33.png 50w, https:\/\/altincezvegida.com\/wp-content\/uploads\/2022\/03\/Altincezve-Turk-Kahvesi-fincan-2-115x75.png 115w\" sizes=\"(max-width: 276px) 100vw, 276px\" \/><\/p>\n<p>&nbsp;<\/p>\n<p>Afiyet Olsun\u2026<\/p>\n<p>T\u00fcrk damak lezzetine uygun %100 arabica Rio Minas \u00e7ekirdekleri kullanarak \u00f6zenle kavrulup \u00e7ekilerek elde edilmi\u015ftir.<\/p>\n<p><strong>\u0130\u00e7indekiler:<\/strong><\/p>\n<p>Kavrulmu\u015f ve ince \u00e7ekilmi\u015f T\u00fcrk kahvesi, f\u0131nd\u0131k, f\u0131nd\u0131k aromas\u0131<\/p>\n","protected":false},"excerpt":{"rendered":"<p><img decoding=\"async\" class=\"alignnone wp-image-727\" src=\"https:\/\/altincezvegida.com\/wp-content\/uploads\/2022\/03\/Altincezve-Turk-Kahvesi-fincan-2.png\" alt=\"\" width=\"210\" height=\"137\" srcset=\"https:\/\/altincezvegida.com\/wp-content\/uploads\/2022\/03\/Altincezve-Turk-Kahvesi-fincan-2.png 276w, https:\/\/altincezvegida.com\/wp-content\/uploads\/2022\/03\/Altincezve-Turk-Kahvesi-fincan-2-224x146.png 224w, https:\/\/altincezvegida.com\/wp-content\/uploads\/2022\/03\/Altincezve-Turk-Kahvesi-fincan-2-50x33.png 50w, https:\/\/altincezvegida.com\/wp-content\/uploads\/2022\/03\/Altincezve-Turk-Kahvesi-fincan-2-115x75.png 115w\" sizes=\"(max-width: 210px) 100vw, 210px\" \/><\/p>\n<p>&nbsp;<\/p>\n<p>Gramaj \u00c7e\u015fitleri\u00a0 : 250 Gram \u2013 500 Gram<\/p>\n<p>Koli \u0130\u00e7i Miktar\u00a0 \u00a0 \u00a0 \u00a0: 12 Adet (250 Gram) \u2013 6 Adet (500 Gram)<\/p>\n","protected":false},"featured_media":1125,"template":"","meta":[],"product_cat":[62],"product_tag":[],"class_list":{"0":"post-2224","1":"product","2":"type-product","3":"status-publish","4":"has-post-thumbnail","6":"product_cat-turk-kahvesi-grubu-ar","8":"first","9":"instock","10":"shipping-taxable","11":"product-type-simple"},"_links":{"self":[{"href":"https:\/\/altincezvegida.com\/ar\/wp-json\/wp\/v2\/product\/2224","targetHints":{"allow":["GET"]}}],"collection":[{"href":"https:\/\/altincezvegida.com\/ar\/wp-json\/wp\/v2\/product"}],"about":[{"href":"https:\/\/altincezvegida.com\/ar\/wp-json\/wp\/v2\/types\/product"}],"wp:featuredmedia":[{"embeddable":true,"href":"https:\/\/altincezvegida.com\/ar\/wp-json\/wp\/v2\/media\/1125"}],"wp:attachment":[{"href":"https:\/\/altincezvegida.com\/ar\/wp-json\/wp\/v2\/media?parent=2224"}],"wp:term":[{"taxonomy":"product_cat","embeddable":true,"href":"https:\/\/altincezvegida.com\/ar\/wp-json\/wp\/v2\/product_cat?post=2224"},{"taxonomy":"product_tag","embeddable":true,"href":"https:\/\/altincezvegida.com\/ar\/wp-json\/wp\/v2\/product_tag?post=2224"}],"curies":[{"name":"wp","href":"https:\/\/api.w.org\/{rel}","templated":true}]}}