{"id":2211,"date":"2022-03-30T07:24:22","date_gmt":"2022-03-30T07:24:22","guid":{"rendered":"https:\/\/altincezvegida.com\/product\/soguk-visne-aromali-toz-icecek-10-litre\/"},"modified":"2022-05-30T07:38:28","modified_gmt":"2022-05-30T07:38:28","slug":"soguk-visne-aromali-toz-icecek-10-litre","status":"publish","type":"product","link":"https:\/\/altincezvegida.com\/ar\/product\/soguk-visne-aromali-toz-icecek-10-litre\/","title":{"rendered":"\u0645\u0634\u0631\u0648\u0628 \u0627\u0644\u0628\u0648\u062f\u0631\u0629 \u0627\u0644\u0628\u0627\u0631\u062f \u0628\u0646\u0643\u0647\u0629 \u0627\u0644\u0648\u064e\u0634\u0646\u064e\u0629 \/ \u0627\u0644\u0643\u0631\u0632 &#8211; 10 \u0644\u062a\u0631"},"content":{"rendered":"<p style=\"text-align: right\"><strong>\u0645\u0634\u0631\u0648\u0628 \u0627\u0644\u0628\u0648\u062f\u0631\u0629 \u0627\u0644\u0628\u0627\u0631\u062f \u0628\u0646\u0643\u0647\u0629 \u0627\u0644\u0648\u064e\u0634\u0646\u064e\u0629 \/ \u0627\u0644\u0643\u0631\u0632 &#8211; 10 \u0644\u062a\u0631 <\/strong><\/p>\n<p><strong>10 litre suyla kar\u0131\u015ft\u0131r\u0131lmas\u0131 tavsiye edilmektedir.<\/strong><\/p>\n<p><strong>Tavsiye edilen kullan\u0131m \u015fekli so\u011fuk su iledir.<\/strong><\/p>\n<p><strong>Haz\u0131rlan\u0131\u015f\u0131:\u00a0<\/strong><\/p>\n<p><strong>S\u0131cak i\u00e7mek i\u00e7in;<\/strong><\/p>\n<p>1 \u00e7ay barda\u011f\u0131 s\u0131cak suya 2-3 \u00e7ay ka\u015f\u0131\u011f\u0131 (10gr) Alt\u0131ncezve Vi\u015fne aromal\u0131 i\u00e7ecek tozu d\u00f6kerek eriyinceye kadar kar\u0131\u015ft\u0131r\u0131p servis yap\u0131n\u0131z.<\/p>\n<p><strong>So\u011fuk i\u00e7mek i\u00e7in;<\/strong><\/p>\n<p>1 su barda\u011f\u0131 suya 1 \u00e7orba ka\u015f\u0131\u011f\u0131 (25gr) Alt\u0131ncezve Vi\u015fne aromal\u0131 i\u00e7ecek tozu d\u00f6kerek eriyinceye kadar kar\u0131\u015ft\u0131r\u0131p servis yap\u0131n\u0131z.<\/p>\n<p><img fetchpriority=\"high\" decoding=\"async\" class=\"alignnone size-medium wp-image-1045\" src=\"https:\/\/altincezvegida.com\/wp-content\/uploads\/2022\/03\/soguk-visne-bardak-237x300.png\" alt=\"\" width=\"237\" height=\"300\" srcset=\"https:\/\/altincezvegida.com\/wp-content\/uploads\/2022\/03\/soguk-visne-bardak-237x300.png 237w, https:\/\/altincezvegida.com\/wp-content\/uploads\/2022\/03\/soguk-visne-bardak-116x146.png 116w, https:\/\/altincezvegida.com\/wp-content\/uploads\/2022\/03\/soguk-visne-bardak-40x50.png 40w, https:\/\/altincezvegida.com\/wp-content\/uploads\/2022\/03\/soguk-visne-bardak-59x75.png 59w, https:\/\/altincezvegida.com\/wp-content\/uploads\/2022\/03\/soguk-visne-bardak.png 500w\" sizes=\"(max-width: 237px) 100vw, 237px\" \/><\/p>\n<p>&nbsp;<\/p>\n<p>Afiyet olsun\u2026<\/p>\n<p>&nbsp;<\/p>\n<p>Yap\u0131lmas\u0131 pratik oldu\u011fu i\u00e7in sizi yormaz. E\u015fsiz lezzeti ile a\u011f\u0131zlarda muhte\u015fem bir tat b\u0131rak\u0131r.<\/p>\n<p>ALTINCEZVE Toz \u0130\u00e7ece\u011finizi ister so\u011fuk ister s\u0131cak g\u00fcn\u00fcn her saatinde keyifle yudumlayabilirsiniz.<\/p>\n<p><strong>\u0130\u00e7indekiler :<\/strong><\/p>\n<p>\u015eeker, Asitlik d\u00fczenleyici (Strik asit E330), Topaklanmay\u0131 \u00f6nleyici (Trikalsiyum fosfat E341), Aroma verici (Vi\u015fne), L askorbik asit E300, Renklendirici (Tartrazine E102, Karmosine E122, Brillant Blue E133)<\/p>\n","protected":false},"excerpt":{"rendered":"<p><img decoding=\"async\" class=\"alignnone wp-image-1045\" src=\"https:\/\/altincezvegida.com\/wp-content\/uploads\/2022\/03\/soguk-visne-bardak-237x300.png\" alt=\"\" width=\"141\" height=\"179\" srcset=\"https:\/\/altincezvegida.com\/wp-content\/uploads\/2022\/03\/soguk-visne-bardak-237x300.png 237w, https:\/\/altincezvegida.com\/wp-content\/uploads\/2022\/03\/soguk-visne-bardak-116x146.png 116w, https:\/\/altincezvegida.com\/wp-content\/uploads\/2022\/03\/soguk-visne-bardak-40x50.png 40w, https:\/\/altincezvegida.com\/wp-content\/uploads\/2022\/03\/soguk-visne-bardak-59x75.png 59w, https:\/\/altincezvegida.com\/wp-content\/uploads\/2022\/03\/soguk-visne-bardak.png 500w\" sizes=\"(max-width: 141px) 100vw, 141px\" \/><\/p>\n<p>&nbsp;<\/p>\n<p>Gramaj \u00c7e\u015fitleri\u00a0 : 450 Gram<\/p>\n<p>Koli \u0130\u00e7i Miktar\u00a0 \u00a0 \u00a0 \u00a0: 20 Adet<\/p>\n","protected":false},"featured_media":1049,"template":"","meta":[],"product_cat":[72],"product_tag":[],"class_list":{"0":"post-2211","1":"product","2":"type-product","3":"status-publish","4":"has-post-thumbnail","6":"product_cat-soguk-toz-icecekler-ar","8":"first","9":"instock","10":"shipping-taxable","11":"product-type-simple"},"_links":{"self":[{"href":"https:\/\/altincezvegida.com\/ar\/wp-json\/wp\/v2\/product\/2211","targetHints":{"allow":["GET"]}}],"collection":[{"href":"https:\/\/altincezvegida.com\/ar\/wp-json\/wp\/v2\/product"}],"about":[{"href":"https:\/\/altincezvegida.com\/ar\/wp-json\/wp\/v2\/types\/product"}],"wp:featuredmedia":[{"embeddable":true,"href":"https:\/\/altincezvegida.com\/ar\/wp-json\/wp\/v2\/media\/1049"}],"wp:attachment":[{"href":"https:\/\/altincezvegida.com\/ar\/wp-json\/wp\/v2\/media?parent=2211"}],"wp:term":[{"taxonomy":"product_cat","embeddable":true,"href":"https:\/\/altincezvegida.com\/ar\/wp-json\/wp\/v2\/product_cat?post=2211"},{"taxonomy":"product_tag","embeddable":true,"href":"https:\/\/altincezvegida.com\/ar\/wp-json\/wp\/v2\/product_tag?post=2211"}],"curies":[{"name":"wp","href":"https:\/\/api.w.org\/{rel}","templated":true}]}}