{"id":2206,"date":"2022-03-30T08:00:47","date_gmt":"2022-03-30T08:00:47","guid":{"rendered":"https:\/\/altincezvegida.com\/product\/soguk-limon-aromali-toz-icecek-10-litre\/"},"modified":"2022-05-30T07:09:29","modified_gmt":"2022-05-30T07:09:29","slug":"soguk-limon-aromali-toz-icecek-10-litre","status":"publish","type":"product","link":"https:\/\/altincezvegida.com\/ar\/product\/soguk-limon-aromali-toz-icecek-10-litre\/","title":{"rendered":"\u0645\u0634\u0631\u0648\u0628 \u0627\u0644\u0628\u0648\u062f\u0631\u0629 \u0627\u0644\u0628\u0627\u0631\u062f \u0628\u0646\u0643\u0647\u0629 \u0627\u0644\u0644\u064a\u0645\u0648\u0646 &#8211; 10 \u0644\u062a\u0631"},"content":{"rendered":"<p style=\"text-align: right\"><strong>\u0645\u0634\u0631\u0648\u0628 \u0627\u0644\u0628\u0648\u062f\u0631\u0629 \u0627\u0644\u0628\u0627\u0631\u062f \u0628\u0646\u0643\u0647\u0629 \u0627\u0644\u0644\u064a\u0645\u0648\u0646 &#8211; 10 \u0644\u062a\u0631 <\/strong><\/p>\n<p><strong>10 litre suyla kar\u0131\u015ft\u0131r\u0131lmas\u0131 tavsiye edilmektedir.<\/strong><\/p>\n<p><strong>Tavsiye edilen kullan\u0131m \u015fekli so\u011fuk su iledir.<\/strong><\/p>\n<p><strong>Haz\u0131rlan\u0131\u015f\u0131:\u00a0<\/strong><\/p>\n<p><strong>S\u0131cak i\u00e7mek i\u00e7in;<\/strong><\/p>\n<p>1 \u00e7ay barda\u011f\u0131 s\u0131cak suya 2-3 \u00e7ay ka\u015f\u0131\u011f\u0131 (10gr) Alt\u0131ncezve Limon aromal\u0131 i\u00e7ecek tozu d\u00f6kerek eriyinceye kadar kar\u0131\u015ft\u0131r\u0131p servis yap\u0131n\u0131z.<\/p>\n<p><strong>So\u011fuk i\u00e7mek i\u00e7in;<\/strong><\/p>\n<p>1 su barda\u011f\u0131 suya 1 \u00e7orba ka\u015f\u0131\u011f\u0131 (25gr) Alt\u0131ncezve Limon aromal\u0131 i\u00e7ecek tozu d\u00f6kerek eriyinceye kadar kar\u0131\u015ft\u0131r\u0131p servis yap\u0131n\u0131z.<\/p>\n<p><img fetchpriority=\"high\" decoding=\"async\" class=\"alignnone size-medium wp-image-775\" src=\"https:\/\/altincezvegida.com\/wp-content\/uploads\/2022\/03\/soguk-limon-bardak-1-258x300.png\" alt=\"\" width=\"258\" height=\"300\" srcset=\"https:\/\/altincezvegida.com\/wp-content\/uploads\/2022\/03\/soguk-limon-bardak-1-258x300.png 258w, https:\/\/altincezvegida.com\/wp-content\/uploads\/2022\/03\/soguk-limon-bardak-1-126x146.png 126w, https:\/\/altincezvegida.com\/wp-content\/uploads\/2022\/03\/soguk-limon-bardak-1-43x50.png 43w, https:\/\/altincezvegida.com\/wp-content\/uploads\/2022\/03\/soguk-limon-bardak-1-64x75.png 64w, https:\/\/altincezvegida.com\/wp-content\/uploads\/2022\/03\/soguk-limon-bardak-1.png 564w\" sizes=\"(max-width: 258px) 100vw, 258px\" \/><\/p>\n<p>&nbsp;<\/p>\n<p>Afiyet olsun.<\/p>\n<p>&nbsp;<\/p>\n<p>Yap\u0131lmas\u0131 pratik oldu\u011fu i\u00e7in sizi yormaz. E\u015fsiz lezzeti ile a\u011f\u0131zlarda muhte\u015fem bir tat b\u0131rak\u0131r.<\/p>\n<p>ALTINCEZVE Toz \u0130\u00e7ece\u011finizi ister so\u011fuk ister s\u0131cak g\u00fcn\u00fcn her saatinde keyifle yudumlayabilirsiniz.<\/p>\n<p><strong>\u0130\u00e7indekiler:<\/strong><\/p>\n<p>\u015eeker, Asitlik d\u00fczenleyici (Sitrik Asit E330), Topaklanmay\u0131 \u00f6nleyici (Trikalsiyum Fosfat E341), Aroma verici (Limon), L Askorbik asit E300, Renklendirici (Tartrazine E102, Titanyum Dioksit E171), Tatland\u0131r\u0131c\u0131 (Aspartam E951, Asesulfam-K E950, Sodyum Siklamat E952)<\/p>\n","protected":false},"excerpt":{"rendered":"<p><img decoding=\"async\" class=\"alignnone wp-image-775\" src=\"https:\/\/altincezvegida.com\/wp-content\/uploads\/2022\/03\/soguk-limon-bardak-1-258x300.png\" alt=\"\" width=\"151\" height=\"175\" srcset=\"https:\/\/altincezvegida.com\/wp-content\/uploads\/2022\/03\/soguk-limon-bardak-1-258x300.png 258w, https:\/\/altincezvegida.com\/wp-content\/uploads\/2022\/03\/soguk-limon-bardak-1-126x146.png 126w, https:\/\/altincezvegida.com\/wp-content\/uploads\/2022\/03\/soguk-limon-bardak-1-43x50.png 43w, https:\/\/altincezvegida.com\/wp-content\/uploads\/2022\/03\/soguk-limon-bardak-1-64x75.png 64w, https:\/\/altincezvegida.com\/wp-content\/uploads\/2022\/03\/soguk-limon-bardak-1.png 564w\" sizes=\"(max-width: 151px) 100vw, 151px\" \/><\/p>\n<p>&nbsp;<\/p>\n<p>Gramaj \u00c7e\u015fitleri\u00a0 : 450 Gram<\/p>\n<p>Koli \u0130\u00e7i Miktar\u00a0 \u00a0 \u00a0 \u00a0: 20 Adet<\/p>\n","protected":false},"featured_media":1053,"template":"","meta":[],"product_cat":[72],"product_tag":[],"class_list":{"0":"post-2206","1":"product","2":"type-product","3":"status-publish","4":"has-post-thumbnail","6":"product_cat-soguk-toz-icecekler-ar","8":"first","9":"instock","10":"shipping-taxable","11":"product-type-simple"},"_links":{"self":[{"href":"https:\/\/altincezvegida.com\/ar\/wp-json\/wp\/v2\/product\/2206","targetHints":{"allow":["GET"]}}],"collection":[{"href":"https:\/\/altincezvegida.com\/ar\/wp-json\/wp\/v2\/product"}],"about":[{"href":"https:\/\/altincezvegida.com\/ar\/wp-json\/wp\/v2\/types\/product"}],"wp:featuredmedia":[{"embeddable":true,"href":"https:\/\/altincezvegida.com\/ar\/wp-json\/wp\/v2\/media\/1053"}],"wp:attachment":[{"href":"https:\/\/altincezvegida.com\/ar\/wp-json\/wp\/v2\/media?parent=2206"}],"wp:term":[{"taxonomy":"product_cat","embeddable":true,"href":"https:\/\/altincezvegida.com\/ar\/wp-json\/wp\/v2\/product_cat?post=2206"},{"taxonomy":"product_tag","embeddable":true,"href":"https:\/\/altincezvegida.com\/ar\/wp-json\/wp\/v2\/product_tag?post=2206"}],"curies":[{"name":"wp","href":"https:\/\/api.w.org\/{rel}","templated":true}]}}