{"id":2192,"date":"2022-03-29T09:53:08","date_gmt":"2022-03-29T09:53:08","guid":{"rendered":"https:\/\/altincezvegida.com\/product\/tek-icimlik-nar-aromali-toz-icecek\/"},"modified":"2022-05-27T14:14:32","modified_gmt":"2022-05-27T14:14:32","slug":"tek-icimlik-nar-aromali-toz-icecek","status":"publish","type":"product","link":"https:\/\/altincezvegida.com\/ar\/product\/tek-icimlik-nar-aromali-toz-icecek\/","title":{"rendered":"\u062d\u0632\u0645\u0629 \u0627\u0644\u0639\u0635\u0627 \u0645\u0634\u0631\u0648\u0628 \u0627\u0644\u0628\u0648\u062f\u0631\u0629 \u0628\u0646\u0643\u0647\u0629 \u0627\u0644\u0631\u0645\u0627\u0646"},"content":{"rendered":"<p style=\"text-align: right\"><strong>\u062d\u0632\u0645\u0629 \u0627\u0644\u0639\u0635\u0627 \u0645\u0634\u0631\u0648\u0628 \u0627\u0644\u0628\u0648\u062f\u0631\u0629 \u0628\u0646\u0643\u0647\u0629 \u0627\u0644\u0631\u0645\u0627\u0646<\/strong><\/p>\n<p><strong>Haz\u0131rlan\u0131\u015f\u0131 :<\/strong><\/p>\n<ul>\n<li>Bir \u00e7ay barda\u011f\u0131na Alt\u0131ncezve\u00a0Nar aromal\u0131 i\u00e7ecek koyup kar\u0131\u015ft\u0131r\u0131n\u0131z<\/li>\n<li>Arzuya g\u00f6re \u015feker ilave edebilirsiniz<\/li>\n<\/ul>\n<p>&nbsp;<\/p>\n<p><img decoding=\"async\" class=\"alignnone wp-image-757\" src=\"https:\/\/altincezvegida.com\/wp-content\/uploads\/2022\/03\/nar-bardak-gorseli1.png\" alt=\"\" width=\"176\" height=\"158\" srcset=\"https:\/\/altincezvegida.com\/wp-content\/uploads\/2022\/03\/nar-bardak-gorseli1.png 200w, https:\/\/altincezvegida.com\/wp-content\/uploads\/2022\/03\/nar-bardak-gorseli1-162x146.png 162w, https:\/\/altincezvegida.com\/wp-content\/uploads\/2022\/03\/nar-bardak-gorseli1-50x45.png 50w, https:\/\/altincezvegida.com\/wp-content\/uploads\/2022\/03\/nar-bardak-gorseli1-83x75.png 83w\" sizes=\"(max-width: 176px) 100vw, 176px\" \/><\/p>\n<p>Afiyet olsun\u2026<\/p>\n<p><strong>\u0130\u00e7indekiler :<\/strong><\/p>\n<p>\u015eeker, Asitlik D\u00fczenleyici (Sitrik Asit E330), Topaklanmay\u0131 \u00d6nleyici (Trikalsiyum Fosfat E341), Aroma Verici(Nar), L Askorbik Asit E300, Renklendirici (Karmosin E122-Tatrazine E102-Brillant Blue E133<\/p>\n","protected":false},"excerpt":{"rendered":"<p><img decoding=\"async\" class=\"alignnone wp-image-757\" src=\"https:\/\/altincezvegida.com\/wp-content\/uploads\/2022\/03\/nar-bardak-gorseli1.png\" alt=\"\" width=\"150\" height=\"135\" srcset=\"https:\/\/altincezvegida.com\/wp-content\/uploads\/2022\/03\/nar-bardak-gorseli1.png 200w, https:\/\/altincezvegida.com\/wp-content\/uploads\/2022\/03\/nar-bardak-gorseli1-162x146.png 162w, https:\/\/altincezvegida.com\/wp-content\/uploads\/2022\/03\/nar-bardak-gorseli1-50x45.png 50w, https:\/\/altincezvegida.com\/wp-content\/uploads\/2022\/03\/nar-bardak-gorseli1-83x75.png 83w\" sizes=\"(max-width: 150px) 100vw, 150px\" \/><\/p>\n<p>&nbsp;<\/p>\n<p>Gramaj \u00c7e\u015fitleri\u00a0 : 40 Adet x 1,5 Gram<\/p>\n<p>Koli \u0130\u00e7i Miktar\u00a0 \u00a0 \u00a0 \u00a0: 40 Kutu<\/p>\n","protected":false},"featured_media":966,"template":"","meta":[],"product_cat":[70],"product_tag":[],"class_list":{"0":"post-2192","1":"product","2":"type-product","3":"status-publish","4":"has-post-thumbnail","6":"product_cat-tek-icimlik-toz-icecekler-ar","8":"first","9":"instock","10":"shipping-taxable","11":"product-type-simple"},"_links":{"self":[{"href":"https:\/\/altincezvegida.com\/ar\/wp-json\/wp\/v2\/product\/2192","targetHints":{"allow":["GET"]}}],"collection":[{"href":"https:\/\/altincezvegida.com\/ar\/wp-json\/wp\/v2\/product"}],"about":[{"href":"https:\/\/altincezvegida.com\/ar\/wp-json\/wp\/v2\/types\/product"}],"wp:featuredmedia":[{"embeddable":true,"href":"https:\/\/altincezvegida.com\/ar\/wp-json\/wp\/v2\/media\/966"}],"wp:attachment":[{"href":"https:\/\/altincezvegida.com\/ar\/wp-json\/wp\/v2\/media?parent=2192"}],"wp:term":[{"taxonomy":"product_cat","embeddable":true,"href":"https:\/\/altincezvegida.com\/ar\/wp-json\/wp\/v2\/product_cat?post=2192"},{"taxonomy":"product_tag","embeddable":true,"href":"https:\/\/altincezvegida.com\/ar\/wp-json\/wp\/v2\/product_tag?post=2192"}],"curies":[{"name":"wp","href":"https:\/\/api.w.org\/{rel}","templated":true}]}}