{"id":2190,"date":"2022-03-29T10:34:55","date_gmt":"2022-03-29T10:34:55","guid":{"rendered":"https:\/\/altincezvegida.com\/product\/tek-icimlik-elma-aromali-toz-icecek\/"},"modified":"2022-05-27T14:12:47","modified_gmt":"2022-05-27T14:12:47","slug":"tek-icimlik-elma-aromali-toz-icecek","status":"publish","type":"product","link":"https:\/\/altincezvegida.com\/ar\/product\/tek-icimlik-elma-aromali-toz-icecek\/","title":{"rendered":"\u062d\u0632\u0645\u0629 \u0627\u0644\u0639\u0635\u0627 \u0645\u0634\u0631\u0648\u0628 \u0627\u0644\u0628\u0648\u062f\u0631\u0629 \u0628\u0646\u0643\u0647\u0629 \u0627\u0644\u062a\u0641\u0627\u062d"},"content":{"rendered":"<p style=\"text-align: right\"><strong>\u062d\u0632\u0645\u0629 \u0627\u0644\u0639\u0635\u0627 \u0645\u0634\u0631\u0648\u0628 \u0627\u0644\u0628\u0648\u062f\u0631\u0629 \u0628\u0646\u0643\u0647\u0629 \u0627\u0644\u062a\u0641\u0627\u062d <\/strong><\/p>\n<p><strong>Haz\u0131rlan\u0131\u015f\u0131 :<\/strong><\/p>\n<ul>\n<li>Bir \u00e7ay barda\u011f\u0131na Alt\u0131ncezve elma aromal\u0131 i\u00e7ecek koyup kar\u0131\u015ft\u0131r\u0131n\u0131z<\/li>\n<li>Arzuya g\u00f6re \u015feker ilave edebilirsiniz<\/li>\n<\/ul>\n<p>&nbsp;<\/p>\n<p><img decoding=\"async\" class=\"alignnone size-full wp-image-733\" src=\"https:\/\/altincezvegida.com\/wp-content\/uploads\/2022\/03\/ic-gorsel-elma-bardakkk.png\" alt=\"\" width=\"172\" height=\"180\" srcset=\"https:\/\/altincezvegida.com\/wp-content\/uploads\/2022\/03\/ic-gorsel-elma-bardakkk.png 172w, https:\/\/altincezvegida.com\/wp-content\/uploads\/2022\/03\/ic-gorsel-elma-bardakkk-140x146.png 140w, https:\/\/altincezvegida.com\/wp-content\/uploads\/2022\/03\/ic-gorsel-elma-bardakkk-48x50.png 48w, https:\/\/altincezvegida.com\/wp-content\/uploads\/2022\/03\/ic-gorsel-elma-bardakkk-72x75.png 72w\" sizes=\"(max-width: 172px) 100vw, 172px\" \/><\/p>\n<p>Afiyet olsun\u2026<\/p>\n<p><strong>\u0130\u00e7indekiler :<\/strong><\/p>\n<p>\u015eeker, Sitrik asit (asitli\u011fi d\u00fczenleyici), do\u011fala \u00f6zde\u015f elma aromas\u0131, sodyum s\u0131klamat-aspartam-asesulfam k (tatland\u0131r\u0131c\u0131), trikalsiyum fosfat (topaklanmay\u0131 \u00f6nleyici), ksantan gum-(k\u0131vam verici), C vitamini, Brown (renklendirici)<\/p>\n","protected":false},"excerpt":{"rendered":"<p><img decoding=\"async\" class=\"alignnone wp-image-733\" src=\"https:\/\/altincezvegida.com\/wp-content\/uploads\/2022\/03\/ic-gorsel-elma-bardakkk.png\" alt=\"\" width=\"131\" height=\"137\" srcset=\"https:\/\/altincezvegida.com\/wp-content\/uploads\/2022\/03\/ic-gorsel-elma-bardakkk.png 172w, https:\/\/altincezvegida.com\/wp-content\/uploads\/2022\/03\/ic-gorsel-elma-bardakkk-140x146.png 140w, https:\/\/altincezvegida.com\/wp-content\/uploads\/2022\/03\/ic-gorsel-elma-bardakkk-48x50.png 48w, https:\/\/altincezvegida.com\/wp-content\/uploads\/2022\/03\/ic-gorsel-elma-bardakkk-72x75.png 72w\" sizes=\"(max-width: 131px) 100vw, 131px\" \/><\/p>\n<p>&nbsp;<\/p>\n<p>Gramaj \u00c7e\u015fitleri\u00a0 : 40 Adet x 1,5 Gram<\/p>\n<p>Koli \u0130\u00e7i Miktar\u00a0 \u00a0 \u00a0 \u00a0: 40 Kutu<\/p>\n","protected":false},"featured_media":974,"template":"","meta":[],"product_cat":[70],"product_tag":[],"class_list":{"0":"post-2190","1":"product","2":"type-product","3":"status-publish","4":"has-post-thumbnail","6":"product_cat-tek-icimlik-toz-icecekler-ar","8":"first","9":"instock","10":"shipping-taxable","11":"product-type-simple"},"_links":{"self":[{"href":"https:\/\/altincezvegida.com\/ar\/wp-json\/wp\/v2\/product\/2190","targetHints":{"allow":["GET"]}}],"collection":[{"href":"https:\/\/altincezvegida.com\/ar\/wp-json\/wp\/v2\/product"}],"about":[{"href":"https:\/\/altincezvegida.com\/ar\/wp-json\/wp\/v2\/types\/product"}],"wp:featuredmedia":[{"embeddable":true,"href":"https:\/\/altincezvegida.com\/ar\/wp-json\/wp\/v2\/media\/974"}],"wp:attachment":[{"href":"https:\/\/altincezvegida.com\/ar\/wp-json\/wp\/v2\/media?parent=2190"}],"wp:term":[{"taxonomy":"product_cat","embeddable":true,"href":"https:\/\/altincezvegida.com\/ar\/wp-json\/wp\/v2\/product_cat?post=2190"},{"taxonomy":"product_tag","embeddable":true,"href":"https:\/\/altincezvegida.com\/ar\/wp-json\/wp\/v2\/product_tag?post=2190"}],"curies":[{"name":"wp","href":"https:\/\/api.w.org\/{rel}","templated":true}]}}