{"id":2186,"date":"2022-03-29T11:36:14","date_gmt":"2022-03-29T11:36:14","guid":{"rendered":"https:\/\/altincezvegida.com\/product\/tek-icimlik-nane-limon-aromali-toz-icecek\/"},"modified":"2022-05-27T14:07:15","modified_gmt":"2022-05-27T14:07:15","slug":"tek-icimlik-nane-limon-aromali-toz-icecek","status":"publish","type":"product","link":"https:\/\/altincezvegida.com\/ar\/product\/tek-icimlik-nane-limon-aromali-toz-icecek\/","title":{"rendered":"\u062d\u0632\u0645\u0629 \u0627\u0644\u0639\u0635\u0627 \u0645\u0634\u0631\u0648\u0628 \u0627\u0644\u0628\u0648\u062f\u0631\u0629 \u0628\u0646\u0643\u0647\u0629 \u0627\u0644\u0646\u0639\u0646\u0627\u0639 \u0648\u0627\u0644\u0644\u064a\u0645\u0648\u0646"},"content":{"rendered":"<p style=\"text-align: right\"><strong>\u062d\u0632\u0645\u0629 \u0627\u0644\u0639\u0635\u0627 \u0645\u0634\u0631\u0648\u0628 \u0627\u0644\u0628\u0648\u062f\u0631\u0629 \u0628\u0646\u0643\u0647\u0629 \u0627\u0644\u0646\u0639\u0646\u0627\u0639 \u0648\u0627\u0644\u0644\u064a\u0645\u0648\u0646 <\/strong><\/p>\n<p><strong>Haz\u0131rlan\u0131\u015f\u0131 :<\/strong><\/p>\n<ul>\n<li>Bir \u00e7ay barda\u011f\u0131na Alt\u0131ncezve nane limon aromal\u0131 i\u00e7ecek koyup kar\u0131\u015ft\u0131r\u0131n\u0131z<\/li>\n<li>Arzuya g\u00f6re \u015feker ilave edebilirsiniz<\/li>\n<\/ul>\n<p>&nbsp;<\/p>\n<p><img decoding=\"async\" class=\"alignnone size-full wp-image-754\" src=\"https:\/\/altincezvegida.com\/wp-content\/uploads\/2022\/03\/nane-limon-bardak-gorseli-1-1.png\" alt=\"\" width=\"172\" height=\"175\" srcset=\"https:\/\/altincezvegida.com\/wp-content\/uploads\/2022\/03\/nane-limon-bardak-gorseli-1-1.png 172w, https:\/\/altincezvegida.com\/wp-content\/uploads\/2022\/03\/nane-limon-bardak-gorseli-1-1-143x146.png 143w, https:\/\/altincezvegida.com\/wp-content\/uploads\/2022\/03\/nane-limon-bardak-gorseli-1-1-50x50.png 50w, https:\/\/altincezvegida.com\/wp-content\/uploads\/2022\/03\/nane-limon-bardak-gorseli-1-1-74x75.png 74w, https:\/\/altincezvegida.com\/wp-content\/uploads\/2022\/03\/nane-limon-bardak-gorseli-1-1-85x85.png 85w, https:\/\/altincezvegida.com\/wp-content\/uploads\/2022\/03\/nane-limon-bardak-gorseli-1-1-80x80.png 80w\" sizes=\"(max-width: 172px) 100vw, 172px\" \/><\/p>\n<p>Afiyet olsun\u2026<\/p>\n<p><strong>\u0130\u00e7indekiler :<\/strong><\/p>\n<p>\u015eeker, Sitrik asit (asitli\u011fi d\u00fczenleyici), do\u011fala \u00f6zde\u015f nane limon aromas\u0131, sodyum s\u0131klamat-aspartam-asesulfam k (tatland\u0131r\u0131c\u0131), trikalsiyum fosfat (topaklanmay\u0131 \u00f6nleyici), Ksantan gum-(k\u0131vam verici), C vitamini, Green S, BrownHT, Tartrazine (renklendirici)<\/p>\n","protected":false},"excerpt":{"rendered":"<p><img decoding=\"async\" class=\"alignnone wp-image-754\" src=\"https:\/\/altincezvegida.com\/wp-content\/uploads\/2022\/03\/nane-limon-bardak-gorseli-1-1.png\" alt=\"\" width=\"135\" height=\"137\" srcset=\"https:\/\/altincezvegida.com\/wp-content\/uploads\/2022\/03\/nane-limon-bardak-gorseli-1-1.png 172w, https:\/\/altincezvegida.com\/wp-content\/uploads\/2022\/03\/nane-limon-bardak-gorseli-1-1-143x146.png 143w, https:\/\/altincezvegida.com\/wp-content\/uploads\/2022\/03\/nane-limon-bardak-gorseli-1-1-50x50.png 50w, https:\/\/altincezvegida.com\/wp-content\/uploads\/2022\/03\/nane-limon-bardak-gorseli-1-1-74x75.png 74w, https:\/\/altincezvegida.com\/wp-content\/uploads\/2022\/03\/nane-limon-bardak-gorseli-1-1-85x85.png 85w, https:\/\/altincezvegida.com\/wp-content\/uploads\/2022\/03\/nane-limon-bardak-gorseli-1-1-80x80.png 80w\" sizes=\"(max-width: 135px) 100vw, 135px\" \/><\/p>\n<p>&nbsp;<\/p>\n<p>Gramaj \u00c7e\u015fitleri\u00a0 : 40 Adet x 1,5 Gram<\/p>\n<p>Koli \u0130\u00e7i Miktar\u00a0 \u00a0 \u00a0 \u00a0: 40 Kutu<\/p>\n","protected":false},"featured_media":987,"template":"","meta":[],"product_cat":[70],"product_tag":[],"class_list":{"0":"post-2186","1":"product","2":"type-product","3":"status-publish","4":"has-post-thumbnail","6":"product_cat-tek-icimlik-toz-icecekler-ar","8":"first","9":"instock","10":"shipping-taxable","11":"product-type-simple"},"_links":{"self":[{"href":"https:\/\/altincezvegida.com\/ar\/wp-json\/wp\/v2\/product\/2186","targetHints":{"allow":["GET"]}}],"collection":[{"href":"https:\/\/altincezvegida.com\/ar\/wp-json\/wp\/v2\/product"}],"about":[{"href":"https:\/\/altincezvegida.com\/ar\/wp-json\/wp\/v2\/types\/product"}],"wp:featuredmedia":[{"embeddable":true,"href":"https:\/\/altincezvegida.com\/ar\/wp-json\/wp\/v2\/media\/987"}],"wp:attachment":[{"href":"https:\/\/altincezvegida.com\/ar\/wp-json\/wp\/v2\/media?parent=2186"}],"wp:term":[{"taxonomy":"product_cat","embeddable":true,"href":"https:\/\/altincezvegida.com\/ar\/wp-json\/wp\/v2\/product_cat?post=2186"},{"taxonomy":"product_tag","embeddable":true,"href":"https:\/\/altincezvegida.com\/ar\/wp-json\/wp\/v2\/product_tag?post=2186"}],"curies":[{"name":"wp","href":"https:\/\/api.w.org\/{rel}","templated":true}]}}