{"id":2179,"date":"2022-03-29T09:12:37","date_gmt":"2022-03-29T09:12:37","guid":{"rendered":"https:\/\/altincezvegida.com\/product\/sutlu-salep-tek-kullanimlik\/"},"modified":"2022-05-27T13:47:15","modified_gmt":"2022-05-27T13:47:15","slug":"sutlu-salep-tek-kullanimlik","status":"publish","type":"product","link":"https:\/\/altincezvegida.com\/ar\/product\/sutlu-salep-tek-kullanimlik\/","title":{"rendered":"\u0633\u062d\u0644\u0628 \u0628\u0627\u0644\u062d\u0644\u064a\u0628 \u0643\u064a\u0633 \u0644\u062e\u062f\u0645\u0629 \u0648\u0627\u062d\u062f\u0629"},"content":{"rendered":"<p style=\"text-align: right\"><strong>\u0633\u062d\u0644\u0628 \u0628\u0627\u0644\u062d\u0644\u064a\u0628 \u0643\u064a\u0633 \u0644\u062e\u062f\u0645\u0629 \u0648\u0627\u062d\u062f\u0629<\/strong><\/p>\n<p><strong>S\u0131cak s\u00fct veya s\u0131cak su ile haz\u0131rlayabilirsiniz<\/strong><\/p>\n<p>&nbsp;<\/p>\n<p><img decoding=\"async\" class=\"alignnone wp-image-763\" src=\"https:\/\/altincezvegida.com\/wp-content\/uploads\/2022\/03\/salep-aninda-hazir.png\" alt=\"\" width=\"200\" height=\"200\" srcset=\"https:\/\/altincezvegida.com\/wp-content\/uploads\/2022\/03\/salep-aninda-hazir.png 289w, https:\/\/altincezvegida.com\/wp-content\/uploads\/2022\/03\/salep-aninda-hazir-150x150.png 150w, https:\/\/altincezvegida.com\/wp-content\/uploads\/2022\/03\/salep-aninda-hazir-146x146.png 146w, https:\/\/altincezvegida.com\/wp-content\/uploads\/2022\/03\/salep-aninda-hazir-50x50.png 50w, https:\/\/altincezvegida.com\/wp-content\/uploads\/2022\/03\/salep-aninda-hazir-75x75.png 75w, https:\/\/altincezvegida.com\/wp-content\/uploads\/2022\/03\/salep-aninda-hazir-85x85.png 85w, https:\/\/altincezvegida.com\/wp-content\/uploads\/2022\/03\/salep-aninda-hazir-80x80.png 80w\" sizes=\"(max-width: 200px) 100vw, 200px\" \/><\/p>\n<p><strong>Preparation:<\/strong><\/p>\n<ul>\n<li>Po\u015fetin tamam\u0131n\u0131 fincana bo\u015falt\u0131n\u0131z<\/li>\n<li>\u00dczerine s\u0131cak s\u00fct veya s\u0131cak su ilave ediniz<\/li>\n<li>Arzuya g\u00f6re \u015feker ilave edebilirsiniz<\/li>\n<li>Arzuya g\u00f6re tar\u00e7\u0131n ilave edebilirsiniz<\/li>\n<\/ul>\n<p><img fetchpriority=\"high\" decoding=\"async\" class=\"alignnone wp-image-766\" src=\"https:\/\/altincezvegida.com\/wp-content\/uploads\/2022\/03\/salep-fincan-2-300x224.png\" alt=\"\" width=\"263\" height=\"196\" srcset=\"https:\/\/altincezvegida.com\/wp-content\/uploads\/2022\/03\/salep-fincan-2-300x224.png 300w, https:\/\/altincezvegida.com\/wp-content\/uploads\/2022\/03\/salep-fincan-2-196x146.png 196w, https:\/\/altincezvegida.com\/wp-content\/uploads\/2022\/03\/salep-fincan-2-50x37.png 50w, https:\/\/altincezvegida.com\/wp-content\/uploads\/2022\/03\/salep-fincan-2-101x75.png 101w, https:\/\/altincezvegida.com\/wp-content\/uploads\/2022\/03\/salep-fincan-2.png 400w\" sizes=\"(max-width: 263px) 100vw, 263px\" \/><\/p>\n<p>&nbsp;<\/p>\n<p>Afiyet olsun\u2026<\/p>\n<p>&nbsp;<\/p>\n<p>Yap\u0131lmas\u0131 pratik oldu\u011fu i\u00e7in sizi yormaz.<\/p>\n<p>Koruyucu madde i\u00e7ermez.<\/p>\n<p>E\u015fsiz lezzeti ile keyfi yudumlay\u0131n.<\/p>\n<p><strong>Ingredients:<\/strong><\/p>\n<p>\u015eeker, Ni\u015fasta, S\u00fct tozu, Do\u011fala \u00f6zde\u015f salep aromas\u0131, Salep tozu %0,01, K\u0131vam artt\u0131r\u0131c\u0131 (Ksantan gam), Tar\u00e7\u0131n<\/p>\n","protected":false},"excerpt":{"rendered":"<p><img decoding=\"async\" class=\"alignnone wp-image-766\" src=\"https:\/\/altincezvegida.com\/wp-content\/uploads\/2022\/03\/salep-fincan-2-300x224.png\" alt=\"\" width=\"189\" height=\"141\" srcset=\"https:\/\/altincezvegida.com\/wp-content\/uploads\/2022\/03\/salep-fincan-2-300x224.png 300w, https:\/\/altincezvegida.com\/wp-content\/uploads\/2022\/03\/salep-fincan-2-196x146.png 196w, https:\/\/altincezvegida.com\/wp-content\/uploads\/2022\/03\/salep-fincan-2-50x37.png 50w, https:\/\/altincezvegida.com\/wp-content\/uploads\/2022\/03\/salep-fincan-2-101x75.png 101w, https:\/\/altincezvegida.com\/wp-content\/uploads\/2022\/03\/salep-fincan-2.png 400w\" sizes=\"(max-width: 189px) 100vw, 189px\" \/><\/p>\n<p>&nbsp;<\/p>\n<p><strong>Net Weight:<\/strong> 17 Gram<\/p>\n<p><strong>Pcs Per Box:<\/strong> 6 Packs x 20 Pcs<\/p>\n","protected":false},"featured_media":957,"template":"","meta":[],"product_cat":[68],"product_tag":[],"class_list":{"0":"post-2179","1":"product","2":"type-product","3":"status-publish","4":"has-post-thumbnail","6":"product_cat-sutlu-toz-icecekler-ar","8":"first","9":"instock","10":"shipping-taxable","11":"product-type-simple"},"_links":{"self":[{"href":"https:\/\/altincezvegida.com\/ar\/wp-json\/wp\/v2\/product\/2179","targetHints":{"allow":["GET"]}}],"collection":[{"href":"https:\/\/altincezvegida.com\/ar\/wp-json\/wp\/v2\/product"}],"about":[{"href":"https:\/\/altincezvegida.com\/ar\/wp-json\/wp\/v2\/types\/product"}],"wp:featuredmedia":[{"embeddable":true,"href":"https:\/\/altincezvegida.com\/ar\/wp-json\/wp\/v2\/media\/957"}],"wp:attachment":[{"href":"https:\/\/altincezvegida.com\/ar\/wp-json\/wp\/v2\/media?parent=2179"}],"wp:term":[{"taxonomy":"product_cat","embeddable":true,"href":"https:\/\/altincezvegida.com\/ar\/wp-json\/wp\/v2\/product_cat?post=2179"},{"taxonomy":"product_tag","embeddable":true,"href":"https:\/\/altincezvegida.com\/ar\/wp-json\/wp\/v2\/product_tag?post=2179"}],"curies":[{"name":"wp","href":"https:\/\/api.w.org\/{rel}","templated":true}]}}