{"id":2177,"date":"2022-03-29T09:22:52","date_gmt":"2022-03-29T09:22:52","guid":{"rendered":"https:\/\/altincezvegida.com\/product\/sicak-cikolata-tek-kullanimlik\/"},"modified":"2022-05-27T13:44:53","modified_gmt":"2022-05-27T13:44:53","slug":"sicak-cikolata-tek-kullanimlik","status":"publish","type":"product","link":"https:\/\/altincezvegida.com\/ar\/product\/sicak-cikolata-tek-kullanimlik\/","title":{"rendered":"\u0634\u0643\u0648\u0644\u0627\u062a\u0647 \u0633\u0627\u062e\u0646\u0629 \u0643\u064a\u0633 \u0644\u062e\u062f\u0645\u0629 \u0648\u0627\u062d\u062f\u0629"},"content":{"rendered":"<p style=\"text-align: right\"><strong>\u0634\u0643\u0648\u0644\u0627\u062a\u0647 \u0633\u0627\u062e\u0646\u0629 \u0643\u064a\u0633 \u0644\u062e\u062f\u0645\u0629 \u0648\u0627\u062d\u062f\u0629<\/strong><\/p>\n<p>S\u0131cak s\u00fct veya s\u0131cak su ile haz\u0131rlayarak enfes s\u0131cak \u00e7ikolata keyfini yudumlayabilirsiniz.<\/p>\n<p>&nbsp;<\/p>\n<p><img decoding=\"async\" class=\"alignnone wp-image-772\" src=\"https:\/\/altincezvegida.com\/wp-content\/uploads\/2022\/03\/sicak-cikolata-sut-ile-hazi.png\" alt=\"\" width=\"182\" height=\"182\" srcset=\"https:\/\/altincezvegida.com\/wp-content\/uploads\/2022\/03\/sicak-cikolata-sut-ile-hazi.png 200w, https:\/\/altincezvegida.com\/wp-content\/uploads\/2022\/03\/sicak-cikolata-sut-ile-hazi-150x150.png 150w, https:\/\/altincezvegida.com\/wp-content\/uploads\/2022\/03\/sicak-cikolata-sut-ile-hazi-146x146.png 146w, https:\/\/altincezvegida.com\/wp-content\/uploads\/2022\/03\/sicak-cikolata-sut-ile-hazi-50x50.png 50w, https:\/\/altincezvegida.com\/wp-content\/uploads\/2022\/03\/sicak-cikolata-sut-ile-hazi-75x75.png 75w, https:\/\/altincezvegida.com\/wp-content\/uploads\/2022\/03\/sicak-cikolata-sut-ile-hazi-85x85.png 85w, https:\/\/altincezvegida.com\/wp-content\/uploads\/2022\/03\/sicak-cikolata-sut-ile-hazi-80x80.png 80w\" sizes=\"(max-width: 182px) 100vw, 182px\" \/><\/p>\n<p style=\"text-align: right\"><strong>:\u0637\u0631\u064a\u0642\u0629 \u0627\u0644\u062a\u062d\u0636\u064a\u0631 <\/strong><\/p>\n<ul>\n<li>Po\u015fetin tamam\u0131n\u0131 fincana bo\u015falt\u0131n\u0131z<\/li>\n<li>\u00dczerine s\u0131cak s\u00fct veya s\u0131cak su ilave ediniz<\/li>\n<li>Arzuya g\u00f6re \u015feker ilave edebilirsiniz<\/li>\n<\/ul>\n<p><img fetchpriority=\"high\" decoding=\"async\" class=\"alignnone wp-image-769\" src=\"https:\/\/altincezvegida.com\/wp-content\/uploads\/2022\/03\/sicak-cikolata-fincan-300x278.png\" alt=\"\" width=\"262\" height=\"243\" srcset=\"https:\/\/altincezvegida.com\/wp-content\/uploads\/2022\/03\/sicak-cikolata-fincan-300x278.png 300w, https:\/\/altincezvegida.com\/wp-content\/uploads\/2022\/03\/sicak-cikolata-fincan-157x146.png 157w, https:\/\/altincezvegida.com\/wp-content\/uploads\/2022\/03\/sicak-cikolata-fincan-50x46.png 50w, https:\/\/altincezvegida.com\/wp-content\/uploads\/2022\/03\/sicak-cikolata-fincan-81x75.png 81w, https:\/\/altincezvegida.com\/wp-content\/uploads\/2022\/03\/sicak-cikolata-fincan.png 329w\" sizes=\"(max-width: 262px) 100vw, 262px\" \/><\/p>\n<p>&nbsp;<\/p>\n<p>Afiyet Olsun\u2026<\/p>\n<p>&nbsp;<\/p>\n<p>Yap\u0131lmas\u0131 pratik oldu\u011fu i\u00e7in sizi yormaz. Koruyucu madde i\u00e7ermez.<\/p>\n<p>E\u015fsiz lezzeti ile keyfi yudumlay\u0131n.<\/p>\n<p style=\"text-align: right\"><strong>:<\/strong><strong>\u0627\u0644\u0645\u062d\u062a\u0648\u064a\u0627\u062a<\/strong><\/p>\n<p>\u015eeker, M\u0131s\u0131r ni\u015fastas\u0131, \u00c7ikolata tozu %35 (\u015eeker + Kakao), S\u00fct tozu %15, K\u0131vam artt\u0131r\u0131c\u0131 (Ksantan gam), Aroma vericiler, Tuz<\/p>\n","protected":false},"excerpt":{"rendered":"<p><img decoding=\"async\" class=\"alignnone wp-image-769\" src=\"https:\/\/altincezvegida.com\/wp-content\/uploads\/2022\/03\/sicak-cikolata-fincan-300x278.png\" alt=\"\" width=\"183\" height=\"170\" srcset=\"https:\/\/altincezvegida.com\/wp-content\/uploads\/2022\/03\/sicak-cikolata-fincan-300x278.png 300w, https:\/\/altincezvegida.com\/wp-content\/uploads\/2022\/03\/sicak-cikolata-fincan-157x146.png 157w, https:\/\/altincezvegida.com\/wp-content\/uploads\/2022\/03\/sicak-cikolata-fincan-50x46.png 50w, https:\/\/altincezvegida.com\/wp-content\/uploads\/2022\/03\/sicak-cikolata-fincan-81x75.png 81w, https:\/\/altincezvegida.com\/wp-content\/uploads\/2022\/03\/sicak-cikolata-fincan.png 329w\" sizes=\"(max-width: 183px) 100vw, 183px\" \/><\/p>\n<p><strong>Net Weight:<\/strong> 19 Gram<\/p>\n<p><strong>Pcs Per Box:<\/strong> 6 Packs x 20 Pcs<\/p>\n","protected":false},"featured_media":961,"template":"","meta":[],"product_cat":[68],"product_tag":[],"class_list":{"0":"post-2177","1":"product","2":"type-product","3":"status-publish","4":"has-post-thumbnail","6":"product_cat-sutlu-toz-icecekler-ar","8":"first","9":"instock","10":"shipping-taxable","11":"product-type-simple"},"_links":{"self":[{"href":"https:\/\/altincezvegida.com\/ar\/wp-json\/wp\/v2\/product\/2177","targetHints":{"allow":["GET"]}}],"collection":[{"href":"https:\/\/altincezvegida.com\/ar\/wp-json\/wp\/v2\/product"}],"about":[{"href":"https:\/\/altincezvegida.com\/ar\/wp-json\/wp\/v2\/types\/product"}],"wp:featuredmedia":[{"embeddable":true,"href":"https:\/\/altincezvegida.com\/ar\/wp-json\/wp\/v2\/media\/961"}],"wp:attachment":[{"href":"https:\/\/altincezvegida.com\/ar\/wp-json\/wp\/v2\/media?parent=2177"}],"wp:term":[{"taxonomy":"product_cat","embeddable":true,"href":"https:\/\/altincezvegida.com\/ar\/wp-json\/wp\/v2\/product_cat?post=2177"},{"taxonomy":"product_tag","embeddable":true,"href":"https:\/\/altincezvegida.com\/ar\/wp-json\/wp\/v2\/product_tag?post=2177"}],"curies":[{"name":"wp","href":"https:\/\/api.w.org\/{rel}","templated":true}]}}