{"id":2175,"date":"2022-03-29T09:05:18","date_gmt":"2022-03-29T09:05:18","guid":{"rendered":"https:\/\/altincezvegida.com\/product\/teneke-sutlu-muz\/"},"modified":"2022-05-27T13:23:25","modified_gmt":"2022-05-27T13:23:25","slug":"teneke-sutlu-muz","status":"publish","type":"product","link":"https:\/\/altincezvegida.com\/ar\/product\/teneke-sutlu-muz\/","title":{"rendered":"\u0627\u0644\u0645\u0648\u0632 \u0628\u0627\u0644\u062d\u0644\u064a\u0628 \u0641\u064a \u0627\u0644\u0639\u0644\u0628\u0629"},"content":{"rendered":"<p style=\"text-align: right\"><strong>\u0627\u0644\u0645\u0648\u0632 \u0628\u0627\u0644\u062d\u0644\u064a\u0628 \u0641\u064a \u0627\u0644\u0639\u0644\u0628\u0629<\/strong><\/p>\n<p><strong>Tavsiye edilen kullan\u0131m \u015fekli s\u0131cak su iledir.<\/strong><\/p>\n<p style=\"text-align: right\"><strong>:\u0637\u0631\u064a\u0642\u0629 \u0627\u0644\u062a\u062d\u0636\u064a\u0631 <\/strong><\/p>\n<ul>\n<li>1 \u00e7ay barda\u011f\u0131 s\u0131cak suya 2-3 \u00e7ay ka\u015f\u0131\u011f\u0131 (10gr) koyunuz<\/li>\n<li>Eriyinceye kadar kar\u0131\u015ft\u0131r\u0131n\u0131z<\/li>\n<\/ul>\n<p>&nbsp;<\/p>\n<p><img decoding=\"async\" class=\"alignnone wp-image-781\" src=\"https:\/\/altincezvegida.com\/wp-content\/uploads\/2022\/03\/sutlu-muz-bardak-1-300x300.png\" alt=\"\" width=\"205\" height=\"205\" srcset=\"https:\/\/altincezvegida.com\/wp-content\/uploads\/2022\/03\/sutlu-muz-bardak-1-300x300.png 300w, https:\/\/altincezvegida.com\/wp-content\/uploads\/2022\/03\/sutlu-muz-bardak-1-150x150.png 150w, https:\/\/altincezvegida.com\/wp-content\/uploads\/2022\/03\/sutlu-muz-bardak-1-146x146.png 146w, https:\/\/altincezvegida.com\/wp-content\/uploads\/2022\/03\/sutlu-muz-bardak-1-50x50.png 50w, https:\/\/altincezvegida.com\/wp-content\/uploads\/2022\/03\/sutlu-muz-bardak-1-75x75.png 75w, https:\/\/altincezvegida.com\/wp-content\/uploads\/2022\/03\/sutlu-muz-bardak-1-85x85.png 85w, https:\/\/altincezvegida.com\/wp-content\/uploads\/2022\/03\/sutlu-muz-bardak-1-80x80.png 80w, https:\/\/altincezvegida.com\/wp-content\/uploads\/2022\/03\/sutlu-muz-bardak-1.png 350w\" sizes=\"(max-width: 205px) 100vw, 205px\" \/><\/p>\n<p>&nbsp;<\/p>\n<p>Afiyet olsun.<\/p>\n<p>&nbsp;<\/p>\n<p>Yap\u0131lmas\u0131 pratik oldu\u011fu i\u00e7in sizi yormaz. E\u015fsiz lezzeti ile a\u011f\u0131zlarda muhte\u015fem bir tat b\u0131rak\u0131r.<\/p>\n<p>ALTINCEZVE Toz \u0130\u00e7ece\u011finizi g\u00fcn\u00fcn her saatinde keyifle yudumlayabilirsiniz.<\/p>\n<p style=\"text-align: right\"><strong>:<\/strong><strong>\u0627\u0644\u0645\u062d\u062a\u0648\u064a\u0627\u062a<\/strong><\/p>\n<p>\u015eeker, M\u0131s\u0131r ni\u015fastas\u0131,\u00a0<strong>S\u00fct tozu<\/strong>, Aroma verici (Muz), K\u0131vam art\u0131r\u0131c\u0131 (ksantan gam), L askorbik asit E300, Renklendirici (Tartrazine E102)<\/p>\n","protected":false},"excerpt":{"rendered":"<p><img decoding=\"async\" class=\"alignnone wp-image-781 alignright\" src=\"https:\/\/altincezvegida.com\/wp-content\/uploads\/2022\/03\/sutlu-muz-bardak-1-300x300.png\" alt=\"\" width=\"154\" height=\"154\" srcset=\"https:\/\/altincezvegida.com\/wp-content\/uploads\/2022\/03\/sutlu-muz-bardak-1-300x300.png 300w, https:\/\/altincezvegida.com\/wp-content\/uploads\/2022\/03\/sutlu-muz-bardak-1-150x150.png 150w, https:\/\/altincezvegida.com\/wp-content\/uploads\/2022\/03\/sutlu-muz-bardak-1-146x146.png 146w, https:\/\/altincezvegida.com\/wp-content\/uploads\/2022\/03\/sutlu-muz-bardak-1-50x50.png 50w, https:\/\/altincezvegida.com\/wp-content\/uploads\/2022\/03\/sutlu-muz-bardak-1-75x75.png 75w, https:\/\/altincezvegida.com\/wp-content\/uploads\/2022\/03\/sutlu-muz-bardak-1-85x85.png 85w, https:\/\/altincezvegida.com\/wp-content\/uploads\/2022\/03\/sutlu-muz-bardak-1-80x80.png 80w, https:\/\/altincezvegida.com\/wp-content\/uploads\/2022\/03\/sutlu-muz-bardak-1.png 350w\" sizes=\"(max-width: 154px) 100vw, 154px\" \/><\/p>\n<p>&nbsp;<\/p>\n<p>&nbsp;<\/p>\n<p>&nbsp;<\/p>\n<p>&nbsp;<\/p>\n<p>&nbsp;<\/p>\n<p style=\"text-align: right\"><strong>\u0627\u0644\u0648\u0632\u0646 \u0627\u0644\u0635\u0627\u0641\u064a:<\/strong>\u00a0 250 \u063a\u0631\u0627\u0645<\/p>\n<p style=\"text-align: right\"><strong>\u0627\u0644\u0643\u0645\u064a\u0629 \u0641\u064a \u0643\u0631\u062a\u0648\u0646:<\/strong> 12 \u0642\u0637\u0639\u0627\u062a<\/p>\n","protected":false},"featured_media":953,"template":"","meta":[],"product_cat":[68],"product_tag":[],"class_list":{"0":"post-2175","1":"product","2":"type-product","3":"status-publish","4":"has-post-thumbnail","6":"product_cat-sutlu-toz-icecekler-ar","8":"first","9":"instock","10":"shipping-taxable","11":"product-type-simple"},"_links":{"self":[{"href":"https:\/\/altincezvegida.com\/ar\/wp-json\/wp\/v2\/product\/2175","targetHints":{"allow":["GET"]}}],"collection":[{"href":"https:\/\/altincezvegida.com\/ar\/wp-json\/wp\/v2\/product"}],"about":[{"href":"https:\/\/altincezvegida.com\/ar\/wp-json\/wp\/v2\/types\/product"}],"wp:featuredmedia":[{"embeddable":true,"href":"https:\/\/altincezvegida.com\/ar\/wp-json\/wp\/v2\/media\/953"}],"wp:attachment":[{"href":"https:\/\/altincezvegida.com\/ar\/wp-json\/wp\/v2\/media?parent=2175"}],"wp:term":[{"taxonomy":"product_cat","embeddable":true,"href":"https:\/\/altincezvegida.com\/ar\/wp-json\/wp\/v2\/product_cat?post=2175"},{"taxonomy":"product_tag","embeddable":true,"href":"https:\/\/altincezvegida.com\/ar\/wp-json\/wp\/v2\/product_tag?post=2175"}],"curies":[{"name":"wp","href":"https:\/\/api.w.org\/{rel}","templated":true}]}}