{"id":2171,"date":"2022-03-29T08:11:45","date_gmt":"2022-03-29T08:11:45","guid":{"rendered":"https:\/\/altincezvegida.com\/product\/teneke-sicak-cikolata\/"},"modified":"2022-05-27T13:07:34","modified_gmt":"2022-05-27T13:07:34","slug":"teneke-sicak-cikolata","status":"publish","type":"product","link":"https:\/\/altincezvegida.com\/ar\/product\/teneke-sicak-cikolata\/","title":{"rendered":"\u0634\u0643\u0648\u0644\u0627\u062a\u0647 \u0633\u0627\u062e\u0646\u0629  \u0641\u064a \u0627\u0644\u0639\u0644\u0628\u0629"},"content":{"rendered":"<p style=\"text-align: right\"><strong>\u0634\u0643\u0648\u0644\u0627\u062a\u0647 \u0633\u0627\u062e\u0646\u0629 \u0641\u064a \u0627\u0644\u0639\u0644\u0628\u0629<\/strong><\/p>\n<p>S\u0131cak s\u00fct veya s\u0131cak su ile haz\u0131rlayabilirsiniz.<\/p>\n<p><img decoding=\"async\" class=\"alignnone size-full wp-image-772\" src=\"https:\/\/altincezvegida.com\/wp-content\/uploads\/2022\/03\/sicak-cikolata-sut-ile-hazi.png\" alt=\"\" width=\"200\" height=\"200\" srcset=\"https:\/\/altincezvegida.com\/wp-content\/uploads\/2022\/03\/sicak-cikolata-sut-ile-hazi.png 200w, https:\/\/altincezvegida.com\/wp-content\/uploads\/2022\/03\/sicak-cikolata-sut-ile-hazi-150x150.png 150w, https:\/\/altincezvegida.com\/wp-content\/uploads\/2022\/03\/sicak-cikolata-sut-ile-hazi-146x146.png 146w, https:\/\/altincezvegida.com\/wp-content\/uploads\/2022\/03\/sicak-cikolata-sut-ile-hazi-50x50.png 50w, https:\/\/altincezvegida.com\/wp-content\/uploads\/2022\/03\/sicak-cikolata-sut-ile-hazi-75x75.png 75w, https:\/\/altincezvegida.com\/wp-content\/uploads\/2022\/03\/sicak-cikolata-sut-ile-hazi-85x85.png 85w, https:\/\/altincezvegida.com\/wp-content\/uploads\/2022\/03\/sicak-cikolata-sut-ile-hazi-80x80.png 80w\" sizes=\"(max-width: 200px) 100vw, 200px\" \/><\/p>\n<p>&nbsp;<\/p>\n<p>&nbsp;<\/p>\n<p style=\"text-align: right\"><strong>:\u0637\u0631\u064a\u0642\u0629 \u0627\u0644\u062a\u062d\u0636\u064a\u0631 <\/strong><\/p>\n<ul>\n<li>Fincana iki tatl\u0131 ka\u015f\u0131\u011f\u0131\u00a0<b>Alt\u0131ncezve S\u0131cak \u00c7ikolata\u00a0<\/b>koyunuz<\/li>\n<li>Bir su barda\u011f\u0131 i\u00e7in tavsiye edilen \u00f6l\u00e7ek 19 gramd\u0131r<\/li>\n<li>\u00dczerine s\u0131cak s\u00fct veya s\u0131cak su ilave ediniz<\/li>\n<li>Arzuya g\u00f6re \u015feker ilave ederek kar\u0131\u015ft\u0131r\u0131n\u0131z<\/li>\n<\/ul>\n<p><img fetchpriority=\"high\" decoding=\"async\" class=\"alignnone wp-image-769\" src=\"https:\/\/altincezvegida.com\/wp-content\/uploads\/2022\/03\/sicak-cikolata-fincan-300x278.png\" alt=\"\" width=\"259\" height=\"240\" srcset=\"https:\/\/altincezvegida.com\/wp-content\/uploads\/2022\/03\/sicak-cikolata-fincan-300x278.png 300w, https:\/\/altincezvegida.com\/wp-content\/uploads\/2022\/03\/sicak-cikolata-fincan-157x146.png 157w, https:\/\/altincezvegida.com\/wp-content\/uploads\/2022\/03\/sicak-cikolata-fincan-50x46.png 50w, https:\/\/altincezvegida.com\/wp-content\/uploads\/2022\/03\/sicak-cikolata-fincan-81x75.png 81w, https:\/\/altincezvegida.com\/wp-content\/uploads\/2022\/03\/sicak-cikolata-fincan.png 329w\" sizes=\"(max-width: 259px) 100vw, 259px\" \/><\/p>\n<p>&nbsp;<\/p>\n<p>Afiyet olsun\u2026<\/p>\n<p>&nbsp;<\/p>\n<p>Yap\u0131lmas\u0131 pratik oldu\u011fu i\u00e7in sizi yormaz. Koruyucu madde i\u00e7ermez.<\/p>\n<p>E\u015fsiz lezzeti ile keyfi yudumlay\u0131n.<\/p>\n<p style=\"text-align: right\"><strong>:<\/strong><strong>\u0627\u0644\u0645\u062d\u062a\u0648\u064a\u0627\u062a<\/strong><\/p>\n<p>\u015eeker, M\u0131s\u0131r ni\u015fastas\u0131, \u00c7ikolata tozu %35 (\u015eeker + Kakao), S\u00fct tozu %15, K\u0131vam art\u0131r\u0131c\u0131 (Ksantan gam), Aroma vericiler, Tuz<\/p>\n","protected":false},"excerpt":{"rendered":"<p><img decoding=\"async\" class=\"alignnone wp-image-769 alignright\" src=\"https:\/\/altincezvegida.com\/wp-content\/uploads\/2022\/03\/sicak-cikolata-fincan-300x278.png\" alt=\"\" width=\"187\" height=\"173\" srcset=\"https:\/\/altincezvegida.com\/wp-content\/uploads\/2022\/03\/sicak-cikolata-fincan-300x278.png 300w, https:\/\/altincezvegida.com\/wp-content\/uploads\/2022\/03\/sicak-cikolata-fincan-157x146.png 157w, https:\/\/altincezvegida.com\/wp-content\/uploads\/2022\/03\/sicak-cikolata-fincan-50x46.png 50w, https:\/\/altincezvegida.com\/wp-content\/uploads\/2022\/03\/sicak-cikolata-fincan-81x75.png 81w, https:\/\/altincezvegida.com\/wp-content\/uploads\/2022\/03\/sicak-cikolata-fincan.png 329w\" sizes=\"(max-width: 187px) 100vw, 187px\" \/><\/p>\n<p>&nbsp;<\/p>\n<p>&nbsp;<\/p>\n<p>&nbsp;<\/p>\n<p>&nbsp;<\/p>\n<p>&nbsp;<\/p>\n<p style=\"text-align: right\"><strong>\u0627\u0644\u0648\u0632\u0646 \u0627\u0644\u0635\u0627\u0641\u064a:<\/strong>\u00a0 250 \u063a\u0631\u0627\u0645<\/p>\n<p style=\"text-align: right\"><strong>\u0627\u0644\u0643\u0645\u064a\u0629 \u0641\u064a \u0643\u0631\u062a\u0648\u0646:<\/strong> 12 \u0642\u0637\u0639\u0627\u062a<\/p>\n","protected":false},"featured_media":944,"template":"","meta":[],"product_cat":[68],"product_tag":[],"class_list":{"0":"post-2171","1":"product","2":"type-product","3":"status-publish","4":"has-post-thumbnail","6":"product_cat-sutlu-toz-icecekler-ar","8":"first","9":"instock","10":"shipping-taxable","11":"product-type-simple"},"_links":{"self":[{"href":"https:\/\/altincezvegida.com\/ar\/wp-json\/wp\/v2\/product\/2171","targetHints":{"allow":["GET"]}}],"collection":[{"href":"https:\/\/altincezvegida.com\/ar\/wp-json\/wp\/v2\/product"}],"about":[{"href":"https:\/\/altincezvegida.com\/ar\/wp-json\/wp\/v2\/types\/product"}],"wp:featuredmedia":[{"embeddable":true,"href":"https:\/\/altincezvegida.com\/ar\/wp-json\/wp\/v2\/media\/944"}],"wp:attachment":[{"href":"https:\/\/altincezvegida.com\/ar\/wp-json\/wp\/v2\/media?parent=2171"}],"wp:term":[{"taxonomy":"product_cat","embeddable":true,"href":"https:\/\/altincezvegida.com\/ar\/wp-json\/wp\/v2\/product_cat?post=2171"},{"taxonomy":"product_tag","embeddable":true,"href":"https:\/\/altincezvegida.com\/ar\/wp-json\/wp\/v2\/product_tag?post=2171"}],"curies":[{"name":"wp","href":"https:\/\/api.w.org\/{rel}","templated":true}]}}