{"id":2167,"date":"2022-03-29T07:13:38","date_gmt":"2022-03-29T07:13:38","guid":{"rendered":"https:\/\/altincezvegida.com\/product\/sutlu-kakao\/"},"modified":"2022-05-27T12:49:14","modified_gmt":"2022-05-27T12:49:14","slug":"sutlu-kakao","status":"publish","type":"product","link":"https:\/\/altincezvegida.com\/ar\/product\/sutlu-kakao\/","title":{"rendered":"\u0645\u0634\u0631\u0648\u0628 \u0627\u0644\u0628\u0648\u062f\u0631\u0629 \u0643\u0627\u0643\u0627\u0648 \u0628\u0627\u0644\u062d\u0644\u064a\u0628"},"content":{"rendered":"<p style=\"text-align: right\"><strong>\u0645\u0634\u0631\u0648\u0628 \u0627\u0644\u0628\u0648\u062f\u0631\u0629 \u0643\u0627\u0643\u0627\u0648 \u0628\u0627\u0644\u062d\u0644\u064a\u0628<\/strong><\/p>\n<p><strong>S\u0131cak s\u00fct veya s\u0131cak su ile haz\u0131rlayabilirsiniz.<\/strong><\/p>\n<p style=\"text-align: right\"><strong>:\u0637\u0631\u064a\u0642\u0629 \u0627\u0644\u062a\u062d\u0636\u064a\u0631 <\/strong><\/p>\n<ul>\n<li>Fincana iki tatl\u0131 ka\u015f\u0131\u011f\u0131\u00a0<b>Alt\u0131ncezve Kakao\u00a0<\/b>koyunuz<\/li>\n<li>\u00dczerine s\u0131cak s\u00fct veya s\u0131cak su ilave ediniz<\/li>\n<li>Arzuya g\u00f6re \u015feker ilave ederek kar\u0131\u015ft\u0131r\u0131n\u0131z<\/li>\n<\/ul>\n<p><img fetchpriority=\"high\" decoding=\"async\" class=\"alignnone wp-image-769\" src=\"https:\/\/altincezvegida.com\/wp-content\/uploads\/2022\/03\/sicak-cikolata-fincan-300x278.png\" alt=\"\" width=\"257\" height=\"238\" srcset=\"https:\/\/altincezvegida.com\/wp-content\/uploads\/2022\/03\/sicak-cikolata-fincan-300x278.png 300w, https:\/\/altincezvegida.com\/wp-content\/uploads\/2022\/03\/sicak-cikolata-fincan-157x146.png 157w, https:\/\/altincezvegida.com\/wp-content\/uploads\/2022\/03\/sicak-cikolata-fincan-50x46.png 50w, https:\/\/altincezvegida.com\/wp-content\/uploads\/2022\/03\/sicak-cikolata-fincan-81x75.png 81w, https:\/\/altincezvegida.com\/wp-content\/uploads\/2022\/03\/sicak-cikolata-fincan.png 329w\" sizes=\"(max-width: 257px) 100vw, 257px\" \/><\/p>\n<p>&nbsp;<\/p>\n<p>Afiyet olsun\u2026<\/p>\n<p>&nbsp;<\/p>\n<p style=\"text-align: right\"><strong>:<\/strong><strong>\u0627\u0644\u0645\u062d\u062a\u0648\u064a\u0627\u062a<\/strong><\/p>\n<p>\u015eeker, M\u0131s\u0131r ni\u015fastas\u0131, Kakao %18, S\u00fct tozu %14, K\u0131vam art\u0131r\u0131c\u0131 (Ksantan gam), Aroma vericiler (Vanilya, \u00c7ikolata), Sodyum bikarbonat (E500)<\/p>\n","protected":false},"excerpt":{"rendered":"<p><img decoding=\"async\" class=\"alignnone wp-image-769 alignright\" src=\"https:\/\/altincezvegida.com\/wp-content\/uploads\/2022\/03\/sicak-cikolata-fincan-300x278.png\" alt=\"\" width=\"172\" height=\"159\" srcset=\"https:\/\/altincezvegida.com\/wp-content\/uploads\/2022\/03\/sicak-cikolata-fincan-300x278.png 300w, https:\/\/altincezvegida.com\/wp-content\/uploads\/2022\/03\/sicak-cikolata-fincan-157x146.png 157w, https:\/\/altincezvegida.com\/wp-content\/uploads\/2022\/03\/sicak-cikolata-fincan-50x46.png 50w, https:\/\/altincezvegida.com\/wp-content\/uploads\/2022\/03\/sicak-cikolata-fincan-81x75.png 81w, https:\/\/altincezvegida.com\/wp-content\/uploads\/2022\/03\/sicak-cikolata-fincan.png 329w\" sizes=\"(max-width: 172px) 100vw, 172px\" \/><\/p>\n<p>&nbsp;<\/p>\n<p>&nbsp;<\/p>\n<p>&nbsp;<\/p>\n<p>&nbsp;<\/p>\n<p>&nbsp;<\/p>\n<p style=\"text-align: right\"><strong>\u0627\u0644\u0648\u0632\u0646 \u0627\u0644\u0635\u0627\u0641\u064a:<\/strong>\u00a0 250 \u063a\u0631\u0627\u0645 &#8211; 400 \u063a\u0631\u0627\u0645<\/p>\n<p style=\"text-align: right\"><strong>\u0627\u0644\u0643\u0645\u064a\u0629 \u0641\u064a \u0643\u0631\u062a\u0648\u0646:<\/strong> 20 \u0642\u0637\u0639\u0627\u062a<\/p>\n","protected":false},"featured_media":936,"template":"","meta":[],"product_cat":[68],"product_tag":[],"class_list":{"0":"post-2167","1":"product","2":"type-product","3":"status-publish","4":"has-post-thumbnail","6":"product_cat-sutlu-toz-icecekler-ar","8":"first","9":"instock","10":"shipping-taxable","11":"product-type-simple"},"_links":{"self":[{"href":"https:\/\/altincezvegida.com\/ar\/wp-json\/wp\/v2\/product\/2167","targetHints":{"allow":["GET"]}}],"collection":[{"href":"https:\/\/altincezvegida.com\/ar\/wp-json\/wp\/v2\/product"}],"about":[{"href":"https:\/\/altincezvegida.com\/ar\/wp-json\/wp\/v2\/types\/product"}],"wp:featuredmedia":[{"embeddable":true,"href":"https:\/\/altincezvegida.com\/ar\/wp-json\/wp\/v2\/media\/936"}],"wp:attachment":[{"href":"https:\/\/altincezvegida.com\/ar\/wp-json\/wp\/v2\/media?parent=2167"}],"wp:term":[{"taxonomy":"product_cat","embeddable":true,"href":"https:\/\/altincezvegida.com\/ar\/wp-json\/wp\/v2\/product_cat?post=2167"},{"taxonomy":"product_tag","embeddable":true,"href":"https:\/\/altincezvegida.com\/ar\/wp-json\/wp\/v2\/product_tag?post=2167"}],"curies":[{"name":"wp","href":"https:\/\/api.w.org\/{rel}","templated":true}]}}