{"id":2126,"date":"2022-03-29T06:47:28","date_gmt":"2022-03-29T06:47:28","guid":{"rendered":"https:\/\/altincezvegida.com\/product\/kavanoz-kusburnu-granul\/"},"modified":"2022-05-25T13:47:47","modified_gmt":"2022-05-25T13:47:47","slug":"kavanoz-kusburnu-granul","status":"publish","type":"product","link":"https:\/\/altincezvegida.com\/ar\/product\/kavanoz-kusburnu-granul\/","title":{"rendered":"\u0645\u0634\u0631\u0648\u0628 \u0627\u0644\u062d\u0628\u064a\u0628\u064a\u0629 \u0641\u064a \u0627\u0644\u0645\u0631\u0637\u0628\u0627\u0646 \u0628\u0646\u0643\u0647\u0629 \u0627\u0644\u062b\u0645\u0631 \u0627\u0644\u0648\u0631\u062f"},"content":{"rendered":"<p style=\"text-align: right\"><strong>\u0645\u0634\u0631\u0648\u0628 \u0627\u0644\u062d\u0628\u064a\u0628\u064a\u0629 \u0641\u064a \u0627\u0644\u0645\u0631\u0637\u0628\u0627\u0646 \u0628\u0646\u0643\u0647\u0629 \u0627\u0644\u062b\u0645\u0631 \u0627\u0644\u0648\u0631\u062f<\/strong><\/p>\n<p>Tavsiye edilen kullan\u0131m \u015fekli s\u0131cak su iledir.<\/p>\n<p style=\"text-align: right\"><strong>:\u0637\u0631\u064a\u0642\u0629 \u0627\u0644\u062a\u062d\u0636\u064a\u0631<\/strong><\/p>\n<p><strong>S\u0131cak i\u00e7mek i\u00e7in;<\/strong><\/p>\n<p>1 \u00e7ay barda\u011f\u0131 s\u0131cak suya 2-3 \u00e7ay ka\u015f\u0131\u011f\u0131 (10gr) Alt\u0131ncezve Gran\u00fcl Ku\u015fburnu aromal\u0131 i\u00e7ecek tozu d\u00f6kerek eriyinceye kadar kar\u0131\u015ft\u0131r\u0131p servis yap\u0131n\u0131z.<\/p>\n<p><strong>So\u011fuk i\u00e7mek i\u00e7in;<\/strong><\/p>\n<p>1 su barda\u011f\u0131 suya 1 \u00e7orba ka\u015f\u0131\u011f\u0131 (25gr) Alt\u0131ncezve Gran\u00fcl Ku\u015fburnu aromal\u0131 i\u00e7ecek tozu d\u00f6kerek eriyinceye kadar kar\u0131\u015ft\u0131r\u0131p servis yap\u0131n\u0131z.<\/p>\n<p><img decoding=\"async\" class=\"alignnone size-full wp-image-748\" src=\"https:\/\/altincezvegida.com\/wp-content\/uploads\/2022\/03\/kusburnu-bardak-gorseli-1.png\" alt=\"\" width=\"172\" height=\"180\" srcset=\"https:\/\/altincezvegida.com\/wp-content\/uploads\/2022\/03\/kusburnu-bardak-gorseli-1.png 172w, https:\/\/altincezvegida.com\/wp-content\/uploads\/2022\/03\/kusburnu-bardak-gorseli-1-140x146.png 140w, https:\/\/altincezvegida.com\/wp-content\/uploads\/2022\/03\/kusburnu-bardak-gorseli-1-48x50.png 48w, https:\/\/altincezvegida.com\/wp-content\/uploads\/2022\/03\/kusburnu-bardak-gorseli-1-72x75.png 72w\" sizes=\"(max-width: 172px) 100vw, 172px\" \/><\/p>\n<p>&nbsp;<\/p>\n<p>Afiyet Olsun\u2026<\/p>\n<p>Yap\u0131lmas\u0131 pratik oldu\u011fu i\u00e7in sizi yormaz. E\u015fsiz lezzeti ile a\u011f\u0131zlarda muhte\u015fem bir tat b\u0131rak\u0131r.<\/p>\n<p>ALTINCEZVE Toz \u0130\u00e7ece\u011finizi ister so\u011fuk ister s\u0131cak g\u00fcn\u00fcn her saatinde keyifle yudumlayabilirsiniz.<\/p>\n<p style=\"text-align: right\"><strong>:<\/strong><strong>\u0627\u0644\u0645\u062d\u062a\u0648\u064a\u0627\u062a<\/strong><\/p>\n<p>\u015eeker, Asitlik D\u00fczenleyici (Sitrik Asit E330), Topaklanmay\u0131 \u00d6nleyici (Trikalsiyum Fosfat E341), Aroma Verici (Ku\u015fburnu), L Askorbik Asit E300, Renklendirici (Green E142, Karmosin E122)<\/p>\n","protected":false},"excerpt":{"rendered":"<p><img decoding=\"async\" class=\"alignnone wp-image-748 alignright\" src=\"https:\/\/altincezvegida.com\/wp-content\/uploads\/2022\/03\/kusburnu-bardak-gorseli-1.png\" alt=\"\" width=\"148\" height=\"155\" srcset=\"https:\/\/altincezvegida.com\/wp-content\/uploads\/2022\/03\/kusburnu-bardak-gorseli-1.png 172w, https:\/\/altincezvegida.com\/wp-content\/uploads\/2022\/03\/kusburnu-bardak-gorseli-1-140x146.png 140w, https:\/\/altincezvegida.com\/wp-content\/uploads\/2022\/03\/kusburnu-bardak-gorseli-1-48x50.png 48w, https:\/\/altincezvegida.com\/wp-content\/uploads\/2022\/03\/kusburnu-bardak-gorseli-1-72x75.png 72w\" sizes=\"(max-width: 148px) 100vw, 148px\" \/><\/p>\n<p>&nbsp;<\/p>\n<p>&nbsp;<\/p>\n<p>&nbsp;<\/p>\n<p>&nbsp;<\/p>\n<p>&nbsp;<\/p>\n<p style=\"text-align: right\">\u00a0<strong>\u0627\u0644\u0648\u0632\u0646 \u0627\u0644\u0635\u0627\u0641\u064a:<\/strong> 300 \u063a\u0631\u0627\u0645 \u0641\u064a \u0642\u0637\u0639\u0629<\/p>\n<p style=\"text-align: right\"><strong>\u0627\u0644\u0643\u0645\u064a\u0629 \u0641\u064a \u0643\u0631\u062a\u0648\u0646:<\/strong> 20 \u0642\u0637\u0639\u0627\u062a<\/p>\n","protected":false},"featured_media":928,"template":"","meta":[],"product_cat":[64],"product_tag":[],"class_list":{"0":"post-2126","1":"product","2":"type-product","3":"status-publish","4":"has-post-thumbnail","6":"product_cat-aromali-toz-icecekler-ar","8":"first","9":"instock","10":"shipping-taxable","11":"product-type-simple"},"_links":{"self":[{"href":"https:\/\/altincezvegida.com\/ar\/wp-json\/wp\/v2\/product\/2126","targetHints":{"allow":["GET"]}}],"collection":[{"href":"https:\/\/altincezvegida.com\/ar\/wp-json\/wp\/v2\/product"}],"about":[{"href":"https:\/\/altincezvegida.com\/ar\/wp-json\/wp\/v2\/types\/product"}],"wp:featuredmedia":[{"embeddable":true,"href":"https:\/\/altincezvegida.com\/ar\/wp-json\/wp\/v2\/media\/928"}],"wp:attachment":[{"href":"https:\/\/altincezvegida.com\/ar\/wp-json\/wp\/v2\/media?parent=2126"}],"wp:term":[{"taxonomy":"product_cat","embeddable":true,"href":"https:\/\/altincezvegida.com\/ar\/wp-json\/wp\/v2\/product_cat?post=2126"},{"taxonomy":"product_tag","embeddable":true,"href":"https:\/\/altincezvegida.com\/ar\/wp-json\/wp\/v2\/product_tag?post=2126"}],"curies":[{"name":"wp","href":"https:\/\/api.w.org\/{rel}","templated":true}]}}